{"id":306078,"date":"2023-10-29T20:05:35","date_gmt":"2023-10-29T20:05:35","guid":{"rendered":"https:\/\/poccky.com\/?post_type=product&#038;p=306078"},"modified":"2023-10-29T20:05:47","modified_gmt":"2023-10-29T20:05:47","slug":"ilona-4","status":"publish","type":"product","link":"https:\/\/poccky.com\/index.php\/product\/ilona-4\/","title":{"rendered":"Ilona"},"content":{"rendered":"","protected":false},"excerpt":{"rendered":"<p>Hello<\/p>\n<p>My name is Ilona. I am French model and a high-class companion.<\/p>\n<p>I am a beautiful. sensual. elegant woman. perfect for demanding gentlemen.<\/p>\n<p>I love taking care of myself. my body is 100% natural. with pretty curves and satiny skin.<\/p>\n<p>A true courtesan. I know exactly what men love. and I will offer you an exeptional experience. of which you have always dream.<br \/>\nYou will never feel with me as with a &#8220;professional&#8221;. I do not make chained meeting. I prefer to focus on you. to listen to you. to take my time and to fill you with pleasure.<\/p>\n<p>Cultivated and intelligent. with a great sense of humor. I will be able to accompany you for any event such as a dinner. a weekend or holidays. My vestimainterse outfits are stylish. chic. without any vulgarity<\/p>\n<p>What I can bring you has no price. you will discover what it is a real meeting.<\/p>\n<p>Bonjour<\/p>\n<p>Je m&#8217;appelle Ilona. Je suis une ex-mannequin Fran\u00e7aise et une accompagnatrice Haute de Gamme.<\/p>\n<p>Je suis une femme revissante. raffin\u00e9e. sensuelle. toujours elegante. avec beaucoup d&#8217;allure et de distinction. parfaite pour gentlemen exigeants.<\/p>\n<p>J&#8217;aime prendre soin de moi. mon corps est 100% naturel. avec des jolies courbes et la peau satin\u00e9e.<\/p>\n<p>Une vraie courtisane dans l&#8217;ame. je sais exactement ce que les hommes aiment. et je vous offrirai une exp\u00e9rience exeptionnelle. dont vous avez toujours recherch\u00e9.<\/p>\n<p>Vous ne vous sentirez jamais avec moi comme avec une &#8220;professionnelle&#8221;. je ne fais pas des rencontres enchain\u00e9es. Je pr\u00e9f\u00e8re me concentrer sur vous. etre \u00e0 votre \u00e9coute. prendre mon temps et vous combler de plaisir.<\/p>\n<p>Cultiv\u00e9e et intelligente. avec un grand sense de l&#8217;humour. je saurai vous accompagner pour tout \u00e9v\u00e9nement que ce soit un diner. un Week End ou les vacances. Mes tenues vestimainterse sont \u00e9l\u00e9gants. chics. sans aucune vulgarit\u00e9<\/p>\n<p>Ce que je peux vous apporter n&#8217;a pas de prix. vous decouvrirez ce que c&#8217;est une v\u00e9ritable rencontre. My details Below mentioned<\/p>\n<p>                Nationality:<br \/>\n                French <\/p>\n<p>                Languages:<br \/>\n                English. French<\/p>\n<p>                Age:<br \/>\n                28<\/p>\n<p>                Height:<br \/>\n                166<\/p>\n<p>                Weight:<br \/>\n                52<\/p>\n<p>                Hair:<br \/>\n                blond<\/p>\n<p>                Eyes:<br \/>\n                GREEN<\/p>\n<p>                Measurements:<br \/>\n                89-63-90<\/p>\n","protected":false},"featured_media":168646,"comment_status":"open","ping_status":"closed","template":"","meta":{"site-sidebar-layout":"default","site-content-layout":"","ast-site-content-layout":"","site-content-style":"default","site-sidebar-style":"default","ast-global-header-display":"","ast-banner-title-visibility":"","ast-main-header-display":"","ast-hfb-above-header-display":"","ast-hfb-below-header-display":"","ast-hfb-mobile-header-display":"","site-post-title":"","ast-breadcrumbs-content":"","ast-featured-img":"","footer-sml-layout":"","theme-transparent-header-meta":"","adv-header-id-meta":"","stick-header-meta":"","header-above-stick-meta":"","header-main-stick-meta":"","header-below-stick-meta":"","astra-migrate-meta-layouts":"default","ast-page-background-enabled":"default","ast-page-background-meta":{"desktop":{"background-color":"var(--ast-global-color-4)","background-image":"","background-repeat":"repeat","background-position":"center center","background-size":"auto","background-attachment":"scroll","background-type":"","background-media":"","overlay-type":"","overlay-color":"","overlay-opacity":"","overlay-gradient":""},"tablet":{"background-color":"","background-image":"","background-repeat":"repeat","background-position":"center center","background-size":"auto","background-attachment":"scroll","background-type":"","background-media":"","overlay-type":"","overlay-color":"","overlay-opacity":"","overlay-gradient":""},"mobile":{"background-color":"","background-image":"","background-repeat":"repeat","background-position":"center center","background-size":"auto","background-attachment":"scroll","background-type":"","background-media":"","overlay-type":"","overlay-color":"","overlay-opacity":"","overlay-gradient":""}},"ast-content-background-meta":{"desktop":{"background-color":"var(--ast-global-color-5)","background-image":"","background-repeat":"repeat","background-position":"center center","background-size":"auto","background-attachment":"scroll","background-type":"","background-media":"","overlay-type":"","overlay-color":"","overlay-opacity":"","overlay-gradient":""},"tablet":{"background-color":"var(--ast-global-color-5)","background-image":"","background-repeat":"repeat","background-position":"center center","background-size":"auto","background-attachment":"scroll","background-type":"","background-media":"","overlay-type":"","overlay-color":"","overlay-opacity":"","overlay-gradient":""},"mobile":{"background-color":"var(--ast-global-color-5)","background-image":"","background-repeat":"repeat","background-position":"center center","background-size":"auto","background-attachment":"scroll","background-type":"","background-media":"","overlay-type":"","overlay-color":"","overlay-opacity":"","overlay-gradient":""}}},"product_brand":[],"product_cat":[1026,188,1124],"product_tag":[],"class_list":{"0":"post-306078","1":"product","2":"type-product","3":"status-publish","4":"has-post-thumbnail","6":"product_cat-china","7":"product_cat-freelancer","8":"product_cat-hongkong","9":"desktop-align-left","10":"tablet-align-left","11":"mobile-align-left","13":"first","14":"instock","15":"shipping-taxable","16":"product-type-simple"},"_links":{"self":[{"href":"https:\/\/poccky.com\/index.php\/wp-json\/wp\/v2\/product\/306078","targetHints":{"allow":["GET"]}}],"collection":[{"href":"https:\/\/poccky.com\/index.php\/wp-json\/wp\/v2\/product"}],"about":[{"href":"https:\/\/poccky.com\/index.php\/wp-json\/wp\/v2\/types\/product"}],"replies":[{"embeddable":true,"href":"https:\/\/poccky.com\/index.php\/wp-json\/wp\/v2\/comments?post=306078"}],"wp:featuredmedia":[{"embeddable":true,"href":"https:\/\/poccky.com\/index.php\/wp-json\/wp\/v2\/media\/168646"}],"wp:attachment":[{"href":"https:\/\/poccky.com\/index.php\/wp-json\/wp\/v2\/media?parent=306078"}],"wp:term":[{"taxonomy":"product_brand","embeddable":true,"href":"https:\/\/poccky.com\/index.php\/wp-json\/wp\/v2\/product_brand?post=306078"},{"taxonomy":"product_cat","embeddable":true,"href":"https:\/\/poccky.com\/index.php\/wp-json\/wp\/v2\/product_cat?post=306078"},{"taxonomy":"product_tag","embeddable":true,"href":"https:\/\/poccky.com\/index.php\/wp-json\/wp\/v2\/product_tag?post=306078"}],"curies":[{"name":"wp","href":"https:\/\/api.w.org\/{rel}","templated":true}]}}