{"id":305597,"date":"2023-10-29T19:45:31","date_gmt":"2023-10-29T19:45:31","guid":{"rendered":"https:\/\/poccky.com\/?post_type=product&#038;p=305597"},"modified":"2023-10-29T19:45:47","modified_gmt":"2023-10-29T19:45:47","slug":"polina-26","status":"publish","type":"product","link":"https:\/\/poccky.com\/index.php\/product\/polina-26\/","title":{"rendered":"Polina"},"content":{"rendered":"","protected":false},"excerpt":{"rendered":"<p>Chers messieurs<\/p>\n<p>je suis naturelle. douce et agreable. Avec moi vous vous sentirez comme avec votre petite amie<br \/>\nLes photos sont reelles et v\u00e9rifi\u00e9es \u00e0 100%<\/p>\n<p>Je parle aussi bien fran\u00e7ais qu&#8217;anglais. bien cultiv\u00e9e on pourra aborder n&#8217;importe quel sujet lors d&#8217;un diner ou sortie<\/p>\n<p>Je vous offrirai la meilleure aventure dont vous pouvez r\u00eaver avec votre petite amie et je vous charmerai avec d\u2019intelligentes et chaleureuses conversations. pour vous laisser totalement relax\u00e9 et combl\u00e9<\/p>\n<p>Dear sirs<\/p>\n<p>I am natural. sweet and agreeable. With me you will feel like with your girlfriend<\/p>\n<p>The pictures are real 100%<\/p>\n<p>I speak both French and English. well cultivated we can evoke any conversation during a dinner or an outing<\/p>\n<p>I will offer you the best adventure you can dream with your girlfriend and I will charm you with smart and warm conversations. to leave you totally relaxed My details Below mentioned<\/p>\n<p>                Nationality:<br \/>\n                French <\/p>\n<p>                Languages:<br \/>\n                English. French<\/p>\n<p>                Age:<br \/>\n                29<\/p>\n<p>                Height:<br \/>\n                167<\/p>\n<p>                Weight:<br \/>\n                54<\/p>\n<p>                Hair:<br \/>\n                blond<\/p>\n<p>                Eyes:<br \/>\n                green<\/p>\n<p>                Measurements:<br \/>\n                89-64-90Companionship rates:<\/p>\n<p>                  1 hour rate<br \/>\n                  400 USD<\/p>\n<p>                  2 hours rate<br \/>\n                  700 USD<\/p>\n<p>                  full night rate<br \/>\n                  2000 USD<\/p>\n","protected":false},"featured_media":0,"comment_status":"open","ping_status":"closed","template":"","meta":{"site-sidebar-layout":"default","site-content-layout":"","ast-site-content-layout":"","site-content-style":"default","site-sidebar-style":"default","ast-global-header-display":"","ast-banner-title-visibility":"","ast-main-header-display":"","ast-hfb-above-header-display":"","ast-hfb-below-header-display":"","ast-hfb-mobile-header-display":"","site-post-title":"","ast-breadcrumbs-content":"","ast-featured-img":"","footer-sml-layout":"","theme-transparent-header-meta":"","adv-header-id-meta":"","stick-header-meta":"","header-above-stick-meta":"","header-main-stick-meta":"","header-below-stick-meta":"","astra-migrate-meta-layouts":"default","ast-page-background-enabled":"default","ast-page-background-meta":{"desktop":{"background-color":"var(--ast-global-color-4)","background-image":"","background-repeat":"repeat","background-position":"center center","background-size":"auto","background-attachment":"scroll","background-type":"","background-media":"","overlay-type":"","overlay-color":"","overlay-opacity":"","overlay-gradient":""},"tablet":{"background-color":"","background-image":"","background-repeat":"repeat","background-position":"center center","background-size":"auto","background-attachment":"scroll","background-type":"","background-media":"","overlay-type":"","overlay-color":"","overlay-opacity":"","overlay-gradient":""},"mobile":{"background-color":"","background-image":"","background-repeat":"repeat","background-position":"center center","background-size":"auto","background-attachment":"scroll","background-type":"","background-media":"","overlay-type":"","overlay-color":"","overlay-opacity":"","overlay-gradient":""}},"ast-content-background-meta":{"desktop":{"background-color":"var(--ast-global-color-5)","background-image":"","background-repeat":"repeat","background-position":"center center","background-size":"auto","background-attachment":"scroll","background-type":"","background-media":"","overlay-type":"","overlay-color":"","overlay-opacity":"","overlay-gradient":""},"tablet":{"background-color":"var(--ast-global-color-5)","background-image":"","background-repeat":"repeat","background-position":"center center","background-size":"auto","background-attachment":"scroll","background-type":"","background-media":"","overlay-type":"","overlay-color":"","overlay-opacity":"","overlay-gradient":""},"mobile":{"background-color":"var(--ast-global-color-5)","background-image":"","background-repeat":"repeat","background-position":"center center","background-size":"auto","background-attachment":"scroll","background-type":"","background-media":"","overlay-type":"","overlay-color":"","overlay-opacity":"","overlay-gradient":""}}},"product_brand":[],"product_cat":[1026,188,1124],"product_tag":[],"class_list":{"0":"post-305597","1":"product","2":"type-product","3":"status-publish","5":"product_cat-china","6":"product_cat-freelancer","7":"product_cat-hongkong","8":"desktop-align-left","9":"tablet-align-left","10":"mobile-align-left","12":"first","13":"instock","14":"shipping-taxable","15":"product-type-simple"},"_links":{"self":[{"href":"https:\/\/poccky.com\/index.php\/wp-json\/wp\/v2\/product\/305597","targetHints":{"allow":["GET"]}}],"collection":[{"href":"https:\/\/poccky.com\/index.php\/wp-json\/wp\/v2\/product"}],"about":[{"href":"https:\/\/poccky.com\/index.php\/wp-json\/wp\/v2\/types\/product"}],"replies":[{"embeddable":true,"href":"https:\/\/poccky.com\/index.php\/wp-json\/wp\/v2\/comments?post=305597"}],"wp:attachment":[{"href":"https:\/\/poccky.com\/index.php\/wp-json\/wp\/v2\/media?parent=305597"}],"wp:term":[{"taxonomy":"product_brand","embeddable":true,"href":"https:\/\/poccky.com\/index.php\/wp-json\/wp\/v2\/product_brand?post=305597"},{"taxonomy":"product_cat","embeddable":true,"href":"https:\/\/poccky.com\/index.php\/wp-json\/wp\/v2\/product_cat?post=305597"},{"taxonomy":"product_tag","embeddable":true,"href":"https:\/\/poccky.com\/index.php\/wp-json\/wp\/v2\/product_tag?post=305597"}],"curies":[{"name":"wp","href":"https:\/\/api.w.org\/{rel}","templated":true}]}}