{"id":304837,"date":"2023-10-29T19:13:17","date_gmt":"2023-10-29T19:13:17","guid":{"rendered":"https:\/\/poccky.com\/?post_type=product&#038;p=304837"},"modified":"2023-10-29T19:13:27","modified_gmt":"2023-10-29T19:13:27","slug":"mandy69hot","status":"publish","type":"product","link":"https:\/\/poccky.com\/index.php\/product\/mandy69hot\/","title":{"rendered":"Mandy69hot"},"content":{"rendered":"","protected":false},"excerpt":{"rendered":"<p>A lire a avant de contactez PLEASE :<br \/>\nJe suis une jeune modele photo ( vie priv\u00e9e ) . Je vous laisse en juger par vous-m\u00eame.<br \/>\nrassur\u00e9 de voir mes selfies et mes photos pro mais sans photoshop<br \/>\nje montre pas mon visage sur mon annonce car je suis amateur<br \/>\nJe suis de passage \u00e0 paris. je suis europ\u00e9enne. blonde . big boobs comme on les aimes : )<br \/>\nspeak english . germain too<br \/>\nje suis 100% independante. Ma fiche est cr\u00e9\u00e9 et \u00e9crite par moi m\u00eame. Mes photos sont r\u00e9elles et c&#8217;est bien moi.<br \/>\nJe parle anglais parfaitement et aussi francais.<br \/>\nJe reste joignable jour et nuit par appelle ou par SMS . si je r\u00e9ponds pas . je vous recontacter d\u00e8s que possible car j\u2019ai d\u2019autre activ\u00e9 dans ma vie priv\u00e9e.<br \/>\n\u2014\u2014\u2014\u2014\u2014\u2014\u2014\u2014\u2014<br \/>\nhi i am famous picture model for magazine and reclame . i am in paris now . hope te see you soon<br \/>\nsensual face . luxury linens. My servies full servies. i like a<br \/>\nI guarantee 100% real pics.<br \/>\nI guarantee quality service and friendly relation.<br \/>\nI guarantee safety. cleanliness and discreet.<br \/>\n&#8212;&#8212;&#8212;&#8212;&#8212;&#8212;&#8212;&#8212;&#8212;&#8211; My details Below mentioned<\/p>\n<p>                Languages:<br \/>\n                English. French. Italian<\/p>\n<p>                Age:<br \/>\n                20<\/p>\n<p>                Height:<br \/>\n                169<\/p>\n<p>                Weight:<br \/>\n                49<\/p>\n<p>                Hair:<br \/>\n                LONG BLONDE<\/p>\n<p>                Eyes:<br \/>\n                BLUE<\/p>\n<p>                Measurements:<br \/>\n                98D-67-90 cm<\/p>\n","protected":false},"featured_media":166265,"comment_status":"open","ping_status":"closed","template":"","meta":{"site-sidebar-layout":"default","site-content-layout":"","ast-site-content-layout":"","site-content-style":"default","site-sidebar-style":"default","ast-global-header-display":"","ast-banner-title-visibility":"","ast-main-header-display":"","ast-hfb-above-header-display":"","ast-hfb-below-header-display":"","ast-hfb-mobile-header-display":"","site-post-title":"","ast-breadcrumbs-content":"","ast-featured-img":"","footer-sml-layout":"","theme-transparent-header-meta":"","adv-header-id-meta":"","stick-header-meta":"","header-above-stick-meta":"","header-main-stick-meta":"","header-below-stick-meta":"","astra-migrate-meta-layouts":"default","ast-page-background-enabled":"default","ast-page-background-meta":{"desktop":{"background-color":"var(--ast-global-color-4)","background-image":"","background-repeat":"repeat","background-position":"center center","background-size":"auto","background-attachment":"scroll","background-type":"","background-media":"","overlay-type":"","overlay-color":"","overlay-opacity":"","overlay-gradient":""},"tablet":{"background-color":"","background-image":"","background-repeat":"repeat","background-position":"center center","background-size":"auto","background-attachment":"scroll","background-type":"","background-media":"","overlay-type":"","overlay-color":"","overlay-opacity":"","overlay-gradient":""},"mobile":{"background-color":"","background-image":"","background-repeat":"repeat","background-position":"center center","background-size":"auto","background-attachment":"scroll","background-type":"","background-media":"","overlay-type":"","overlay-color":"","overlay-opacity":"","overlay-gradient":""}},"ast-content-background-meta":{"desktop":{"background-color":"var(--ast-global-color-5)","background-image":"","background-repeat":"repeat","background-position":"center center","background-size":"auto","background-attachment":"scroll","background-type":"","background-media":"","overlay-type":"","overlay-color":"","overlay-opacity":"","overlay-gradient":""},"tablet":{"background-color":"var(--ast-global-color-5)","background-image":"","background-repeat":"repeat","background-position":"center center","background-size":"auto","background-attachment":"scroll","background-type":"","background-media":"","overlay-type":"","overlay-color":"","overlay-opacity":"","overlay-gradient":""},"mobile":{"background-color":"var(--ast-global-color-5)","background-image":"","background-repeat":"repeat","background-position":"center center","background-size":"auto","background-attachment":"scroll","background-type":"","background-media":"","overlay-type":"","overlay-color":"","overlay-opacity":"","overlay-gradient":""}}},"product_brand":[],"product_cat":[244,188,1118],"product_tag":[],"class_list":{"0":"post-304837","1":"product","2":"type-product","3":"status-publish","4":"has-post-thumbnail","6":"product_cat-france","7":"product_cat-freelancer","8":"product_cat-paris","9":"desktop-align-left","10":"tablet-align-left","11":"mobile-align-left","13":"first","14":"instock","15":"shipping-taxable","16":"product-type-simple"},"_links":{"self":[{"href":"https:\/\/poccky.com\/index.php\/wp-json\/wp\/v2\/product\/304837","targetHints":{"allow":["GET"]}}],"collection":[{"href":"https:\/\/poccky.com\/index.php\/wp-json\/wp\/v2\/product"}],"about":[{"href":"https:\/\/poccky.com\/index.php\/wp-json\/wp\/v2\/types\/product"}],"replies":[{"embeddable":true,"href":"https:\/\/poccky.com\/index.php\/wp-json\/wp\/v2\/comments?post=304837"}],"wp:featuredmedia":[{"embeddable":true,"href":"https:\/\/poccky.com\/index.php\/wp-json\/wp\/v2\/media\/166265"}],"wp:attachment":[{"href":"https:\/\/poccky.com\/index.php\/wp-json\/wp\/v2\/media?parent=304837"}],"wp:term":[{"taxonomy":"product_brand","embeddable":true,"href":"https:\/\/poccky.com\/index.php\/wp-json\/wp\/v2\/product_brand?post=304837"},{"taxonomy":"product_cat","embeddable":true,"href":"https:\/\/poccky.com\/index.php\/wp-json\/wp\/v2\/product_cat?post=304837"},{"taxonomy":"product_tag","embeddable":true,"href":"https:\/\/poccky.com\/index.php\/wp-json\/wp\/v2\/product_tag?post=304837"}],"curies":[{"name":"wp","href":"https:\/\/api.w.org\/{rel}","templated":true}]}}