{"id":297765,"date":"2023-10-29T13:43:52","date_gmt":"2023-10-29T13:43:52","guid":{"rendered":"https:\/\/poccky.com\/?post_type=product&#038;p=297765"},"modified":"2023-10-29T13:44:00","modified_gmt":"2023-10-29T13:44:00","slug":"milena-24","status":"publish","type":"product","link":"https:\/\/poccky.com\/index.php\/product\/milena-24\/","title":{"rendered":"Milena"},"content":{"rendered":"","protected":false},"excerpt":{"rendered":"<p>Je suis Milena<br \/>\nTres coquine. mignonne. douce et sensuelle. j&#8217;aime les aventures et des belles rencontres<br \/>\nUne vraie courtisane de l&#8217;\u00e2me. je vais vous chouchouter. c\u00e2liner. exister. je prendrai mon temps pour vous s\u00e9duire. Je saurai certainement allumer le vice et d&#8217;\u00e9teindre la vertu&#8230;<br \/>\nCultiv\u00e9e et bien \u00e9duqu\u00e9e je serai une accompagnatrice id\u00e9ale pour vos apr\u00e8s midi et vos soir\u00e9es<br \/>\nj&#8217;aime autant donner que recevoir. toutefois mes prestations restent classiques sans aucune pratique a risque.<br \/>\nJe privilegie les rencontres avec des gentlemens attentionn\u00e9s et respectueux. ayant un bon gout<br \/>\n\u00e2g\u00e9s minimum 33-34 ans<br \/>\nEnvoyez moi un message avec une briefe presentation et avec la date et l&#8217;heure a laquelle vous voudriez me rencontrer. je vous r\u00e9pondrai au plus vite<br \/>\nCependant je ne reponds pas aux question interminables sur les &#8220;services&#8221; My details Below mentioned<\/p>\n<p>                Nationality:<br \/>\n                Slovenian <\/p>\n<p>                Languages:<br \/>\n                English. French<\/p>\n<p>                Age:<br \/>\n                30<\/p>\n<p>                Height:<br \/>\n                167<\/p>\n<p>                Weight:<br \/>\n                54<\/p>\n<p>                Hair:<br \/>\n                Long<\/p>\n<p>                Eyes:<br \/>\n                gray <\/p>\n<p>                Measurements:<br \/>\n                88\/63\/89<\/p>\n","protected":false},"featured_media":162988,"comment_status":"open","ping_status":"closed","template":"","meta":{"site-sidebar-layout":"default","site-content-layout":"","ast-site-content-layout":"","site-content-style":"default","site-sidebar-style":"default","ast-global-header-display":"","ast-banner-title-visibility":"","ast-main-header-display":"","ast-hfb-above-header-display":"","ast-hfb-below-header-display":"","ast-hfb-mobile-header-display":"","site-post-title":"","ast-breadcrumbs-content":"","ast-featured-img":"","footer-sml-layout":"","theme-transparent-header-meta":"","adv-header-id-meta":"","stick-header-meta":"","header-above-stick-meta":"","header-main-stick-meta":"","header-below-stick-meta":"","astra-migrate-meta-layouts":"default","ast-page-background-enabled":"default","ast-page-background-meta":{"desktop":{"background-color":"var(--ast-global-color-4)","background-image":"","background-repeat":"repeat","background-position":"center center","background-size":"auto","background-attachment":"scroll","background-type":"","background-media":"","overlay-type":"","overlay-color":"","overlay-opacity":"","overlay-gradient":""},"tablet":{"background-color":"","background-image":"","background-repeat":"repeat","background-position":"center center","background-size":"auto","background-attachment":"scroll","background-type":"","background-media":"","overlay-type":"","overlay-color":"","overlay-opacity":"","overlay-gradient":""},"mobile":{"background-color":"","background-image":"","background-repeat":"repeat","background-position":"center center","background-size":"auto","background-attachment":"scroll","background-type":"","background-media":"","overlay-type":"","overlay-color":"","overlay-opacity":"","overlay-gradient":""}},"ast-content-background-meta":{"desktop":{"background-color":"var(--ast-global-color-5)","background-image":"","background-repeat":"repeat","background-position":"center center","background-size":"auto","background-attachment":"scroll","background-type":"","background-media":"","overlay-type":"","overlay-color":"","overlay-opacity":"","overlay-gradient":""},"tablet":{"background-color":"var(--ast-global-color-5)","background-image":"","background-repeat":"repeat","background-position":"center center","background-size":"auto","background-attachment":"scroll","background-type":"","background-media":"","overlay-type":"","overlay-color":"","overlay-opacity":"","overlay-gradient":""},"mobile":{"background-color":"var(--ast-global-color-5)","background-image":"","background-repeat":"repeat","background-position":"center center","background-size":"auto","background-attachment":"scroll","background-type":"","background-media":"","overlay-type":"","overlay-color":"","overlay-opacity":"","overlay-gradient":""}}},"product_brand":[],"product_cat":[244,188,1118],"product_tag":[],"class_list":{"0":"post-297765","1":"product","2":"type-product","3":"status-publish","4":"has-post-thumbnail","6":"product_cat-france","7":"product_cat-freelancer","8":"product_cat-paris","9":"desktop-align-left","10":"tablet-align-left","11":"mobile-align-left","13":"first","14":"instock","15":"shipping-taxable","16":"product-type-simple"},"_links":{"self":[{"href":"https:\/\/poccky.com\/index.php\/wp-json\/wp\/v2\/product\/297765","targetHints":{"allow":["GET"]}}],"collection":[{"href":"https:\/\/poccky.com\/index.php\/wp-json\/wp\/v2\/product"}],"about":[{"href":"https:\/\/poccky.com\/index.php\/wp-json\/wp\/v2\/types\/product"}],"replies":[{"embeddable":true,"href":"https:\/\/poccky.com\/index.php\/wp-json\/wp\/v2\/comments?post=297765"}],"wp:featuredmedia":[{"embeddable":true,"href":"https:\/\/poccky.com\/index.php\/wp-json\/wp\/v2\/media\/162988"}],"wp:attachment":[{"href":"https:\/\/poccky.com\/index.php\/wp-json\/wp\/v2\/media?parent=297765"}],"wp:term":[{"taxonomy":"product_brand","embeddable":true,"href":"https:\/\/poccky.com\/index.php\/wp-json\/wp\/v2\/product_brand?post=297765"},{"taxonomy":"product_cat","embeddable":true,"href":"https:\/\/poccky.com\/index.php\/wp-json\/wp\/v2\/product_cat?post=297765"},{"taxonomy":"product_tag","embeddable":true,"href":"https:\/\/poccky.com\/index.php\/wp-json\/wp\/v2\/product_tag?post=297765"}],"curies":[{"name":"wp","href":"https:\/\/api.w.org\/{rel}","templated":true}]}}