{"id":296617,"date":"2023-10-29T12:52:36","date_gmt":"2023-10-29T12:52:36","guid":{"rendered":"https:\/\/poccky.com\/?post_type=product&#038;p=296617"},"modified":"2023-10-29T12:52:42","modified_gmt":"2023-10-29T12:52:42","slug":"criss92","status":"publish","type":"product","link":"https:\/\/poccky.com\/index.php\/product\/criss92\/","title":{"rendered":"Criss92"},"content":{"rendered":"","protected":false},"excerpt":{"rendered":"<p>MY PHOTOS ARE NOT PHOTOSHOP EDITED<br \/>\nTHEY ARE ALL REAL . SHOWING THE REALLY ME !<\/p>\n<p>Hello gentlemen I&#8217;m the warm side so I am very hot and passionate ready for naughty games. my pictures are real like hygiene and cleanliness offers massages and other things with me you will forget everyday problems even for a moment. I will make sure that your attention will be directed to me and only me because I know exactly what you want to call me&#8230;<br \/>\nWe can meet into your private home or hotel room<br \/>\nOr you can come visit me into my private apartment . in the center of the city<br \/>\nI can travel all over the world to meet you or accompany you in busines trips<br \/>\nYou can contact me on whatsapp . viber . sms.<\/p>\n<p>escort service cannes.sex cannes.independent escort cannes.call girl cannnes.sex hotel cannes.escort cannes.hotel cannes sex.call body cannes.call-girl cannes.call-girl cannes<br \/>\nescort service nice.sex nice.independent escort nice.call girl nice.sex hotel nice.escort nice.hotel nice sex.call body nice.call-girl nice.call-girl nice<br \/>\nescort service monte carlo.sex monte carlo.independent escort monte carlo.call girl monte carlo.sex hotel monte carlo.escort monte carlo.hotel monte carlo sex.call body monte carlo.call-girl cannes.call-girl monte carlo<br \/>\nescort service cote d\u2019azur.sex cote d\u2019azur.independent escort cote d\u2019azur.call girl cote d\u2019azur.sex hotel cote d\u2019azur.escort cote d\u2019azur.hotel cote d\u2019azur sex.call body cote d\u2019azur.call-girl cote d\u2019azur.call-girl cote d\u2019azur<br \/>\nescort service saint tropez.sex saint tropez.independent escort saint tropez.call girl saint tropez.sex hotel .escort saint tropez.hotel saint tropez sex.call body saint tropez.call-girl saint tropez.call-girl saint tropez<br \/>\nescort service monaco.sex monaco.independent escort monaco.call girl monaco.sex hotel monaco.escort monaco.hotel monaco sex.call body cannes.call-girl monaco.call-girl monaco.cannes d&#8217;escorte de service. cannes sexuels. cannes d&#8217;escorte ind\u00e9pendante. cannnes appel fille. cannes hotel sexe. cannes d&#8217;escorte. h\u00f4tel cannes sexe. appelez cannes corps. call-girl cannes. call-girl cannes<br \/>\nservice d&#8217;escorte agr\u00e9able. le sexe agr\u00e9able. belle escorte ind\u00e9pendante. call girl agr\u00e9able. le sexe bel h\u00f4tel. escorte agr\u00e9able. bel h\u00f4tel sexe. appeler joli corps. appelez-fille belle. appelez-fille belle<br \/>\nservice d&#8217;escorte monte carlo. le sexe monte carlo. ind\u00e9pendante escorte monte carlo. call girl monte carlo. h\u00f4tel de sexe monte carlo. escort monte carlo. h\u00f4tel monte carlo sexe. appeler corps monte carlo. call-girl cannes. appelez-fille monte carlo<br \/>\nservice d&#8217;escorte C\u00f4te d&#8217;Azur. le sexe cote d&#8217;azur. ind\u00e9pendante escorte C\u00f4te d&#8217;Azur. call-girl cote d&#8217;azur. le sexe h\u00f4tel cote d&#8217;azur. d&#8217;escorte C\u00f4te d&#8217;Azur. h\u00f4tel C\u00f4te d&#8217;Azur sexe. appelez cote du corps d&#8217;azur. appelez-girl cote d&#8217;azur. appelez-girl cote d&#8217;azur<br \/>\nservice d&#8217;escorte saint tropez. le sexe saint tropez. ind\u00e9pendante escorte saint tropez. call-girl saint tropez. h\u00f4tel de sexe. d&#8217;escorte saint tropez. h\u00f4tel saint tropez sexe. appeler corps saint tropez. appelez-girl saint tropez. call-girl saint tropez<br \/>\nescort Monaco service. Monaco sexe. Monaco escorte ind\u00e9pendante. call girl Monaco. le sexe h\u00f4tel Monaco. escort Monaco. h\u00f4tel Monaco sexe. appeler cannes corps. call-girl Monaco. call-girl Monaco My details Below mentioned<\/p>\n<p>                Nationality:<br \/>\n                Romanian <\/p>\n<p>                Languages:<br \/>\n                English. Italian<\/p>\n<p>                Age:<br \/>\n                23<\/p>\n<p>                Height:<br \/>\n                170<\/p>\n<p>                Weight:<br \/>\n                53<\/p>\n<p>                Hair:<br \/>\n                BLONDE<\/p>\n<p>                Eyes:<br \/>\n                GREEN<\/p>\n<p>                Measurements:<br \/>\n                91-62-89phone_android Phone:<br \/>\n          +33788534715Companionship rates:<\/p>\n<p>                  1 hour rate<br \/>\n                  200 EUR<\/p>\n<p>                  2 hours rate<br \/>\n                  400 EUR<\/p>\n<p>                  3 hours rate<br \/>\n                  600 EUR<\/p>\n<p>                  full night rate<br \/>\n                  1000 EUR<\/p>\n","protected":false},"featured_media":143229,"comment_status":"open","ping_status":"closed","template":"","meta":{"site-sidebar-layout":"default","site-content-layout":"","ast-site-content-layout":"","site-content-style":"default","site-sidebar-style":"default","ast-global-header-display":"","ast-banner-title-visibility":"","ast-main-header-display":"","ast-hfb-above-header-display":"","ast-hfb-below-header-display":"","ast-hfb-mobile-header-display":"","site-post-title":"","ast-breadcrumbs-content":"","ast-featured-img":"","footer-sml-layout":"","theme-transparent-header-meta":"","adv-header-id-meta":"","stick-header-meta":"","header-above-stick-meta":"","header-main-stick-meta":"","header-below-stick-meta":"","astra-migrate-meta-layouts":"default","ast-page-background-enabled":"default","ast-page-background-meta":{"desktop":{"background-color":"var(--ast-global-color-4)","background-image":"","background-repeat":"repeat","background-position":"center center","background-size":"auto","background-attachment":"scroll","background-type":"","background-media":"","overlay-type":"","overlay-color":"","overlay-opacity":"","overlay-gradient":""},"tablet":{"background-color":"","background-image":"","background-repeat":"repeat","background-position":"center center","background-size":"auto","background-attachment":"scroll","background-type":"","background-media":"","overlay-type":"","overlay-color":"","overlay-opacity":"","overlay-gradient":""},"mobile":{"background-color":"","background-image":"","background-repeat":"repeat","background-position":"center center","background-size":"auto","background-attachment":"scroll","background-type":"","background-media":"","overlay-type":"","overlay-color":"","overlay-opacity":"","overlay-gradient":""}},"ast-content-background-meta":{"desktop":{"background-color":"var(--ast-global-color-5)","background-image":"","background-repeat":"repeat","background-position":"center center","background-size":"auto","background-attachment":"scroll","background-type":"","background-media":"","overlay-type":"","overlay-color":"","overlay-opacity":"","overlay-gradient":""},"tablet":{"background-color":"var(--ast-global-color-5)","background-image":"","background-repeat":"repeat","background-position":"center center","background-size":"auto","background-attachment":"scroll","background-type":"","background-media":"","overlay-type":"","overlay-color":"","overlay-opacity":"","overlay-gradient":""},"mobile":{"background-color":"var(--ast-global-color-5)","background-image":"","background-repeat":"repeat","background-position":"center center","background-size":"auto","background-attachment":"scroll","background-type":"","background-media":"","overlay-type":"","overlay-color":"","overlay-opacity":"","overlay-gradient":""}}},"product_brand":[],"product_cat":[188,911,1119],"product_tag":[],"class_list":{"0":"post-296617","1":"product","2":"type-product","3":"status-publish","4":"has-post-thumbnail","6":"product_cat-freelancer","7":"product_cat-monaco","8":"product_cat-monte-carlo","9":"desktop-align-left","10":"tablet-align-left","11":"mobile-align-left","13":"first","14":"instock","15":"shipping-taxable","16":"product-type-simple"},"_links":{"self":[{"href":"https:\/\/poccky.com\/index.php\/wp-json\/wp\/v2\/product\/296617","targetHints":{"allow":["GET"]}}],"collection":[{"href":"https:\/\/poccky.com\/index.php\/wp-json\/wp\/v2\/product"}],"about":[{"href":"https:\/\/poccky.com\/index.php\/wp-json\/wp\/v2\/types\/product"}],"replies":[{"embeddable":true,"href":"https:\/\/poccky.com\/index.php\/wp-json\/wp\/v2\/comments?post=296617"}],"wp:featuredmedia":[{"embeddable":true,"href":"https:\/\/poccky.com\/index.php\/wp-json\/wp\/v2\/media\/143229"}],"wp:attachment":[{"href":"https:\/\/poccky.com\/index.php\/wp-json\/wp\/v2\/media?parent=296617"}],"wp:term":[{"taxonomy":"product_brand","embeddable":true,"href":"https:\/\/poccky.com\/index.php\/wp-json\/wp\/v2\/product_brand?post=296617"},{"taxonomy":"product_cat","embeddable":true,"href":"https:\/\/poccky.com\/index.php\/wp-json\/wp\/v2\/product_cat?post=296617"},{"taxonomy":"product_tag","embeddable":true,"href":"https:\/\/poccky.com\/index.php\/wp-json\/wp\/v2\/product_tag?post=296617"}],"curies":[{"name":"wp","href":"https:\/\/api.w.org\/{rel}","templated":true}]}}