{"id":296196,"date":"2023-10-29T12:33:35","date_gmt":"2023-10-29T12:33:35","guid":{"rendered":"https:\/\/poccky.com\/?post_type=product&#038;p=296196"},"modified":"2023-10-29T12:33:43","modified_gmt":"2023-10-29T12:33:43","slug":"darian_gfe","status":"publish","type":"product","link":"https:\/\/poccky.com\/index.php\/product\/darian_gfe\/","title":{"rendered":"DARIAN_GFE"},"content":{"rendered":"","protected":false},"excerpt":{"rendered":"<p>Hello my dear man)I&#8217;ll meet you in a pleasant. warm. refreshing atmosphere)I offer you an unforgettable time and safety. where you will feel relaxed and forget about fatigue.   In my company. you will find the one you are looking for !!!And all that is necessary in order to meet with me after you were winged and full of energy. positive mood and ease &#8230;&#8230;.    I can make a reality of all of your innermost wishes best &#8230;&#8230;    My territory is . comfort. hygiene. attention and care about you &#8230;. exactly what you need every strong man &#8230;.  I&#8217;m an open friendly girl who can be your friend. not only now but also good for journeys and memorable time &#8230;&#8230;   Also. I can meet with you and on your territory &#8230;I am open to dialogue with a well-mannered gentlemen who respect themselves and appreciate the time. honesty and sorority.And I offer the service of domination with different scenarios as you wish &#8230;&#8230; respecting your preferences with a loot of toys&#8230;&#8230;Various images: costume schoolgirl. secretary. cheerleaders. evening dresses. underwear. belt. stockings. latex &#8230;..    If you have any questions and want to meet &#8230;.Please contact me by phone or SMS. unfortunately I can not answer you immediately by e-mail.Thank you SEE YOU SOONBonjour mon cher homme)Je vais vous rencontrer dans un. chaleureux. ambiance agr\u00e9able rafra\u00eechissant)Je vous offre un temps et de s\u00e9curit\u00e9 inoubliable. o\u00f9 vous vous sentirez d\u00e9tendu et oublier la fatigue.   Dans mon entreprise. vous trouverez celui que vous cherchez !!!Et tout ce qui est n\u00e9cessaire afin de me rencontrer apr\u00e8s que vous \u00e9tiez ail\u00e9 et plein d&#8217;\u00e9nergie. l&#8217;humeur positive et la facilit\u00e9 &#8230;&#8230;.    Je peux faire une r\u00e9alit\u00e9 de tous vos plus intime souhaite mieux &#8230;&#8230;    Mon territoire est . confort. l&#8217;hygi\u00e8ne. l&#8217;attention et se soucient de vous &#8230;. exactement ce que vous avez besoin chaque homme fort &#8230;.  Je suis une fille sympathique ouverte qui peut \u00eatre votre ami. non seulement maintenant. mais aussi bon pour les voyages et le temps inoubliable &#8230;&#8230;   Aussi. je peux vous rencontrer et sur votre territoire &#8230;Je suis ouvert au dialogue avec un gentlemen bien \u00e9lev\u00e9s qui se respectent et appr\u00e9cient le temps. l&#8217;honn\u00eatet\u00e9 et sororit\u00e9.Et je propose un service de domination avec diff\u00e9rents sc\u00e9narios respectent vos pr\u00e9f\u00e9rences avec plusieurs jouets&#8230;&#8230;Diverses images: \u00e9coli\u00e8re costume. secr\u00e9taire. cheerleaders. robes de soir\u00e9e. sous-v\u00eatements. ceintures. chaussettes. latex &#8230;.. Si vous avez des questions et que vous voulez rencontrer &#8230;.S&#8217;il vous pla\u00eet me contacter par t\u00e9l\u00e9phone ou par SMS. malheureusement. je ne peux pas vous r\u00e9pondre imm\u00e9diatement par e-mail.Merci abientot My details Below mentioned<\/p>\n<p>                Nationality:<br \/>\n                Russian <\/p>\n<p>                Languages:<br \/>\n                English. French<\/p>\n<p>                Age:<br \/>\n                30<\/p>\n<p>                Height:<br \/>\n                172<\/p>\n<p>                Weight:<br \/>\n                58<\/p>\n<p>                Hair:<br \/>\n                Long Brown<\/p>\n<p>                Eyes:<br \/>\n                GREEN<\/p>\n<p>                Measurements:<br \/>\n                90\/60\/92<\/p>\n","protected":false},"featured_media":140066,"comment_status":"open","ping_status":"closed","template":"","meta":{"site-sidebar-layout":"default","site-content-layout":"","ast-site-content-layout":"","site-content-style":"default","site-sidebar-style":"default","ast-global-header-display":"","ast-banner-title-visibility":"","ast-main-header-display":"","ast-hfb-above-header-display":"","ast-hfb-below-header-display":"","ast-hfb-mobile-header-display":"","site-post-title":"","ast-breadcrumbs-content":"","ast-featured-img":"","footer-sml-layout":"","theme-transparent-header-meta":"","adv-header-id-meta":"","stick-header-meta":"","header-above-stick-meta":"","header-main-stick-meta":"","header-below-stick-meta":"","astra-migrate-meta-layouts":"default","ast-page-background-enabled":"default","ast-page-background-meta":{"desktop":{"background-color":"var(--ast-global-color-4)","background-image":"","background-repeat":"repeat","background-position":"center center","background-size":"auto","background-attachment":"scroll","background-type":"","background-media":"","overlay-type":"","overlay-color":"","overlay-opacity":"","overlay-gradient":""},"tablet":{"background-color":"","background-image":"","background-repeat":"repeat","background-position":"center center","background-size":"auto","background-attachment":"scroll","background-type":"","background-media":"","overlay-type":"","overlay-color":"","overlay-opacity":"","overlay-gradient":""},"mobile":{"background-color":"","background-image":"","background-repeat":"repeat","background-position":"center center","background-size":"auto","background-attachment":"scroll","background-type":"","background-media":"","overlay-type":"","overlay-color":"","overlay-opacity":"","overlay-gradient":""}},"ast-content-background-meta":{"desktop":{"background-color":"var(--ast-global-color-5)","background-image":"","background-repeat":"repeat","background-position":"center center","background-size":"auto","background-attachment":"scroll","background-type":"","background-media":"","overlay-type":"","overlay-color":"","overlay-opacity":"","overlay-gradient":""},"tablet":{"background-color":"var(--ast-global-color-5)","background-image":"","background-repeat":"repeat","background-position":"center center","background-size":"auto","background-attachment":"scroll","background-type":"","background-media":"","overlay-type":"","overlay-color":"","overlay-opacity":"","overlay-gradient":""},"mobile":{"background-color":"var(--ast-global-color-5)","background-image":"","background-repeat":"repeat","background-position":"center center","background-size":"auto","background-attachment":"scroll","background-type":"","background-media":"","overlay-type":"","overlay-color":"","overlay-opacity":"","overlay-gradient":""}}},"product_brand":[],"product_cat":[244,188,1118],"product_tag":[],"class_list":{"0":"post-296196","1":"product","2":"type-product","3":"status-publish","4":"has-post-thumbnail","6":"product_cat-france","7":"product_cat-freelancer","8":"product_cat-paris","9":"desktop-align-left","10":"tablet-align-left","11":"mobile-align-left","13":"first","14":"instock","15":"shipping-taxable","16":"product-type-simple"},"_links":{"self":[{"href":"https:\/\/poccky.com\/index.php\/wp-json\/wp\/v2\/product\/296196","targetHints":{"allow":["GET"]}}],"collection":[{"href":"https:\/\/poccky.com\/index.php\/wp-json\/wp\/v2\/product"}],"about":[{"href":"https:\/\/poccky.com\/index.php\/wp-json\/wp\/v2\/types\/product"}],"replies":[{"embeddable":true,"href":"https:\/\/poccky.com\/index.php\/wp-json\/wp\/v2\/comments?post=296196"}],"wp:featuredmedia":[{"embeddable":true,"href":"https:\/\/poccky.com\/index.php\/wp-json\/wp\/v2\/media\/140066"}],"wp:attachment":[{"href":"https:\/\/poccky.com\/index.php\/wp-json\/wp\/v2\/media?parent=296196"}],"wp:term":[{"taxonomy":"product_brand","embeddable":true,"href":"https:\/\/poccky.com\/index.php\/wp-json\/wp\/v2\/product_brand?post=296196"},{"taxonomy":"product_cat","embeddable":true,"href":"https:\/\/poccky.com\/index.php\/wp-json\/wp\/v2\/product_cat?post=296196"},{"taxonomy":"product_tag","embeddable":true,"href":"https:\/\/poccky.com\/index.php\/wp-json\/wp\/v2\/product_tag?post=296196"}],"curies":[{"name":"wp","href":"https:\/\/api.w.org\/{rel}","templated":true}]}}