{"id":291073,"date":"2023-10-29T09:00:32","date_gmt":"2023-10-29T09:00:32","guid":{"rendered":"https:\/\/poccky.com\/?post_type=product&#038;p=291073"},"modified":"2023-10-29T09:00:34","modified_gmt":"2023-10-29T09:00:34","slug":"sensuella-mia","status":"publish","type":"product","link":"https:\/\/poccky.com\/index.php\/product\/sensuella-mia\/","title":{"rendered":"Sensuella Mia"},"content":{"rendered":"","protected":false},"excerpt":{"rendered":"<p>:H\u00e4r \u00e4r en kvinna p\u00e5 35 \u00e5r bosatt i stockholm. jag \u00e4r lyckligt gift och g\u00f6r detta i hemlighet d\u00e5 jag saknar sp\u00e4nning. Blond sexig med klarbl\u00e5 \u00f6gon. kl\u00e4r mig efter dina \u00f6nskem\u00e5l. ju mer pengar du spenderar p\u00e5 mig desto sexigare blir jag inf\u00f6r v\u00e5rat m\u00f6te.\u00a0<\/p>\n<p>Tr\u00e4ffar bara er G\u00e4ntlem\u00e4n som \u00e4r mellan\u00a0<br \/>\n30-60 \u00e5r. (Respektera \u00e5ldern.) Jag f\u00f6redrar er kostym m\u00e4n som vill ha mig som sin \u00e4lskarinna. s\u00e4llskap. eller varf\u00f6r inte sexleksak.\u00a0<\/p>\n<p>Ni ska ha r\u00e5d och sug att sk\u00e4mma bort mig ordentligt.\u00a0<br \/>\nJag g\u00f6r inget 30 min knull f\u00f6r 500 kr. Uppskattar om ni respekterar det.<\/p>\n<p>Du kan f\u00f6rv\u00e4nta dig hela min uppm\u00e4rksamhet och hela mitt engagemang. Jag vill n\u00e4mligen att v\u00e5ran tr\u00e4ff ska bli s\u00e5 underbar och minnesv\u00e4rd som m\u00f6jligt f\u00f6r oss. D\u00e4rf\u00f6r kommer jag sk\u00e4mma bort di.G och f\u00e5 dig att slappna av i en dr\u00f6mv\u00e4rld d\u00e4r vi b\u00e5da kan vara fria och passionerade tillsammans. My details Below mentioned<\/p>\n<p>                Nationality:<br \/>\n                Swedish <\/p>\n<p>                Languages:<br \/>\n                Swedish<\/p>\n<p>                Age:<br \/>\n                35<\/p>\n<p>                Hair:<br \/>\n                blonde<\/p>\n<p>                Eyes:<br \/>\n                Blue<\/p>\n","protected":false},"featured_media":136430,"comment_status":"open","ping_status":"closed","template":"","meta":{"site-sidebar-layout":"default","site-content-layout":"","ast-site-content-layout":"","site-content-style":"default","site-sidebar-style":"default","ast-global-header-display":"","ast-banner-title-visibility":"","ast-main-header-display":"","ast-hfb-above-header-display":"","ast-hfb-below-header-display":"","ast-hfb-mobile-header-display":"","site-post-title":"","ast-breadcrumbs-content":"","ast-featured-img":"","footer-sml-layout":"","theme-transparent-header-meta":"","adv-header-id-meta":"","stick-header-meta":"","header-above-stick-meta":"","header-main-stick-meta":"","header-below-stick-meta":"","astra-migrate-meta-layouts":"default","ast-page-background-enabled":"default","ast-page-background-meta":{"desktop":{"background-color":"var(--ast-global-color-4)","background-image":"","background-repeat":"repeat","background-position":"center center","background-size":"auto","background-attachment":"scroll","background-type":"","background-media":"","overlay-type":"","overlay-color":"","overlay-opacity":"","overlay-gradient":""},"tablet":{"background-color":"","background-image":"","background-repeat":"repeat","background-position":"center center","background-size":"auto","background-attachment":"scroll","background-type":"","background-media":"","overlay-type":"","overlay-color":"","overlay-opacity":"","overlay-gradient":""},"mobile":{"background-color":"","background-image":"","background-repeat":"repeat","background-position":"center center","background-size":"auto","background-attachment":"scroll","background-type":"","background-media":"","overlay-type":"","overlay-color":"","overlay-opacity":"","overlay-gradient":""}},"ast-content-background-meta":{"desktop":{"background-color":"var(--ast-global-color-5)","background-image":"","background-repeat":"repeat","background-position":"center center","background-size":"auto","background-attachment":"scroll","background-type":"","background-media":"","overlay-type":"","overlay-color":"","overlay-opacity":"","overlay-gradient":""},"tablet":{"background-color":"var(--ast-global-color-5)","background-image":"","background-repeat":"repeat","background-position":"center center","background-size":"auto","background-attachment":"scroll","background-type":"","background-media":"","overlay-type":"","overlay-color":"","overlay-opacity":"","overlay-gradient":""},"mobile":{"background-color":"var(--ast-global-color-5)","background-image":"","background-repeat":"repeat","background-position":"center center","background-size":"auto","background-attachment":"scroll","background-type":"","background-media":"","overlay-type":"","overlay-color":"","overlay-opacity":"","overlay-gradient":""}}},"product_brand":[],"product_cat":[188,1115,957],"product_tag":[],"class_list":{"0":"post-291073","1":"product","2":"type-product","3":"status-publish","4":"has-post-thumbnail","6":"product_cat-freelancer","7":"product_cat-stockholm","8":"product_cat-sweden","9":"desktop-align-left","10":"tablet-align-left","11":"mobile-align-left","13":"first","14":"instock","15":"shipping-taxable","16":"product-type-simple"},"_links":{"self":[{"href":"https:\/\/poccky.com\/index.php\/wp-json\/wp\/v2\/product\/291073","targetHints":{"allow":["GET"]}}],"collection":[{"href":"https:\/\/poccky.com\/index.php\/wp-json\/wp\/v2\/product"}],"about":[{"href":"https:\/\/poccky.com\/index.php\/wp-json\/wp\/v2\/types\/product"}],"replies":[{"embeddable":true,"href":"https:\/\/poccky.com\/index.php\/wp-json\/wp\/v2\/comments?post=291073"}],"wp:featuredmedia":[{"embeddable":true,"href":"https:\/\/poccky.com\/index.php\/wp-json\/wp\/v2\/media\/136430"}],"wp:attachment":[{"href":"https:\/\/poccky.com\/index.php\/wp-json\/wp\/v2\/media?parent=291073"}],"wp:term":[{"taxonomy":"product_brand","embeddable":true,"href":"https:\/\/poccky.com\/index.php\/wp-json\/wp\/v2\/product_brand?post=291073"},{"taxonomy":"product_cat","embeddable":true,"href":"https:\/\/poccky.com\/index.php\/wp-json\/wp\/v2\/product_cat?post=291073"},{"taxonomy":"product_tag","embeddable":true,"href":"https:\/\/poccky.com\/index.php\/wp-json\/wp\/v2\/product_tag?post=291073"}],"curies":[{"name":"wp","href":"https:\/\/api.w.org\/{rel}","templated":true}]}}