{"id":290608,"date":"2023-10-29T08:40:21","date_gmt":"2023-10-29T08:40:21","guid":{"rendered":"https:\/\/poccky.com\/?post_type=product&#038;p=290608"},"modified":"2023-10-29T08:40:29","modified_gmt":"2023-10-29T08:40:29","slug":"vittoria_20","status":"publish","type":"product","link":"https:\/\/poccky.com\/index.php\/product\/vittoria_20\/","title":{"rendered":"Vittoria_20"},"content":{"rendered":"","protected":false},"excerpt":{"rendered":"<p>Bonjour! Tout ce que vous voyez ici. vous pouvez le voir dans la vie r\u00e9elle. il suffit de m\u2019appelez .<br \/>\nMes photos sont r\u00e9elles et v\u00e9rifi\u00e9es! J&#8217;ai un joli visage et corps de r\u00eave avec poitrine naturelle authentique et de belles jambes. Je suis ind\u00e9pendant. tr\u00e8s belle. sexy. fille sensuelle et charmante. Je suis aussi joyeux. intelligent et bien \u00e9duqu\u00e9s avec de belles mani\u00e8res.<\/p>\n<p>Messieurs.<br \/>\nAyez conscience que comme vous je s\u00e9lectionne les gens que je rencontre et que je me reserve parfaitement le droit d&#8217;ouvrir ou de ne pas ouvrir ma porte si je consid\u00e8re qu&#8217;il y a une quelconque menace ou quelque chose qui repr\u00e9sente pour moi un certain danger.<\/p>\n<p>*********************<br \/>\nHi my name is vittoria . I travel a lot all over the world! I love to exchange marvelous experiences! Hurry up to meet me and to try your luck! Kiss<\/p>\n<p>Gentlemen Please note: as you i select the people i meet. i reserve the right to choose to open or not open the door if I consider there is some kind of threat or danger.<\/p>\n<p>Incall AND Outcall (at your Hotel or apartement !! ) My details Below mentioned<\/p>\n<p>                Nationality:<br \/>\n                Italian <\/p>\n<p>                Languages:<br \/>\n                English. French. Italian<\/p>\n<p>                Age:<br \/>\n                20<\/p>\n<p>                Height:<br \/>\n                168<\/p>\n<p>                Weight:<br \/>\n                50<\/p>\n<p>                Hair:<br \/>\n                LONG BLONDE<\/p>\n<p>                Eyes:<br \/>\n                GRIS<\/p>\n<p>                Measurements:<br \/>\n                95-60-90<\/p>\n","protected":false},"featured_media":138261,"comment_status":"open","ping_status":"closed","template":"","meta":{"site-sidebar-layout":"default","site-content-layout":"","ast-site-content-layout":"","site-content-style":"default","site-sidebar-style":"default","ast-global-header-display":"","ast-banner-title-visibility":"","ast-main-header-display":"","ast-hfb-above-header-display":"","ast-hfb-below-header-display":"","ast-hfb-mobile-header-display":"","site-post-title":"","ast-breadcrumbs-content":"","ast-featured-img":"","footer-sml-layout":"","theme-transparent-header-meta":"","adv-header-id-meta":"","stick-header-meta":"","header-above-stick-meta":"","header-main-stick-meta":"","header-below-stick-meta":"","astra-migrate-meta-layouts":"default","ast-page-background-enabled":"default","ast-page-background-meta":{"desktop":{"background-color":"var(--ast-global-color-4)","background-image":"","background-repeat":"repeat","background-position":"center center","background-size":"auto","background-attachment":"scroll","background-type":"","background-media":"","overlay-type":"","overlay-color":"","overlay-opacity":"","overlay-gradient":""},"tablet":{"background-color":"","background-image":"","background-repeat":"repeat","background-position":"center center","background-size":"auto","background-attachment":"scroll","background-type":"","background-media":"","overlay-type":"","overlay-color":"","overlay-opacity":"","overlay-gradient":""},"mobile":{"background-color":"","background-image":"","background-repeat":"repeat","background-position":"center center","background-size":"auto","background-attachment":"scroll","background-type":"","background-media":"","overlay-type":"","overlay-color":"","overlay-opacity":"","overlay-gradient":""}},"ast-content-background-meta":{"desktop":{"background-color":"var(--ast-global-color-5)","background-image":"","background-repeat":"repeat","background-position":"center center","background-size":"auto","background-attachment":"scroll","background-type":"","background-media":"","overlay-type":"","overlay-color":"","overlay-opacity":"","overlay-gradient":""},"tablet":{"background-color":"var(--ast-global-color-5)","background-image":"","background-repeat":"repeat","background-position":"center center","background-size":"auto","background-attachment":"scroll","background-type":"","background-media":"","overlay-type":"","overlay-color":"","overlay-opacity":"","overlay-gradient":""},"mobile":{"background-color":"var(--ast-global-color-5)","background-image":"","background-repeat":"repeat","background-position":"center center","background-size":"auto","background-attachment":"scroll","background-type":"","background-media":"","overlay-type":"","overlay-color":"","overlay-opacity":"","overlay-gradient":""}}},"product_brand":[],"product_cat":[244,188,1118],"product_tag":[],"class_list":{"0":"post-290608","1":"product","2":"type-product","3":"status-publish","4":"has-post-thumbnail","6":"product_cat-france","7":"product_cat-freelancer","8":"product_cat-paris","9":"desktop-align-left","10":"tablet-align-left","11":"mobile-align-left","13":"first","14":"instock","15":"shipping-taxable","16":"product-type-simple"},"_links":{"self":[{"href":"https:\/\/poccky.com\/index.php\/wp-json\/wp\/v2\/product\/290608","targetHints":{"allow":["GET"]}}],"collection":[{"href":"https:\/\/poccky.com\/index.php\/wp-json\/wp\/v2\/product"}],"about":[{"href":"https:\/\/poccky.com\/index.php\/wp-json\/wp\/v2\/types\/product"}],"replies":[{"embeddable":true,"href":"https:\/\/poccky.com\/index.php\/wp-json\/wp\/v2\/comments?post=290608"}],"wp:featuredmedia":[{"embeddable":true,"href":"https:\/\/poccky.com\/index.php\/wp-json\/wp\/v2\/media\/138261"}],"wp:attachment":[{"href":"https:\/\/poccky.com\/index.php\/wp-json\/wp\/v2\/media?parent=290608"}],"wp:term":[{"taxonomy":"product_brand","embeddable":true,"href":"https:\/\/poccky.com\/index.php\/wp-json\/wp\/v2\/product_brand?post=290608"},{"taxonomy":"product_cat","embeddable":true,"href":"https:\/\/poccky.com\/index.php\/wp-json\/wp\/v2\/product_cat?post=290608"},{"taxonomy":"product_tag","embeddable":true,"href":"https:\/\/poccky.com\/index.php\/wp-json\/wp\/v2\/product_tag?post=290608"}],"curies":[{"name":"wp","href":"https:\/\/api.w.org\/{rel}","templated":true}]}}