{"id":288838,"date":"2023-10-29T07:29:08","date_gmt":"2023-10-29T07:29:08","guid":{"rendered":"https:\/\/poccky.com\/?post_type=product&#038;p=288838"},"modified":"2023-10-29T07:29:11","modified_gmt":"2023-10-29T07:29:11","slug":"amalia-10","status":"publish","type":"product","link":"https:\/\/poccky.com\/index.php\/product\/amalia-10\/","title":{"rendered":"Amalia"},"content":{"rendered":"","protected":false},"excerpt":{"rendered":"<p>Amalia \u00e4r en expert. slug och \u00f6verd\u00e5diga ungdomar dam med massor att erbjuda mannen som vill vara tillsammans med henne. Hon har precis avslutat college. driver ett litet f\u00f6retag och \u00e4r en energisk kamrat. Hon \u00e4r verkligen vacker och allt hon vill \u00e4r definitivt dig. Amalia har allt du kan t\u00e4nkas beh\u00f6va n\u00e4r det g\u00e4ller att g\u00e5 ut p\u00e5 en dag eller p\u00e5 en social h\u00e4ndelse som en Amsterdam eskort. Hennes personlighet \u00e4r unik och hon har kapacitet att g\u00f6ra varje dr\u00f6m \u00e4kta. Denna dam \u00e4r f\u00f6rv\u00e5nande och vi \u00e4r s\u00e4ker p\u00e5 att du kommer att v\u00e5rda henne. Hon \u00e4r ocks\u00e5 tillg\u00e4nglig f\u00f6r outcalls och hon kan vara p\u00e5 ditt hotellrum p\u00e5 bara n\u00e5gra minuter. L\u00e4gg till att hennes k\u00e4nsla av str\u00e4van och mottaglighet och du har en Amsterdam eskort av de mest h\u00e4pnadsv\u00e4ckande klass. En v\u00e4n motstycke och en upplevelse som utmanar \u00f6vertygelse \u00e4r vad du kommer att ha n\u00e4r du ska tillbringa tid med Amalia. My details Below mentioned<\/p>\n<p>                Nationality:<br \/>\n                Dutch <\/p>\n<p>                Languages:<br \/>\n                Dutch. English<\/p>\n<p>                Age:<br \/>\n                23<\/p>\n<p>                Height:<br \/>\n                168<\/p>\n<p>                Weight:<br \/>\n                55<\/p>\n<p>                Hair:<br \/>\n                Long Blonde<\/p>\n<p>                Eyes:<br \/>\n                Black<\/p>\n<p>                Measurements:<br \/>\n                94-60-91phone_android Phone:<br \/>\n          +31682431246<\/p>\n","protected":false},"featured_media":135194,"comment_status":"open","ping_status":"closed","template":"","meta":{"site-sidebar-layout":"default","site-content-layout":"","ast-site-content-layout":"","site-content-style":"default","site-sidebar-style":"default","ast-global-header-display":"","ast-banner-title-visibility":"","ast-main-header-display":"","ast-hfb-above-header-display":"","ast-hfb-below-header-display":"","ast-hfb-mobile-header-display":"","site-post-title":"","ast-breadcrumbs-content":"","ast-featured-img":"","footer-sml-layout":"","theme-transparent-header-meta":"","adv-header-id-meta":"","stick-header-meta":"","header-above-stick-meta":"","header-main-stick-meta":"","header-below-stick-meta":"","astra-migrate-meta-layouts":"default","ast-page-background-enabled":"default","ast-page-background-meta":{"desktop":{"background-color":"var(--ast-global-color-4)","background-image":"","background-repeat":"repeat","background-position":"center center","background-size":"auto","background-attachment":"scroll","background-type":"","background-media":"","overlay-type":"","overlay-color":"","overlay-opacity":"","overlay-gradient":""},"tablet":{"background-color":"","background-image":"","background-repeat":"repeat","background-position":"center center","background-size":"auto","background-attachment":"scroll","background-type":"","background-media":"","overlay-type":"","overlay-color":"","overlay-opacity":"","overlay-gradient":""},"mobile":{"background-color":"","background-image":"","background-repeat":"repeat","background-position":"center center","background-size":"auto","background-attachment":"scroll","background-type":"","background-media":"","overlay-type":"","overlay-color":"","overlay-opacity":"","overlay-gradient":""}},"ast-content-background-meta":{"desktop":{"background-color":"var(--ast-global-color-5)","background-image":"","background-repeat":"repeat","background-position":"center center","background-size":"auto","background-attachment":"scroll","background-type":"","background-media":"","overlay-type":"","overlay-color":"","overlay-opacity":"","overlay-gradient":""},"tablet":{"background-color":"var(--ast-global-color-5)","background-image":"","background-repeat":"repeat","background-position":"center center","background-size":"auto","background-attachment":"scroll","background-type":"","background-media":"","overlay-type":"","overlay-color":"","overlay-opacity":"","overlay-gradient":""},"mobile":{"background-color":"var(--ast-global-color-5)","background-image":"","background-repeat":"repeat","background-position":"center center","background-size":"auto","background-attachment":"scroll","background-type":"","background-media":"","overlay-type":"","overlay-color":"","overlay-opacity":"","overlay-gradient":""}}},"product_brand":[],"product_cat":[188,1115,957],"product_tag":[],"class_list":{"0":"post-288838","1":"product","2":"type-product","3":"status-publish","4":"has-post-thumbnail","6":"product_cat-freelancer","7":"product_cat-stockholm","8":"product_cat-sweden","9":"desktop-align-left","10":"tablet-align-left","11":"mobile-align-left","13":"first","14":"instock","15":"shipping-taxable","16":"product-type-simple"},"_links":{"self":[{"href":"https:\/\/poccky.com\/index.php\/wp-json\/wp\/v2\/product\/288838","targetHints":{"allow":["GET"]}}],"collection":[{"href":"https:\/\/poccky.com\/index.php\/wp-json\/wp\/v2\/product"}],"about":[{"href":"https:\/\/poccky.com\/index.php\/wp-json\/wp\/v2\/types\/product"}],"replies":[{"embeddable":true,"href":"https:\/\/poccky.com\/index.php\/wp-json\/wp\/v2\/comments?post=288838"}],"wp:featuredmedia":[{"embeddable":true,"href":"https:\/\/poccky.com\/index.php\/wp-json\/wp\/v2\/media\/135194"}],"wp:attachment":[{"href":"https:\/\/poccky.com\/index.php\/wp-json\/wp\/v2\/media?parent=288838"}],"wp:term":[{"taxonomy":"product_brand","embeddable":true,"href":"https:\/\/poccky.com\/index.php\/wp-json\/wp\/v2\/product_brand?post=288838"},{"taxonomy":"product_cat","embeddable":true,"href":"https:\/\/poccky.com\/index.php\/wp-json\/wp\/v2\/product_cat?post=288838"},{"taxonomy":"product_tag","embeddable":true,"href":"https:\/\/poccky.com\/index.php\/wp-json\/wp\/v2\/product_tag?post=288838"}],"curies":[{"name":"wp","href":"https:\/\/api.w.org\/{rel}","templated":true}]}}