{"id":279072,"date":"2023-10-29T00:40:29","date_gmt":"2023-10-29T00:40:29","guid":{"rendered":"https:\/\/poccky.com\/?post_type=product&#038;p=279072"},"modified":"2023-10-29T00:40:37","modified_gmt":"2023-10-29T00:40:37","slug":"carla-courtisane-bisexuelle","status":"publish","type":"product","link":"https:\/\/poccky.com\/index.php\/product\/carla-courtisane-bisexuelle\/","title":{"rendered":"CARLA COURTISANE BISEXUELLE"},"content":{"rendered":"","protected":false},"excerpt":{"rendered":"<p>VERITABLE COURTISANE DES TEMPS MODERNES.El\u00e9gance. raffinement. charme. s\u00e9duction. sensualit\u00e9 et volupt\u00e9 sont les mots que me d\u00e9finissent le mieux.Je suis une  femme tr\u00e8s douce. cultiv\u00e9e et discr\u00e8te de 40 ans d&#8217;origine europ\u00e9enne-latine. D&#8217;un temp\u00e9rament passionn\u00e9. j&#8217;ai choisi cette activit\u00e9 pour les fantasmes qui nourrissent un insatiable besoin de mon jardin secret. J&#8217;ai peu de tabous. je suis tr\u00e8s ouverte d&#8217;esprit. tr\u00e8s charnelle. clitoridienne et anale.  Notez que je suis authentiquement bi. Je rencontre des couples ou des femmes seules.    Je vous propose un accompagnement VIP et DES PRESTATIONS HAUT DE GAMME. UNIQUEMENT POUR MESSIEURS EPICURIENS et COURTOIS. Je suis tr\u00e8s s\u00e9lective et j&#8217;esp\u00e8re que vous aussi\u2026 Messieurs qui avez une \u00e9ducation approximative. passez votre chemin.   Je ne cherche pas \u00e0 multiplier les rendez-vous. Les rendez-vous \u00ab one shot \u00bb ne m\u2019int\u00e9ressent pas. Soyez mon amant pour la journ\u00e9e. autour d&#8217;un d\u00e9jeuner ou d\u2019un diner. une sortie en club libertin ou simplement une soir\u00e9e intime et cosy \u00e0 votre h\u00f4tel. Je vous accompagnerai lors d\u2019\u00e9v\u00e8nements professionnels ou sociaux. voyages d&#8217;affaires. vacances. etc. Mon allure. mon aisance \u00e0 converser et mon \u00e9ducation seront sans faille.  Vous pouvez me contacter dans un premier temps par sms s\u2019ils ne sont pas invasifs (mon temps est pr\u00e9cieux. tout comme le votre). Nous conviendrons ensuite d\u2019un rendez-vous t\u00e9l\u00e9phonique \u00e0 notre convenance. Je vous r\u00e9pondrai d\u00e8s que je serais disponible. Je vous prie de ne pas confondre l&#8217;activit\u00e9 de courtisane telle que je la con\u00e7ois avec celle d&#8217;un t\u00e9l\u00e9phone rose. Mes prestations sont explicites sur mon site. il est donc inutile d\u2019\u00e9voquer par t\u00e9l\u00e9phone  les positions pr\u00e9f\u00e9r\u00e9es et autres. Laissons un peu de myst\u00e8re et l&#8217;imagination agir lors de notre rencontre&#8230; Tr\u00e8s important: DE PREFERENCE LES RENDEZ-VOUS SONT PRIS SUFFISAMENT A L&#8217;AVANCE. J&#8217;ai une vraie vie en dehors cette activit\u00e9 et cela me permettra de pr\u00e9parez le rendez-vous avec le plus grand soin.. Dans l&#8217;attente de vous d\u00e9couvrir et que vous puissiez me d\u00e9couvrir et \u00eatre \u00e0 vous\u2026   Je me d\u00e9place (uniquement dans des h\u00f4tels 4-5 \u00e9toiles) \u00e0 Paris et en r\u00e9gion parisienne. Lors d&#8217;un deuxieme rendez-vous le deplacement en domicile priv\u00e9e c&#8217;est envisagable C\u2019est avec plaisir que je vous accompagnerai hors de Paris ou de l\u2019hexagone. Le versement d\u2019un acompte sera le s\u00e9same de notre escapade. Les r\u00e9servations de l\u2019h\u00f4tel et des transports seront \u00e0 votre initiative.  Tendrement. CARLA. My details Below mentioned<\/p>\n<p>                Nationality:<br \/>\n                Europ\u00e9enne-latine <\/p>\n<p>                Languages:<br \/>\n                English.  French.  Spanish.  Italian.  Portuguese.<\/p>\n<p>                Age:<br \/>\n                40<\/p>\n<p>                Height:<br \/>\n                1.77<\/p>\n<p>                Weight:<br \/>\n                58<\/p>\n<p>                Hair:<br \/>\n                Long ginger<\/p>\n<p>                Eyes:<br \/>\n                green<\/p>\n<p>                Measurements:<br \/>\n                90-60-90<\/p>\n","protected":false},"featured_media":121838,"comment_status":"open","ping_status":"closed","template":"","meta":{"site-sidebar-layout":"default","site-content-layout":"","ast-site-content-layout":"","site-content-style":"default","site-sidebar-style":"default","ast-global-header-display":"","ast-banner-title-visibility":"","ast-main-header-display":"","ast-hfb-above-header-display":"","ast-hfb-below-header-display":"","ast-hfb-mobile-header-display":"","site-post-title":"","ast-breadcrumbs-content":"","ast-featured-img":"","footer-sml-layout":"","theme-transparent-header-meta":"","adv-header-id-meta":"","stick-header-meta":"","header-above-stick-meta":"","header-main-stick-meta":"","header-below-stick-meta":"","astra-migrate-meta-layouts":"default","ast-page-background-enabled":"default","ast-page-background-meta":{"desktop":{"background-color":"var(--ast-global-color-4)","background-image":"","background-repeat":"repeat","background-position":"center center","background-size":"auto","background-attachment":"scroll","background-type":"","background-media":"","overlay-type":"","overlay-color":"","overlay-opacity":"","overlay-gradient":""},"tablet":{"background-color":"","background-image":"","background-repeat":"repeat","background-position":"center center","background-size":"auto","background-attachment":"scroll","background-type":"","background-media":"","overlay-type":"","overlay-color":"","overlay-opacity":"","overlay-gradient":""},"mobile":{"background-color":"","background-image":"","background-repeat":"repeat","background-position":"center center","background-size":"auto","background-attachment":"scroll","background-type":"","background-media":"","overlay-type":"","overlay-color":"","overlay-opacity":"","overlay-gradient":""}},"ast-content-background-meta":{"desktop":{"background-color":"var(--ast-global-color-5)","background-image":"","background-repeat":"repeat","background-position":"center center","background-size":"auto","background-attachment":"scroll","background-type":"","background-media":"","overlay-type":"","overlay-color":"","overlay-opacity":"","overlay-gradient":""},"tablet":{"background-color":"var(--ast-global-color-5)","background-image":"","background-repeat":"repeat","background-position":"center center","background-size":"auto","background-attachment":"scroll","background-type":"","background-media":"","overlay-type":"","overlay-color":"","overlay-opacity":"","overlay-gradient":""},"mobile":{"background-color":"var(--ast-global-color-5)","background-image":"","background-repeat":"repeat","background-position":"center center","background-size":"auto","background-attachment":"scroll","background-type":"","background-media":"","overlay-type":"","overlay-color":"","overlay-opacity":"","overlay-gradient":""}}},"product_brand":[],"product_cat":[244,188,1118],"product_tag":[],"class_list":{"0":"post-279072","1":"product","2":"type-product","3":"status-publish","4":"has-post-thumbnail","6":"product_cat-france","7":"product_cat-freelancer","8":"product_cat-paris","9":"desktop-align-left","10":"tablet-align-left","11":"mobile-align-left","13":"first","14":"instock","15":"shipping-taxable","16":"product-type-simple"},"_links":{"self":[{"href":"https:\/\/poccky.com\/index.php\/wp-json\/wp\/v2\/product\/279072","targetHints":{"allow":["GET"]}}],"collection":[{"href":"https:\/\/poccky.com\/index.php\/wp-json\/wp\/v2\/product"}],"about":[{"href":"https:\/\/poccky.com\/index.php\/wp-json\/wp\/v2\/types\/product"}],"replies":[{"embeddable":true,"href":"https:\/\/poccky.com\/index.php\/wp-json\/wp\/v2\/comments?post=279072"}],"wp:featuredmedia":[{"embeddable":true,"href":"https:\/\/poccky.com\/index.php\/wp-json\/wp\/v2\/media\/121838"}],"wp:attachment":[{"href":"https:\/\/poccky.com\/index.php\/wp-json\/wp\/v2\/media?parent=279072"}],"wp:term":[{"taxonomy":"product_brand","embeddable":true,"href":"https:\/\/poccky.com\/index.php\/wp-json\/wp\/v2\/product_brand?post=279072"},{"taxonomy":"product_cat","embeddable":true,"href":"https:\/\/poccky.com\/index.php\/wp-json\/wp\/v2\/product_cat?post=279072"},{"taxonomy":"product_tag","embeddable":true,"href":"https:\/\/poccky.com\/index.php\/wp-json\/wp\/v2\/product_tag?post=279072"}],"curies":[{"name":"wp","href":"https:\/\/api.w.org\/{rel}","templated":true}]}}