{"id":278936,"date":"2023-10-29T00:35:01","date_gmt":"2023-10-29T00:35:01","guid":{"rendered":"https:\/\/poccky.com\/?post_type=product&#038;p=278936"},"modified":"2023-10-29T00:35:07","modified_gmt":"2023-10-29T00:35:07","slug":"ladyboy-cd-mischa","status":"publish","type":"product","link":"https:\/\/poccky.com\/index.php\/product\/ladyboy-cd-mischa\/","title":{"rendered":"LadyBoy CD Mischa"},"content":{"rendered":"","protected":false},"excerpt":{"rendered":"<p>hi everybody. I&#8217;m Ukrainian versatile Shemale Misha.. 23 183 90.. live in Sisli-Kurtulus(is very closed to taksim).. would you like to the enjoy. I&#8217;m here \ud83d\ude09<br \/>\nmen or women not problem for me \ud83d\ude09<\/p>\n<p>Herkese selamlar.. Ben Cross Mi?a.. 23 ya? 183 boy 90 kilo iyi e?itimli bak?ml? bir Crossum.. ?i?li -Kurtulu?ta&#8217;ki yerimde gizlilik ve g\u00fcven i\u00e7erisinde g\u00f6r\u00fc?mekteyim.. e?lenceli vakitler ge\u00e7irmek i\u00e7in numaram : \ud83d\ude09<br \/>\nBay veya Bayan fark etmez \ud83d\ude09<\/p>\n<p>myoreli0.wix.com\/sislicd My details Below mentioned<\/p>\n<p>                Nationality:<br \/>\n                Turkish-Causasian <\/p>\n<p>                Languages:<br \/>\n                English.  Turkish.  Russian<\/p>\n<p>                Age:<br \/>\n                23<\/p>\n<p>                Height:<br \/>\n                183<\/p>\n<p>                Weight:<br \/>\n                90<\/p>\n<p>                Hair:<br \/>\n                long black<\/p>\n<p>                Eyes:<br \/>\n                brown<\/p>\n","protected":false},"featured_media":121822,"comment_status":"open","ping_status":"closed","template":"","meta":{"site-sidebar-layout":"default","site-content-layout":"","ast-site-content-layout":"","site-content-style":"default","site-sidebar-style":"default","ast-global-header-display":"","ast-banner-title-visibility":"","ast-main-header-display":"","ast-hfb-above-header-display":"","ast-hfb-below-header-display":"","ast-hfb-mobile-header-display":"","site-post-title":"","ast-breadcrumbs-content":"","ast-featured-img":"","footer-sml-layout":"","theme-transparent-header-meta":"","adv-header-id-meta":"","stick-header-meta":"","header-above-stick-meta":"","header-main-stick-meta":"","header-below-stick-meta":"","astra-migrate-meta-layouts":"default","ast-page-background-enabled":"default","ast-page-background-meta":{"desktop":{"background-color":"var(--ast-global-color-4)","background-image":"","background-repeat":"repeat","background-position":"center center","background-size":"auto","background-attachment":"scroll","background-type":"","background-media":"","overlay-type":"","overlay-color":"","overlay-opacity":"","overlay-gradient":""},"tablet":{"background-color":"","background-image":"","background-repeat":"repeat","background-position":"center center","background-size":"auto","background-attachment":"scroll","background-type":"","background-media":"","overlay-type":"","overlay-color":"","overlay-opacity":"","overlay-gradient":""},"mobile":{"background-color":"","background-image":"","background-repeat":"repeat","background-position":"center center","background-size":"auto","background-attachment":"scroll","background-type":"","background-media":"","overlay-type":"","overlay-color":"","overlay-opacity":"","overlay-gradient":""}},"ast-content-background-meta":{"desktop":{"background-color":"var(--ast-global-color-5)","background-image":"","background-repeat":"repeat","background-position":"center center","background-size":"auto","background-attachment":"scroll","background-type":"","background-media":"","overlay-type":"","overlay-color":"","overlay-opacity":"","overlay-gradient":""},"tablet":{"background-color":"var(--ast-global-color-5)","background-image":"","background-repeat":"repeat","background-position":"center center","background-size":"auto","background-attachment":"scroll","background-type":"","background-media":"","overlay-type":"","overlay-color":"","overlay-opacity":"","overlay-gradient":""},"mobile":{"background-color":"var(--ast-global-color-5)","background-image":"","background-repeat":"repeat","background-position":"center center","background-size":"auto","background-attachment":"scroll","background-type":"","background-media":"","overlay-type":"","overlay-color":"","overlay-opacity":"","overlay-gradient":""}}},"product_brand":[],"product_cat":[188,1113,243],"product_tag":[],"class_list":{"0":"post-278936","1":"product","2":"type-product","3":"status-publish","4":"has-post-thumbnail","6":"product_cat-freelancer","7":"product_cat-istanbul","8":"product_cat-turky","9":"desktop-align-left","10":"tablet-align-left","11":"mobile-align-left","13":"first","14":"instock","15":"shipping-taxable","16":"product-type-simple"},"_links":{"self":[{"href":"https:\/\/poccky.com\/index.php\/wp-json\/wp\/v2\/product\/278936","targetHints":{"allow":["GET"]}}],"collection":[{"href":"https:\/\/poccky.com\/index.php\/wp-json\/wp\/v2\/product"}],"about":[{"href":"https:\/\/poccky.com\/index.php\/wp-json\/wp\/v2\/types\/product"}],"replies":[{"embeddable":true,"href":"https:\/\/poccky.com\/index.php\/wp-json\/wp\/v2\/comments?post=278936"}],"wp:featuredmedia":[{"embeddable":true,"href":"https:\/\/poccky.com\/index.php\/wp-json\/wp\/v2\/media\/121822"}],"wp:attachment":[{"href":"https:\/\/poccky.com\/index.php\/wp-json\/wp\/v2\/media?parent=278936"}],"wp:term":[{"taxonomy":"product_brand","embeddable":true,"href":"https:\/\/poccky.com\/index.php\/wp-json\/wp\/v2\/product_brand?post=278936"},{"taxonomy":"product_cat","embeddable":true,"href":"https:\/\/poccky.com\/index.php\/wp-json\/wp\/v2\/product_cat?post=278936"},{"taxonomy":"product_tag","embeddable":true,"href":"https:\/\/poccky.com\/index.php\/wp-json\/wp\/v2\/product_tag?post=278936"}],"curies":[{"name":"wp","href":"https:\/\/api.w.org\/{rel}","templated":true}]}}