{"id":277889,"date":"2023-10-28T23:54:05","date_gmt":"2023-10-28T23:54:05","guid":{"rendered":"https:\/\/poccky.com\/?post_type=product&#038;p=277889"},"modified":"2023-10-28T23:54:09","modified_gmt":"2023-10-28T23:54:09","slug":"leila-luxe","status":"publish","type":"product","link":"https:\/\/poccky.com\/index.php\/product\/leila-luxe\/","title":{"rendered":"leila luxe"},"content":{"rendered":"","protected":false},"excerpt":{"rendered":"<p>HELLO je suis leila une jolie femme douce sensuelle c\u00e2line spontan\u00e9e naturel et tr\u00e8s sympa !j&#8217;ai une jolie poitrine naturel 95c avec un cul bien rebondi vrai GFE coquine joueuse et sexy qui peut devenir PSE pour m\u00e2le qui aime domin\u00e9 si cela est votre envie. Si vous me rencontrer vous n&#8217;\u00eates pas pr\u00e8s de m&#8217;oublier ! je suis  s\u00e9lective mes tr\u00e8s ouverte je privil\u00e9gie des rencontres de qualit\u00e9 \u00e0 la quantit\u00e9 Hygi\u00e8ne irr\u00e9prochable courtoisie et respect Sont de rigueur pour me rencontrer je me d\u00e9place sous certaines conditions merci de votre compr\u00e9hension Sensuellement votre&#8230; Leila My details Below mentioned<\/p>\n<p>                Nationality:<br \/>\n                fran\u00e7aise  <\/p>\n<p>                Languages:<br \/>\n                fran\u00e7ais <\/p>\n<p>                Age:<br \/>\n                28<\/p>\n<p>                Height:<br \/>\n                166cm<\/p>\n<p>                Weight:<br \/>\n                61kg<\/p>\n<p>                Hair:<br \/>\n                long noir <\/p>\n<p>                Eyes:<br \/>\n                marrons <\/p>\n<p>                Measurements:<br \/>\n                99-65-100<\/p>\n","protected":false},"featured_media":114075,"comment_status":"open","ping_status":"closed","template":"","meta":{"site-sidebar-layout":"default","site-content-layout":"","ast-site-content-layout":"","site-content-style":"default","site-sidebar-style":"default","ast-global-header-display":"","ast-banner-title-visibility":"","ast-main-header-display":"","ast-hfb-above-header-display":"","ast-hfb-below-header-display":"","ast-hfb-mobile-header-display":"","site-post-title":"","ast-breadcrumbs-content":"","ast-featured-img":"","footer-sml-layout":"","theme-transparent-header-meta":"","adv-header-id-meta":"","stick-header-meta":"","header-above-stick-meta":"","header-main-stick-meta":"","header-below-stick-meta":"","astra-migrate-meta-layouts":"default","ast-page-background-enabled":"default","ast-page-background-meta":{"desktop":{"background-color":"var(--ast-global-color-4)","background-image":"","background-repeat":"repeat","background-position":"center center","background-size":"auto","background-attachment":"scroll","background-type":"","background-media":"","overlay-type":"","overlay-color":"","overlay-opacity":"","overlay-gradient":""},"tablet":{"background-color":"","background-image":"","background-repeat":"repeat","background-position":"center center","background-size":"auto","background-attachment":"scroll","background-type":"","background-media":"","overlay-type":"","overlay-color":"","overlay-opacity":"","overlay-gradient":""},"mobile":{"background-color":"","background-image":"","background-repeat":"repeat","background-position":"center center","background-size":"auto","background-attachment":"scroll","background-type":"","background-media":"","overlay-type":"","overlay-color":"","overlay-opacity":"","overlay-gradient":""}},"ast-content-background-meta":{"desktop":{"background-color":"var(--ast-global-color-5)","background-image":"","background-repeat":"repeat","background-position":"center center","background-size":"auto","background-attachment":"scroll","background-type":"","background-media":"","overlay-type":"","overlay-color":"","overlay-opacity":"","overlay-gradient":""},"tablet":{"background-color":"var(--ast-global-color-5)","background-image":"","background-repeat":"repeat","background-position":"center center","background-size":"auto","background-attachment":"scroll","background-type":"","background-media":"","overlay-type":"","overlay-color":"","overlay-opacity":"","overlay-gradient":""},"mobile":{"background-color":"var(--ast-global-color-5)","background-image":"","background-repeat":"repeat","background-position":"center center","background-size":"auto","background-attachment":"scroll","background-type":"","background-media":"","overlay-type":"","overlay-color":"","overlay-opacity":"","overlay-gradient":""}}},"product_brand":[],"product_cat":[244,188,1118],"product_tag":[],"class_list":{"0":"post-277889","1":"product","2":"type-product","3":"status-publish","4":"has-post-thumbnail","6":"product_cat-france","7":"product_cat-freelancer","8":"product_cat-paris","9":"desktop-align-left","10":"tablet-align-left","11":"mobile-align-left","13":"first","14":"instock","15":"shipping-taxable","16":"product-type-simple"},"_links":{"self":[{"href":"https:\/\/poccky.com\/index.php\/wp-json\/wp\/v2\/product\/277889","targetHints":{"allow":["GET"]}}],"collection":[{"href":"https:\/\/poccky.com\/index.php\/wp-json\/wp\/v2\/product"}],"about":[{"href":"https:\/\/poccky.com\/index.php\/wp-json\/wp\/v2\/types\/product"}],"replies":[{"embeddable":true,"href":"https:\/\/poccky.com\/index.php\/wp-json\/wp\/v2\/comments?post=277889"}],"wp:featuredmedia":[{"embeddable":true,"href":"https:\/\/poccky.com\/index.php\/wp-json\/wp\/v2\/media\/114075"}],"wp:attachment":[{"href":"https:\/\/poccky.com\/index.php\/wp-json\/wp\/v2\/media?parent=277889"}],"wp:term":[{"taxonomy":"product_brand","embeddable":true,"href":"https:\/\/poccky.com\/index.php\/wp-json\/wp\/v2\/product_brand?post=277889"},{"taxonomy":"product_cat","embeddable":true,"href":"https:\/\/poccky.com\/index.php\/wp-json\/wp\/v2\/product_cat?post=277889"},{"taxonomy":"product_tag","embeddable":true,"href":"https:\/\/poccky.com\/index.php\/wp-json\/wp\/v2\/product_tag?post=277889"}],"curies":[{"name":"wp","href":"https:\/\/api.w.org\/{rel}","templated":true}]}}