{"id":277466,"date":"2023-10-28T23:37:21","date_gmt":"2023-10-28T23:37:21","guid":{"rendered":"https:\/\/poccky.com\/?post_type=product&#038;p=277466"},"modified":"2023-10-28T23:37:26","modified_gmt":"2023-10-28T23:37:26","slug":"sexy-bcbg","status":"publish","type":"product","link":"https:\/\/poccky.com\/index.php\/product\/sexy-bcbg\/","title":{"rendered":"SEXY BCBG"},"content":{"rendered":"","protected":false},"excerpt":{"rendered":"<p>Tr\u00e8s belle jeune femme. issue du milieu bourgeois parisien. propose ACCOMPAGNEMENT ou RENCONTRE COMPLICE et D\u00c9COMPLEX\u00c9E HAUT DE GAMME. tout en simplicit\u00e9. dans une ambiance \u00c9ROTIQUE. PORNO-CHIC. SULFUREUSE. VOIRE DE C\u00c9R\u00c9BRALIT\u00c9. O\u00d9 S\u00c9DUCTION. SENSUALIT\u00c9. SUBTILIT\u00c9. INTENSIT\u00c9. RAFFINEMENT. PARTAGE ET AUTHENTICIT\u00c9 SERONT DE MISE&#8230;<\/p>\n<p>Dot\u00e9e d&#8217;une beaut\u00e9 froide et naturelle. soulign\u00e9e par de sublimes grands yeux verts-noisettes. une magnifique bouche. une peau extr\u00eamement douce. un teint clair et pr\u00e9cieux. subtilement contrast\u00e9 par une tr\u00e8s longue chevelure noire habillant parfaitement mes formes harmonieuses.<\/p>\n<p>Magnifique femme fatale. terriblement sensuelle. un style Raffin\u00e9. \u00c9l\u00e9gant. BCBG et Glamour.<br \/>\nV\u00eatue uniquement de\u00a0robes noires. sexy. sobres et raffin\u00e9es. je porte\u00a0toujours\u00a0pour mon propre plaisir de la\u00a0lingerie fine et de\u00a0hauts talons&#8230;<br \/>\n\u00a0Ayant le\u00a0souci du d\u00e9tail. un\u00a0brin perfectionniste et Fetichiste. mes\u00a0ongles\u00a0sont\u00a0toujours\u00a0parfaitement\u00a0et\u00a0\u00e9l\u00e9gamment\u00a0manucur\u00e9s&#8230;\u00a0<br \/>\nPour le plaisir des sens. je suis parfum\u00e9e de\u00a0l\u00e9g\u00e8res fragrances\u00a0envo\u00fbtantes et subtiles&#8230;\u00a0\u00a0\u00a0<br \/>\nPour les Gentlemen tr\u00e8s attentionn\u00e9s. j&#8217;adore d\u00e9guster de bons\u00a0vins blancs et\u00a0champagnes&#8230;<\/p>\n<p>D&#8217;un naturel g\u00e9n\u00e9reuse et attentionn\u00e9e. loin d&#8217;\u00eatre exp\u00e9ditive. j&#8217;offre toujours l&#8217;EXCLUSIVIT\u00c9 de ma personne lors de notre moment bas\u00e9 sur l&#8217;ECHANGE. la COMPLICIT\u00c9. le RESPECT et la DISCR\u00c9TION. et PRIVIL\u00c9GIE LES RENCONTRES DE QUALIT\u00c9S.<\/p>\n<p>S\u00c9LECTIVE ET EXIGEANTE. tout comme vous messieurs. j&#8217;attache une importance particuli\u00e8re \u00e0 la COURTOISIE. au FEELING et appr\u00e9cie grandement les gentlemen soign\u00e9s et n&#8217;accepte que l&#8217;hommes \u00e0 l&#8217;hygi\u00e8ne irr\u00e9prochable.\u00a0<\/p>\n<p>DE NATURE JOUEUSE ET C\u00c9R\u00c9BRALE. j&#8217;appr\u00e9cie par moment certaines propositions de SC\u00c9NARII (faisabilit\u00e9 et volont\u00e9 r\u00e9ciproque*).<\/p>\n<p>JE ME R\u00c9SERVE UNIQUEMENT AUX HOMMES SEULS. v\u00e9ritables GENTLEMEN. poss\u00e9dant un R\u00c9EL SAVOIR VIVRE qui. au-del\u00e0 d&#8217;une simple rencontre. recherchent une v\u00e9ritable ALCHIMIE&#8230;<\/p>\n<p>&#8212;&#8212;&#8212;&#8212;&#8212;&#8212;&#8212;&#8212;&#8212;&#8212;&#8212;&#8212;&#8212;CONTACT ET HORAIRES &#8212;&#8212;&#8212;&#8212;&#8212;&#8212;&#8212;&#8212;&#8212;&#8212;&#8212;&#8212;&#8212;&#8212;&#8211;<\/p>\n<p>&#8211; Vous pouvez me contacter par T\u00c9L\u00c9PHONE UNIQUEMENT (PAS DE NUMERO MASQU\u00c9) ou SMS en prenant le temps de vous PR\u00c9SENTER BRI\u00c8VEMENT PAR: NOM. AGE. ORIGINES et QUARTIER.<br \/>\n&#8211; NOTEZ qu&#8217;un\u00a0ECHANGE TELEPHONIQUE\u00a0SERA INDISPENSABLE\u00a0afin de s&#8217;assurer d&#8217;une premi\u00e8re bonne entente.<\/p>\n<p>OCCASIONNELLE. je ne suis pas tout le temps joignable. mais n&#8217;h\u00e9sitez pas \u00e0 me contacter dans ce cas UNIQUEMENT PAR SMS en me signifiant si vous souhaitez que je vous rappelle.<\/p>\n<p>&#8211; Si vous souhaitez passer une nuit enti\u00e8re pour une premi\u00e8re fois. sans ne m&#8217;avoir jamais rencontr\u00e9e. un acompte symbolique vous sera demand\u00e9.<\/p>\n<p>&#8211; Mes DISPONIBILIT\u00c9S SONT AL\u00c9ATOIRES\u00a0: 24\/\/7<br \/>\n&#8211; J&#8217;accepte les RDV pris \u00e0 l&#8217;avance et opportuns.<\/p>\n<p>&#8212;&#8212;&#8212;&#8212;&#8212;&#8212;&#8212;&#8212;&#8212;&#8212;&#8212;&#8212;&#8212;&#8212;&#8212;&#8211; DIAMANTS &#8212;&#8212;&#8212;&#8212;&#8212;&#8212;&#8212;&#8212;&#8212;&#8212;&#8212;&#8212;&#8212;&#8212;&#8212;&#8212;&#8212;&#8212;&#8211;<\/p>\n<p>\u00c0 REMETTRE D\u00c8S LE D\u00c9BUT DE NOTRE RENCONTRE. UNIQUEMENT EN ESPECES :<\/p>\n<p>mn\/1H&#8212;&#8211;300 Diamants &#8212;&#8212;&#8212;&#8212;&#8212;&#8212;-<br \/>\nH Diamants &#8212;&#8212;&#8212;&#8212;&#8212;&#8212;-<br \/>\nH Diamants &#8212;&#8212;&#8212;&#8212;&#8212;&#8212;-<br \/>\nH Diamants &#8212;&#8212;&#8212;&#8212;&#8212;&#8212;-<\/p>\n<p>-Heure suppl\u00e9mentaire: 300 Diamants&#8212;&#8212;&#8212;&#8212;&#8212;-<\/p>\n<p>&#8212;&#8212;&#8212;&#8212;&#8212;&#8212;&#8212;&#8212;&#8212;&#8212;&#8212;&#8212;&#8212;&#8212;- OUTCALL &#8212;&#8212;&#8212;&#8212;&#8212;&#8212;&#8212;&#8212;&#8212;&#8212;&#8212;&#8212;&#8212;&#8212;&#8212;&#8212;&#8212;&#8212;&#8212;-<\/p>\n<p>UNIQUEMENT PARIS INTRA-MUROS*\/NEUILLY-SUR-SEINE (H\u00d4TEL\/PARTICULIER).<br \/>\n\u00a0<\/p>\n<p>&#8212;&#8212;&#8212;&#8212;&#8212;&#8212;&#8212;&#8212;&#8212;&#8212;&#8212;&#8212;&#8212;&#8212;&#8212;- INCALL &#8212;&#8212;&#8212;&#8212;&#8212;&#8212;&#8212;&#8212;&#8212;&#8212;&#8212;&#8212;&#8212;&#8212;&#8212;&#8212;&#8212;&#8212;&#8212;&#8211;<\/p>\n<p>Je me d\u00e9place principalement mais je peux de fa\u00e7on occasionnelle vous recevoir en APPARTEMENT PRIV\u00c9. dans un quartier de STANDING.<\/p>\n<p>&#8212;&#8212;&#8212;&#8212;&#8212;&#8212;&#8212;&#8212;&#8212;&#8212;&#8212;&#8212;&#8212;&#8212;&#8212;&#8212;&#8212;&#8212;&#8212;&#8212;&#8212;&#8212;&#8212;&#8212;&#8212;&#8212;&#8212;&#8212;&#8212;&#8212;&#8212;&#8212;&#8212;&#8212;&#8212;&#8212;&#8211;<\/p>\n<p>V\u00e9ritable passionn\u00e9e du Plaisir. \u00e9picurienne. je consid\u00e8re la vie comme une Rencontre.<br \/>\nRencontres \u00e9ph\u00e9m\u00e8res ou suivies. chacune singuli\u00e8re. authentique voire marquante.<br \/>\nLa Rencontre est pour moi un Plaisir. un Art de vivre. tel est mon \u00e9tat d&#8217;esprit. ma philosophie&#8230;<\/p>\n<p>LOR<\/p>\n<p>Escort Haut de gamme. Paris My details Below mentioned<\/p>\n<p>                Nationality:<br \/>\n                FRENCH <\/p>\n<p>                Age:<br \/>\n                25<\/p>\n<p>                Height:<br \/>\n                175<\/p>\n<p>                Weight:<br \/>\n                64<\/p>\n<p>                Hair:<br \/>\n                BLACK \/ NOIR<\/p>\n<p>                Eyes:<br \/>\n                HAZEL<\/p>\n<p>                Measurements:<br \/>\n                95<\/p>\n","protected":false},"featured_media":114024,"comment_status":"open","ping_status":"closed","template":"","meta":{"site-sidebar-layout":"default","site-content-layout":"","ast-site-content-layout":"","site-content-style":"default","site-sidebar-style":"default","ast-global-header-display":"","ast-banner-title-visibility":"","ast-main-header-display":"","ast-hfb-above-header-display":"","ast-hfb-below-header-display":"","ast-hfb-mobile-header-display":"","site-post-title":"","ast-breadcrumbs-content":"","ast-featured-img":"","footer-sml-layout":"","theme-transparent-header-meta":"","adv-header-id-meta":"","stick-header-meta":"","header-above-stick-meta":"","header-main-stick-meta":"","header-below-stick-meta":"","astra-migrate-meta-layouts":"default","ast-page-background-enabled":"default","ast-page-background-meta":{"desktop":{"background-color":"var(--ast-global-color-4)","background-image":"","background-repeat":"repeat","background-position":"center center","background-size":"auto","background-attachment":"scroll","background-type":"","background-media":"","overlay-type":"","overlay-color":"","overlay-opacity":"","overlay-gradient":""},"tablet":{"background-color":"","background-image":"","background-repeat":"repeat","background-position":"center center","background-size":"auto","background-attachment":"scroll","background-type":"","background-media":"","overlay-type":"","overlay-color":"","overlay-opacity":"","overlay-gradient":""},"mobile":{"background-color":"","background-image":"","background-repeat":"repeat","background-position":"center center","background-size":"auto","background-attachment":"scroll","background-type":"","background-media":"","overlay-type":"","overlay-color":"","overlay-opacity":"","overlay-gradient":""}},"ast-content-background-meta":{"desktop":{"background-color":"var(--ast-global-color-5)","background-image":"","background-repeat":"repeat","background-position":"center center","background-size":"auto","background-attachment":"scroll","background-type":"","background-media":"","overlay-type":"","overlay-color":"","overlay-opacity":"","overlay-gradient":""},"tablet":{"background-color":"var(--ast-global-color-5)","background-image":"","background-repeat":"repeat","background-position":"center center","background-size":"auto","background-attachment":"scroll","background-type":"","background-media":"","overlay-type":"","overlay-color":"","overlay-opacity":"","overlay-gradient":""},"mobile":{"background-color":"var(--ast-global-color-5)","background-image":"","background-repeat":"repeat","background-position":"center center","background-size":"auto","background-attachment":"scroll","background-type":"","background-media":"","overlay-type":"","overlay-color":"","overlay-opacity":"","overlay-gradient":""}}},"product_brand":[],"product_cat":[244,188,1118],"product_tag":[],"class_list":{"0":"post-277466","1":"product","2":"type-product","3":"status-publish","4":"has-post-thumbnail","6":"product_cat-france","7":"product_cat-freelancer","8":"product_cat-paris","9":"desktop-align-left","10":"tablet-align-left","11":"mobile-align-left","13":"first","14":"instock","15":"shipping-taxable","16":"product-type-simple"},"_links":{"self":[{"href":"https:\/\/poccky.com\/index.php\/wp-json\/wp\/v2\/product\/277466","targetHints":{"allow":["GET"]}}],"collection":[{"href":"https:\/\/poccky.com\/index.php\/wp-json\/wp\/v2\/product"}],"about":[{"href":"https:\/\/poccky.com\/index.php\/wp-json\/wp\/v2\/types\/product"}],"replies":[{"embeddable":true,"href":"https:\/\/poccky.com\/index.php\/wp-json\/wp\/v2\/comments?post=277466"}],"wp:featuredmedia":[{"embeddable":true,"href":"https:\/\/poccky.com\/index.php\/wp-json\/wp\/v2\/media\/114024"}],"wp:attachment":[{"href":"https:\/\/poccky.com\/index.php\/wp-json\/wp\/v2\/media?parent=277466"}],"wp:term":[{"taxonomy":"product_brand","embeddable":true,"href":"https:\/\/poccky.com\/index.php\/wp-json\/wp\/v2\/product_brand?post=277466"},{"taxonomy":"product_cat","embeddable":true,"href":"https:\/\/poccky.com\/index.php\/wp-json\/wp\/v2\/product_cat?post=277466"},{"taxonomy":"product_tag","embeddable":true,"href":"https:\/\/poccky.com\/index.php\/wp-json\/wp\/v2\/product_tag?post=277466"}],"curies":[{"name":"wp","href":"https:\/\/api.w.org\/{rel}","templated":true}]}}