{"id":277224,"date":"2023-10-28T23:28:21","date_gmt":"2023-10-28T23:28:21","guid":{"rendered":"https:\/\/poccky.com\/?post_type=product&#038;p=277224"},"modified":"2023-10-28T23:28:24","modified_gmt":"2023-10-28T23:28:24","slug":"sexy-7","status":"publish","type":"product","link":"https:\/\/poccky.com\/index.php\/product\/sexy-7\/","title":{"rendered":"Sexy"},"content":{"rendered":"","protected":false},"excerpt":{"rendered":"<p>Till \u00e5 b\u00f6rja med s\u00e5 vill jag garantera att alla bilder jag l\u00e4gger upp \u00e4r mina egna privata 23 \u00e5r sexig escort Sexig len kropp stora silikon br\u00f6st Bl\u00e5a \u00f6gon l\u00e5ngt m\u00f6rkt h\u00e5r. Med mig f\u00e5r du ha vanlig sk\u00f6n sex utan n\u00e5gon som helst stress. Jag gillar att suga l\u00e4nge \u00e5 djupt \u00e5 g\u00f6r g\u00e4rna det inna vi b\u00f6rjar ha sex.  Har eget st\u00e4lle i sankteriksplan. Om du hellre vill att vi tr\u00e4ffas hemma hos dig eller i din bil s\u00e5 g\u00e5r det ox\u00e5 bra men is\u00e5fall m\u00e5ste du h\u00e4mta mig f\u00f6rsta tr\u00e4ffen.  Jag tr\u00e4ffar endast hel svenska m\u00e4n (ej heller adopterade g\u00f6r aldrig undantag respektera det )din \u00e5lder 35-55 \u00e5r.  Jobbar alla dagar fr\u00e5n kl 11-22  Jag pratar flytande svenska \u00e5 engelska  30 min 1500 kr  60 min 2500 kr  avsugning 1000 kr  avsugning 1500 utan kondom  073-66 999 17 svarar aldrig p\u00e5 dolda nr \u00e5 jag bokar inte endast per sms vill g\u00e4rna att vi pratar f\u00f6rst&#8230;..Sexy 23 Jag lovar att det \u00e4r jag p\u00e5 bilderna. Om du inte gillar det du ser d\u00e5 \u00e4r det bara att be mig g\u00e5. My details Below mentioned<\/p>\n<p>                Nationality:<br \/>\n                svenska <\/p>\n<p>                Languages:<br \/>\n                svenska<\/p>\n<p>                Age:<br \/>\n                23<\/p>\n<p>                Height:<br \/>\n                162<\/p>\n<p>                Weight:<br \/>\n                57<\/p>\n<p>                Hair:<br \/>\n                m\u00f6rk<\/p>\n<p>                Eyes:<br \/>\n                bl\u00e5phone_android Phone:<br \/>\n          0736699917<\/p>\n","protected":false},"featured_media":124336,"comment_status":"open","ping_status":"closed","template":"","meta":{"site-sidebar-layout":"default","site-content-layout":"","ast-site-content-layout":"","site-content-style":"default","site-sidebar-style":"default","ast-global-header-display":"","ast-banner-title-visibility":"","ast-main-header-display":"","ast-hfb-above-header-display":"","ast-hfb-below-header-display":"","ast-hfb-mobile-header-display":"","site-post-title":"","ast-breadcrumbs-content":"","ast-featured-img":"","footer-sml-layout":"","theme-transparent-header-meta":"","adv-header-id-meta":"","stick-header-meta":"","header-above-stick-meta":"","header-main-stick-meta":"","header-below-stick-meta":"","astra-migrate-meta-layouts":"default","ast-page-background-enabled":"default","ast-page-background-meta":{"desktop":{"background-color":"var(--ast-global-color-4)","background-image":"","background-repeat":"repeat","background-position":"center center","background-size":"auto","background-attachment":"scroll","background-type":"","background-media":"","overlay-type":"","overlay-color":"","overlay-opacity":"","overlay-gradient":""},"tablet":{"background-color":"","background-image":"","background-repeat":"repeat","background-position":"center center","background-size":"auto","background-attachment":"scroll","background-type":"","background-media":"","overlay-type":"","overlay-color":"","overlay-opacity":"","overlay-gradient":""},"mobile":{"background-color":"","background-image":"","background-repeat":"repeat","background-position":"center center","background-size":"auto","background-attachment":"scroll","background-type":"","background-media":"","overlay-type":"","overlay-color":"","overlay-opacity":"","overlay-gradient":""}},"ast-content-background-meta":{"desktop":{"background-color":"var(--ast-global-color-5)","background-image":"","background-repeat":"repeat","background-position":"center center","background-size":"auto","background-attachment":"scroll","background-type":"","background-media":"","overlay-type":"","overlay-color":"","overlay-opacity":"","overlay-gradient":""},"tablet":{"background-color":"var(--ast-global-color-5)","background-image":"","background-repeat":"repeat","background-position":"center center","background-size":"auto","background-attachment":"scroll","background-type":"","background-media":"","overlay-type":"","overlay-color":"","overlay-opacity":"","overlay-gradient":""},"mobile":{"background-color":"var(--ast-global-color-5)","background-image":"","background-repeat":"repeat","background-position":"center center","background-size":"auto","background-attachment":"scroll","background-type":"","background-media":"","overlay-type":"","overlay-color":"","overlay-opacity":"","overlay-gradient":""}}},"product_brand":[],"product_cat":[188,1115,957],"product_tag":[],"class_list":{"0":"post-277224","1":"product","2":"type-product","3":"status-publish","4":"has-post-thumbnail","6":"product_cat-freelancer","7":"product_cat-stockholm","8":"product_cat-sweden","9":"desktop-align-left","10":"tablet-align-left","11":"mobile-align-left","13":"first","14":"instock","15":"shipping-taxable","16":"product-type-simple"},"_links":{"self":[{"href":"https:\/\/poccky.com\/index.php\/wp-json\/wp\/v2\/product\/277224","targetHints":{"allow":["GET"]}}],"collection":[{"href":"https:\/\/poccky.com\/index.php\/wp-json\/wp\/v2\/product"}],"about":[{"href":"https:\/\/poccky.com\/index.php\/wp-json\/wp\/v2\/types\/product"}],"replies":[{"embeddable":true,"href":"https:\/\/poccky.com\/index.php\/wp-json\/wp\/v2\/comments?post=277224"}],"wp:featuredmedia":[{"embeddable":true,"href":"https:\/\/poccky.com\/index.php\/wp-json\/wp\/v2\/media\/124336"}],"wp:attachment":[{"href":"https:\/\/poccky.com\/index.php\/wp-json\/wp\/v2\/media?parent=277224"}],"wp:term":[{"taxonomy":"product_brand","embeddable":true,"href":"https:\/\/poccky.com\/index.php\/wp-json\/wp\/v2\/product_brand?post=277224"},{"taxonomy":"product_cat","embeddable":true,"href":"https:\/\/poccky.com\/index.php\/wp-json\/wp\/v2\/product_cat?post=277224"},{"taxonomy":"product_tag","embeddable":true,"href":"https:\/\/poccky.com\/index.php\/wp-json\/wp\/v2\/product_tag?post=277224"}],"curies":[{"name":"wp","href":"https:\/\/api.w.org\/{rel}","templated":true}]}}