{"id":276083,"date":"2023-10-28T22:44:12","date_gmt":"2023-10-28T22:44:12","guid":{"rendered":"https:\/\/poccky.com\/?post_type=product&#038;p=276083"},"modified":"2023-10-28T22:44:16","modified_gmt":"2023-10-28T22:44:16","slug":"mila-vip","status":"publish","type":"product","link":"https:\/\/poccky.com\/index.php\/product\/mila-vip\/","title":{"rendered":"Mila VIP"},"content":{"rendered":"","protected":false},"excerpt":{"rendered":"<p>France<br \/>\nH\u00e9t\u00e9rosexuelle<br \/>\nPage vue<br \/>\n151<br \/>\nVille de la base:<br \/>\nFrance . Paris<br \/>\nNationalit\u00e9:<br \/>\nRusse<br \/>\n\u00c2ge:<br \/>\n25<br \/>\nHauteur:<br \/>\n165cm \/ 5&#8217;4\u201d<br \/>\nPoids:<br \/>\n50kg \/ 110lbs<br \/>\nCorps (cm):<br \/>\n90\/60\/90<br \/>\nCheveux:<br \/>\nBrune<br \/>\nYeux:<br \/>\nNoisette<br \/>\nOrientation:<br \/>\nH\u00e9t\u00e9rosexuelle<br \/>\nD\u00e9place:<br \/>\nChambre d&#8217;h\u00f4tel<br \/>\nRencontre avec:<br \/>\nHommes<br \/>\nLangues:<br \/>\nAnglais<br \/>\nDemande de r\u00e9union<br \/>\nCall Girl Num\u00e9ro de t\u00e9l\u00e9phone (SMS):<\/p>\n<p>Email:<br \/>\nContactez-moi<br \/>\nPRIX<br \/>\n1H:350 EUR<\/p>\n<p>2H:500 EUR<br \/>\nJe voudrais rencontrer Mila<br \/>\nCONCERNANT Mila Escorte<br \/>\nHello Gentleman. its Mila from 25yo. your sexy vixen with a curious imagination. If you didn\u2019t have the pleasure of meeting with me before. now is the perfect chance! I love my encounters to be full of relaxation and pure ecstasy. Allow me to fulfill your every need and desire with my enticing sex appeal My details Below mentioned<\/p>\n<p>                Nationality:<br \/>\n                russian <\/p>\n<p>                Languages:<br \/>\n                english. <\/p>\n<p>                Age:<br \/>\n                25<\/p>\n<p>                Height:<br \/>\n                165<\/p>\n<p>                Weight:<br \/>\n                50<\/p>\n<p>                Hair:<br \/>\n                brunet<\/p>\n<p>                Eyes:<br \/>\n                brown<\/p>\n<p>                Measurements:<br \/>\n                sexy-sexy-sexy))))<\/p>\n","protected":false},"featured_media":120663,"comment_status":"open","ping_status":"closed","template":"","meta":{"site-sidebar-layout":"default","site-content-layout":"","ast-site-content-layout":"","site-content-style":"default","site-sidebar-style":"default","ast-global-header-display":"","ast-banner-title-visibility":"","ast-main-header-display":"","ast-hfb-above-header-display":"","ast-hfb-below-header-display":"","ast-hfb-mobile-header-display":"","site-post-title":"","ast-breadcrumbs-content":"","ast-featured-img":"","footer-sml-layout":"","theme-transparent-header-meta":"","adv-header-id-meta":"","stick-header-meta":"","header-above-stick-meta":"","header-main-stick-meta":"","header-below-stick-meta":"","astra-migrate-meta-layouts":"default","ast-page-background-enabled":"default","ast-page-background-meta":{"desktop":{"background-color":"var(--ast-global-color-4)","background-image":"","background-repeat":"repeat","background-position":"center center","background-size":"auto","background-attachment":"scroll","background-type":"","background-media":"","overlay-type":"","overlay-color":"","overlay-opacity":"","overlay-gradient":""},"tablet":{"background-color":"","background-image":"","background-repeat":"repeat","background-position":"center center","background-size":"auto","background-attachment":"scroll","background-type":"","background-media":"","overlay-type":"","overlay-color":"","overlay-opacity":"","overlay-gradient":""},"mobile":{"background-color":"","background-image":"","background-repeat":"repeat","background-position":"center center","background-size":"auto","background-attachment":"scroll","background-type":"","background-media":"","overlay-type":"","overlay-color":"","overlay-opacity":"","overlay-gradient":""}},"ast-content-background-meta":{"desktop":{"background-color":"var(--ast-global-color-5)","background-image":"","background-repeat":"repeat","background-position":"center center","background-size":"auto","background-attachment":"scroll","background-type":"","background-media":"","overlay-type":"","overlay-color":"","overlay-opacity":"","overlay-gradient":""},"tablet":{"background-color":"var(--ast-global-color-5)","background-image":"","background-repeat":"repeat","background-position":"center center","background-size":"auto","background-attachment":"scroll","background-type":"","background-media":"","overlay-type":"","overlay-color":"","overlay-opacity":"","overlay-gradient":""},"mobile":{"background-color":"var(--ast-global-color-5)","background-image":"","background-repeat":"repeat","background-position":"center center","background-size":"auto","background-attachment":"scroll","background-type":"","background-media":"","overlay-type":"","overlay-color":"","overlay-opacity":"","overlay-gradient":""}}},"product_brand":[],"product_cat":[244,188,1118],"product_tag":[],"class_list":{"0":"post-276083","1":"product","2":"type-product","3":"status-publish","4":"has-post-thumbnail","6":"product_cat-france","7":"product_cat-freelancer","8":"product_cat-paris","9":"desktop-align-left","10":"tablet-align-left","11":"mobile-align-left","13":"first","14":"instock","15":"shipping-taxable","16":"product-type-simple"},"_links":{"self":[{"href":"https:\/\/poccky.com\/index.php\/wp-json\/wp\/v2\/product\/276083","targetHints":{"allow":["GET"]}}],"collection":[{"href":"https:\/\/poccky.com\/index.php\/wp-json\/wp\/v2\/product"}],"about":[{"href":"https:\/\/poccky.com\/index.php\/wp-json\/wp\/v2\/types\/product"}],"replies":[{"embeddable":true,"href":"https:\/\/poccky.com\/index.php\/wp-json\/wp\/v2\/comments?post=276083"}],"wp:featuredmedia":[{"embeddable":true,"href":"https:\/\/poccky.com\/index.php\/wp-json\/wp\/v2\/media\/120663"}],"wp:attachment":[{"href":"https:\/\/poccky.com\/index.php\/wp-json\/wp\/v2\/media?parent=276083"}],"wp:term":[{"taxonomy":"product_brand","embeddable":true,"href":"https:\/\/poccky.com\/index.php\/wp-json\/wp\/v2\/product_brand?post=276083"},{"taxonomy":"product_cat","embeddable":true,"href":"https:\/\/poccky.com\/index.php\/wp-json\/wp\/v2\/product_cat?post=276083"},{"taxonomy":"product_tag","embeddable":true,"href":"https:\/\/poccky.com\/index.php\/wp-json\/wp\/v2\/product_tag?post=276083"}],"curies":[{"name":"wp","href":"https:\/\/api.w.org\/{rel}","templated":true}]}}