{"id":275570,"date":"2023-10-28T22:22:55","date_gmt":"2023-10-28T22:22:55","guid":{"rendered":"https:\/\/poccky.com\/?post_type=product&#038;p=275570"},"modified":"2023-10-28T22:23:04","modified_gmt":"2023-10-28T22:23:04","slug":"alina-55","status":"publish","type":"product","link":"https:\/\/poccky.com\/index.php\/product\/alina-55\/","title":{"rendered":"Alina"},"content":{"rendered":"","protected":false},"excerpt":{"rendered":"<p>Hello Gentleman!<\/p>\n<p>The man will always be delighted in a girl. If you desire the company of classy girl with a sweet personality I am a perfect companion for intimate time or with company.<\/p>\n<p>My name is Alina. Naturally busty and blonde . I am shine with my genuine presence and captivating spirit. I am classy. erotic. kinky and dominant if it&#8217;s when necessary. As Paris premier. mature independent escort I make a point of being what you want me to be. I have no equal for the discerning gentleman.<\/p>\n<p>If you need brake at day time I have a lunch-time service for those who busy at work.<\/p>\n<p>I am happy to entertain mature clients especially if chemistry is right.<\/p>\n<p>I love to be photographed. It makes me very excited!<\/p>\n<p>Fetish and fantasy service have to be by special request.<\/p>\n<p>All your personal information will remain confidential and safe.<\/p>\n<p>No phone numbers are kept and no text messaging from me unless I am responding to yours.<\/p>\n<p>No blocked numbers or SMS can be required for in calls or out calls.<\/p>\n<p>Your date will be one to remember.<\/p>\n<p>Call now for sensual and erotic adventure<br \/>\n______________________________________________________<br \/>\nUn peu d&#8217;informations sur moi<\/p>\n<p>Bonjour monsieur!<\/p>\n<p>L&#8217;homme sera toujours heureux chez une fille. Si vous d\u00e9sirez la compagnie d&#8217;une jeune fille chic avec une personnalit\u00e9 douce Je suis un compagnon id\u00e9al pour les moments intimes ou \u00e0 l&#8217;entreprise.<\/p>\n<p>Mon nom est Alina. Naturellement plantureuse blonde et je suis \u00e9clat de ma pr\u00e9sence r\u00e9elle et l&#8217;esprit captivant. Je suis chic. \u00e9rotique. libertin et dominant si ce n&#8217;est lorsque cela est n\u00e9cessaire. Comme Paris premier. escorte ind\u00e9pendante maturit\u00e9 je fais un devoir d&#8217;\u00eatre ce que vous voulez que je sois. Je n&#8217;ai pas d&#8217;\u00e9gal pour le monsieur exigeants.<\/p>\n<p>Si vous avez besoin frein au moment de la journ\u00e9e. je dois un service heure du d\u00e9jeuner pour ceux qui occup\u00e9 au travail.<\/p>\n<p>Je suis heureux de divertir les clients matures. surtout si la chimie est bonne.<\/p>\n<p>J&#8217;aime \u00eatre photographi\u00e9. Cela me rend tr\u00e8s excit\u00e9!<\/p>\n<p>F\u00e9tiche et un service de fantaisie doivent \u00eatre sur demande sp\u00e9ciale.<\/p>\n<p>Toutes vos informations personnelles resteront confidentielles et s\u00e9curitaire.<\/p>\n<p>Pas de num\u00e9ros de t\u00e9l\u00e9phone sont conserv\u00e9s et pas la messagerie texte de moi. si je r\u00e9ponds \u00e0 la v\u00f4tre.<\/p>\n<p>Pas de chiffres ou SMS bloqu\u00e9s peuvent \u00eatre n\u00e9cessaires pour des appels ou des appels.<\/p>\n<p>Votre date sera un moment inoubliable.<\/p>\n<p>Appelez d\u00e8s maintenant pour aventure sensuelle et \u00e9rotique My details Below mentioned<\/p>\n<p>                Nationality:<br \/>\n                Belarusian <\/p>\n<p>                Languages:<br \/>\n                English<\/p>\n<p>                Age:<br \/>\n                22<\/p>\n<p>                Height:<br \/>\n                165 cm<\/p>\n<p>                Weight:<br \/>\n                52 kg<\/p>\n<p>                Hair:<br \/>\n                LONG BLOND<\/p>\n<p>                Eyes:<br \/>\n                DARKBLUE<\/p>\n<p>                Measurements:<br \/>\n                100-60-90Companionship rates:<\/p>\n<p>                  2 hours rate<br \/>\n                  450 EUR<\/p>\n","protected":false},"featured_media":113870,"comment_status":"open","ping_status":"closed","template":"","meta":{"site-sidebar-layout":"default","site-content-layout":"","ast-site-content-layout":"","site-content-style":"default","site-sidebar-style":"default","ast-global-header-display":"","ast-banner-title-visibility":"","ast-main-header-display":"","ast-hfb-above-header-display":"","ast-hfb-below-header-display":"","ast-hfb-mobile-header-display":"","site-post-title":"","ast-breadcrumbs-content":"","ast-featured-img":"","footer-sml-layout":"","theme-transparent-header-meta":"","adv-header-id-meta":"","stick-header-meta":"","header-above-stick-meta":"","header-main-stick-meta":"","header-below-stick-meta":"","astra-migrate-meta-layouts":"default","ast-page-background-enabled":"default","ast-page-background-meta":{"desktop":{"background-color":"var(--ast-global-color-4)","background-image":"","background-repeat":"repeat","background-position":"center center","background-size":"auto","background-attachment":"scroll","background-type":"","background-media":"","overlay-type":"","overlay-color":"","overlay-opacity":"","overlay-gradient":""},"tablet":{"background-color":"","background-image":"","background-repeat":"repeat","background-position":"center center","background-size":"auto","background-attachment":"scroll","background-type":"","background-media":"","overlay-type":"","overlay-color":"","overlay-opacity":"","overlay-gradient":""},"mobile":{"background-color":"","background-image":"","background-repeat":"repeat","background-position":"center center","background-size":"auto","background-attachment":"scroll","background-type":"","background-media":"","overlay-type":"","overlay-color":"","overlay-opacity":"","overlay-gradient":""}},"ast-content-background-meta":{"desktop":{"background-color":"var(--ast-global-color-5)","background-image":"","background-repeat":"repeat","background-position":"center center","background-size":"auto","background-attachment":"scroll","background-type":"","background-media":"","overlay-type":"","overlay-color":"","overlay-opacity":"","overlay-gradient":""},"tablet":{"background-color":"var(--ast-global-color-5)","background-image":"","background-repeat":"repeat","background-position":"center center","background-size":"auto","background-attachment":"scroll","background-type":"","background-media":"","overlay-type":"","overlay-color":"","overlay-opacity":"","overlay-gradient":""},"mobile":{"background-color":"var(--ast-global-color-5)","background-image":"","background-repeat":"repeat","background-position":"center center","background-size":"auto","background-attachment":"scroll","background-type":"","background-media":"","overlay-type":"","overlay-color":"","overlay-opacity":"","overlay-gradient":""}}},"product_brand":[],"product_cat":[244,188,1118],"product_tag":[],"class_list":{"0":"post-275570","1":"product","2":"type-product","3":"status-publish","4":"has-post-thumbnail","6":"product_cat-france","7":"product_cat-freelancer","8":"product_cat-paris","9":"desktop-align-left","10":"tablet-align-left","11":"mobile-align-left","13":"first","14":"instock","15":"shipping-taxable","16":"product-type-simple"},"_links":{"self":[{"href":"https:\/\/poccky.com\/index.php\/wp-json\/wp\/v2\/product\/275570","targetHints":{"allow":["GET"]}}],"collection":[{"href":"https:\/\/poccky.com\/index.php\/wp-json\/wp\/v2\/product"}],"about":[{"href":"https:\/\/poccky.com\/index.php\/wp-json\/wp\/v2\/types\/product"}],"replies":[{"embeddable":true,"href":"https:\/\/poccky.com\/index.php\/wp-json\/wp\/v2\/comments?post=275570"}],"wp:featuredmedia":[{"embeddable":true,"href":"https:\/\/poccky.com\/index.php\/wp-json\/wp\/v2\/media\/113870"}],"wp:attachment":[{"href":"https:\/\/poccky.com\/index.php\/wp-json\/wp\/v2\/media?parent=275570"}],"wp:term":[{"taxonomy":"product_brand","embeddable":true,"href":"https:\/\/poccky.com\/index.php\/wp-json\/wp\/v2\/product_brand?post=275570"},{"taxonomy":"product_cat","embeddable":true,"href":"https:\/\/poccky.com\/index.php\/wp-json\/wp\/v2\/product_cat?post=275570"},{"taxonomy":"product_tag","embeddable":true,"href":"https:\/\/poccky.com\/index.php\/wp-json\/wp\/v2\/product_tag?post=275570"}],"curies":[{"name":"wp","href":"https:\/\/api.w.org\/{rel}","templated":true}]}}