{"id":274750,"date":"2023-10-28T21:50:17","date_gmt":"2023-10-28T21:50:17","guid":{"rendered":"https:\/\/poccky.com\/?post_type=product&#038;p=274750"},"modified":"2023-10-28T21:50:23","modified_gmt":"2023-10-28T21:50:23","slug":"lor-paris","status":"publish","type":"product","link":"https:\/\/poccky.com\/index.php\/product\/lor-paris\/","title":{"rendered":"Lor Paris"},"content":{"rendered":"","protected":false},"excerpt":{"rendered":"<p>Tr\u00e8s belle jeune femme. issue du milieu bourgeois parisien. propose ACCOMPAGNEMENT ou RENCONTRE complice et d\u00e9compl\u00e9x\u00e9e HAUT DE GAMME. tout en simplicit\u00e9. dans un ambiance \u00c9ROTIQUE. PORNO-CHIC voire de C\u00c9R\u00c9BRALIT\u00c9. o\u00f9 s\u00e9duction. intensit\u00e9. raffinement. qualit\u00e9 et AUTHENTICIT\u00c9 seront de mise&#8230;<\/p>\n<p>Plut\u00f4t Femme fatale. je suis dot\u00e9e d&#8217;une beaut\u00e9 froide soulign\u00e9e par de magnifiques grands yeux hazel. un teint tr\u00e8s clair subtilement contrast\u00e9 par une tr\u00e8s longue chevelure noire habillant parfaitement mes formes harmonieuses et voluptueuses.<\/p>\n<p>J&#8217;appr\u00e9cie \u00e9galement par moment certaines propositions de sc\u00e9narii (faisabilit\u00e9 et volont\u00e9 r\u00e9ciproque*).<\/p>\n<p>OCCASIONNELLE et S\u00c9L\u00c9CTIVE. tout comme vous Messieurs. j&#8217;attache une importance particuli\u00e8re \u00e0 la COURTOISIE et au FEELIN.G et PRIVIL\u00c9GIE LA QUALIT\u00c9 de mes rencontres \u00e0 la quantit\u00e9.<\/p>\n<p>Loin d&#8217;\u00eatre exp\u00e9ditive. j&#8217;offre TOUJOURS l&#8217;EXCLUSIVIT\u00c9 de ma personne lors de notre rencontre bas\u00e9e sur l&#8217;\u00c9CHANGE. la COMPLICIT\u00c9. le RESPECT et la DISCR\u00c9TION.<\/p>\n<p>Je me r\u00e9serve donc uniquement aux HOMMES \u00c9LITISTES poss\u00e9dant un r\u00e9el SAVOIR VIVRE qui. au-del\u00e0 d&#8217;une simple rencontre. recherchent une V\u00c9RITABLE ALCHIMIE&#8230; My details Below mentioned<\/p>\n<p>                Nationality:<br \/>\n                FRENCH <\/p>\n<p>                Languages:<br \/>\n                FRNCH<\/p>\n<p>                Age:<br \/>\n                26<\/p>\n<p>                Height:<br \/>\n                175<\/p>\n<p>                Weight:<br \/>\n                64<\/p>\n<p>                Hair:<br \/>\n                LONG BLACK <\/p>\n<p>                Eyes:<br \/>\n                HAZEL<\/p>\n<p>                Measurements:<br \/>\n                95<\/p>\n","protected":false},"featured_media":111104,"comment_status":"open","ping_status":"closed","template":"","meta":{"site-sidebar-layout":"default","site-content-layout":"","ast-site-content-layout":"","site-content-style":"default","site-sidebar-style":"default","ast-global-header-display":"","ast-banner-title-visibility":"","ast-main-header-display":"","ast-hfb-above-header-display":"","ast-hfb-below-header-display":"","ast-hfb-mobile-header-display":"","site-post-title":"","ast-breadcrumbs-content":"","ast-featured-img":"","footer-sml-layout":"","theme-transparent-header-meta":"","adv-header-id-meta":"","stick-header-meta":"","header-above-stick-meta":"","header-main-stick-meta":"","header-below-stick-meta":"","astra-migrate-meta-layouts":"default","ast-page-background-enabled":"default","ast-page-background-meta":{"desktop":{"background-color":"var(--ast-global-color-4)","background-image":"","background-repeat":"repeat","background-position":"center center","background-size":"auto","background-attachment":"scroll","background-type":"","background-media":"","overlay-type":"","overlay-color":"","overlay-opacity":"","overlay-gradient":""},"tablet":{"background-color":"","background-image":"","background-repeat":"repeat","background-position":"center center","background-size":"auto","background-attachment":"scroll","background-type":"","background-media":"","overlay-type":"","overlay-color":"","overlay-opacity":"","overlay-gradient":""},"mobile":{"background-color":"","background-image":"","background-repeat":"repeat","background-position":"center center","background-size":"auto","background-attachment":"scroll","background-type":"","background-media":"","overlay-type":"","overlay-color":"","overlay-opacity":"","overlay-gradient":""}},"ast-content-background-meta":{"desktop":{"background-color":"var(--ast-global-color-5)","background-image":"","background-repeat":"repeat","background-position":"center center","background-size":"auto","background-attachment":"scroll","background-type":"","background-media":"","overlay-type":"","overlay-color":"","overlay-opacity":"","overlay-gradient":""},"tablet":{"background-color":"var(--ast-global-color-5)","background-image":"","background-repeat":"repeat","background-position":"center center","background-size":"auto","background-attachment":"scroll","background-type":"","background-media":"","overlay-type":"","overlay-color":"","overlay-opacity":"","overlay-gradient":""},"mobile":{"background-color":"var(--ast-global-color-5)","background-image":"","background-repeat":"repeat","background-position":"center center","background-size":"auto","background-attachment":"scroll","background-type":"","background-media":"","overlay-type":"","overlay-color":"","overlay-opacity":"","overlay-gradient":""}}},"product_brand":[],"product_cat":[244,188,1118],"product_tag":[],"class_list":{"0":"post-274750","1":"product","2":"type-product","3":"status-publish","4":"has-post-thumbnail","6":"product_cat-france","7":"product_cat-freelancer","8":"product_cat-paris","9":"desktop-align-left","10":"tablet-align-left","11":"mobile-align-left","13":"first","14":"instock","15":"shipping-taxable","16":"product-type-simple"},"_links":{"self":[{"href":"https:\/\/poccky.com\/index.php\/wp-json\/wp\/v2\/product\/274750","targetHints":{"allow":["GET"]}}],"collection":[{"href":"https:\/\/poccky.com\/index.php\/wp-json\/wp\/v2\/product"}],"about":[{"href":"https:\/\/poccky.com\/index.php\/wp-json\/wp\/v2\/types\/product"}],"replies":[{"embeddable":true,"href":"https:\/\/poccky.com\/index.php\/wp-json\/wp\/v2\/comments?post=274750"}],"wp:featuredmedia":[{"embeddable":true,"href":"https:\/\/poccky.com\/index.php\/wp-json\/wp\/v2\/media\/111104"}],"wp:attachment":[{"href":"https:\/\/poccky.com\/index.php\/wp-json\/wp\/v2\/media?parent=274750"}],"wp:term":[{"taxonomy":"product_brand","embeddable":true,"href":"https:\/\/poccky.com\/index.php\/wp-json\/wp\/v2\/product_brand?post=274750"},{"taxonomy":"product_cat","embeddable":true,"href":"https:\/\/poccky.com\/index.php\/wp-json\/wp\/v2\/product_cat?post=274750"},{"taxonomy":"product_tag","embeddable":true,"href":"https:\/\/poccky.com\/index.php\/wp-json\/wp\/v2\/product_tag?post=274750"}],"curies":[{"name":"wp","href":"https:\/\/api.w.org\/{rel}","templated":true}]}}