{"id":274358,"date":"2023-10-28T21:35:52","date_gmt":"2023-10-28T21:35:52","guid":{"rendered":"https:\/\/poccky.com\/?post_type=product&#038;p=274358"},"modified":"2023-10-28T21:35:53","modified_gmt":"2023-10-28T21:35:53","slug":"sarah-16","status":"publish","type":"product","link":"https:\/\/poccky.com\/index.php\/product\/sarah-16\/","title":{"rendered":"Sarah"},"content":{"rendered":"","protected":false},"excerpt":{"rendered":"<p>Hej alla trevliga m\u00e4n<br \/>\nH\u00e4r har ni en mogen tjej p\u00e5 30 \u00e5r fr\u00e5n Solna trakten. Jag vill po\u00e4ngtera att jag inte \u00e4r en l\u00f6pande band eskort utan jag tr\u00e4ffar f\u00e5 utvalda m\u00e4n med stil och klass. Jag f\u00f6redrar kvalitet framf\u00f6r kvantitet. I v\u00e5ra tr\u00e4ffar kommer jag vara totalt fokuserad p\u00e5 dig. Du f\u00e5r avg\u00f6ra vad vi ska g\u00f6ra. Det kan vara allt fr\u00e5n en avkoppling fr\u00e5n jobbet till massage etc. Jag \u00e4r kvinna och f\u00f6rv\u00e4ntar mig bli behandlad som en kvinna s\u00e5 var en gentleman n\u00e4r du ringer eller smsar. Eftersom jag har ett dagtidsjobb s\u00e5 kan jag oftast inte svara dagtid (vardagar) men tveka inte med att ringa igen. Om du vill ha outcalls f\u00e5r du st\u00e5 f\u00f6r taxin eller resan annars fixar jag plats. Du ska vara av nordisk ursprung. Jag vill inte ha n\u00e5gra oseri\u00f6sa samtal eller sms. Ring endast om du \u00e4r seri\u00f6s med att ses tack. Jag skickar inte ut n\u00e5gra bilder p\u00e5 mig. D\u00e5 du vill vara anonym s\u00e5 respektera det. My details Below mentioned<\/p>\n<p>                Nationality:<br \/>\n                Swedish <\/p>\n<p>                Languages:<br \/>\n                Swedish<\/p>\n<p>                Age:<br \/>\n                30<\/p>\n<p>                Height:<br \/>\n                170<\/p>\n<p>                Weight:<br \/>\n                62<\/p>\n<p>                Hair:<br \/>\n                Brunett<\/p>\n<p>                Eyes:<br \/>\n                Brownphone_android Phone:<br \/>\n          0736869189<\/p>\n","protected":false},"featured_media":119005,"comment_status":"open","ping_status":"closed","template":"","meta":{"site-sidebar-layout":"default","site-content-layout":"","ast-site-content-layout":"","site-content-style":"default","site-sidebar-style":"default","ast-global-header-display":"","ast-banner-title-visibility":"","ast-main-header-display":"","ast-hfb-above-header-display":"","ast-hfb-below-header-display":"","ast-hfb-mobile-header-display":"","site-post-title":"","ast-breadcrumbs-content":"","ast-featured-img":"","footer-sml-layout":"","theme-transparent-header-meta":"","adv-header-id-meta":"","stick-header-meta":"","header-above-stick-meta":"","header-main-stick-meta":"","header-below-stick-meta":"","astra-migrate-meta-layouts":"default","ast-page-background-enabled":"default","ast-page-background-meta":{"desktop":{"background-color":"var(--ast-global-color-4)","background-image":"","background-repeat":"repeat","background-position":"center center","background-size":"auto","background-attachment":"scroll","background-type":"","background-media":"","overlay-type":"","overlay-color":"","overlay-opacity":"","overlay-gradient":""},"tablet":{"background-color":"","background-image":"","background-repeat":"repeat","background-position":"center center","background-size":"auto","background-attachment":"scroll","background-type":"","background-media":"","overlay-type":"","overlay-color":"","overlay-opacity":"","overlay-gradient":""},"mobile":{"background-color":"","background-image":"","background-repeat":"repeat","background-position":"center center","background-size":"auto","background-attachment":"scroll","background-type":"","background-media":"","overlay-type":"","overlay-color":"","overlay-opacity":"","overlay-gradient":""}},"ast-content-background-meta":{"desktop":{"background-color":"var(--ast-global-color-5)","background-image":"","background-repeat":"repeat","background-position":"center center","background-size":"auto","background-attachment":"scroll","background-type":"","background-media":"","overlay-type":"","overlay-color":"","overlay-opacity":"","overlay-gradient":""},"tablet":{"background-color":"var(--ast-global-color-5)","background-image":"","background-repeat":"repeat","background-position":"center center","background-size":"auto","background-attachment":"scroll","background-type":"","background-media":"","overlay-type":"","overlay-color":"","overlay-opacity":"","overlay-gradient":""},"mobile":{"background-color":"var(--ast-global-color-5)","background-image":"","background-repeat":"repeat","background-position":"center center","background-size":"auto","background-attachment":"scroll","background-type":"","background-media":"","overlay-type":"","overlay-color":"","overlay-opacity":"","overlay-gradient":""}}},"product_brand":[],"product_cat":[188,1115,957],"product_tag":[],"class_list":{"0":"post-274358","1":"product","2":"type-product","3":"status-publish","4":"has-post-thumbnail","6":"product_cat-freelancer","7":"product_cat-stockholm","8":"product_cat-sweden","9":"desktop-align-left","10":"tablet-align-left","11":"mobile-align-left","13":"first","14":"instock","15":"shipping-taxable","16":"product-type-simple"},"_links":{"self":[{"href":"https:\/\/poccky.com\/index.php\/wp-json\/wp\/v2\/product\/274358","targetHints":{"allow":["GET"]}}],"collection":[{"href":"https:\/\/poccky.com\/index.php\/wp-json\/wp\/v2\/product"}],"about":[{"href":"https:\/\/poccky.com\/index.php\/wp-json\/wp\/v2\/types\/product"}],"replies":[{"embeddable":true,"href":"https:\/\/poccky.com\/index.php\/wp-json\/wp\/v2\/comments?post=274358"}],"wp:featuredmedia":[{"embeddable":true,"href":"https:\/\/poccky.com\/index.php\/wp-json\/wp\/v2\/media\/119005"}],"wp:attachment":[{"href":"https:\/\/poccky.com\/index.php\/wp-json\/wp\/v2\/media?parent=274358"}],"wp:term":[{"taxonomy":"product_brand","embeddable":true,"href":"https:\/\/poccky.com\/index.php\/wp-json\/wp\/v2\/product_brand?post=274358"},{"taxonomy":"product_cat","embeddable":true,"href":"https:\/\/poccky.com\/index.php\/wp-json\/wp\/v2\/product_cat?post=274358"},{"taxonomy":"product_tag","embeddable":true,"href":"https:\/\/poccky.com\/index.php\/wp-json\/wp\/v2\/product_tag?post=274358"}],"curies":[{"name":"wp","href":"https:\/\/api.w.org\/{rel}","templated":true}]}}