{"id":273248,"date":"2023-10-28T20:54:00","date_gmt":"2023-10-28T20:54:00","guid":{"rendered":"https:\/\/poccky.com\/?post_type=product&#038;p=273248"},"modified":"2023-10-28T20:54:07","modified_gmt":"2023-10-28T20:54:07","slug":"emma-von-linn","status":"publish","type":"product","link":"https:\/\/poccky.com\/index.php\/product\/emma-von-linn\/","title":{"rendered":"Emma Von Linn"},"content":{"rendered":"","protected":false},"excerpt":{"rendered":"<p>Jag heter Emma von Linn\u00e9 och \u00e4r en helt svensk high class G\u00f6teborg eskort courtesan med mycket \u00f6mhet. charm. engageman.G passion och v\u00e4nskap att ge till dig som s\u00f6ker en riktigt s\u00e4llsynt diamant. Reser \u00e4ven inom Sverige och internationellt efter \u00f6verenskommelse.<\/p>\n<p>Oavsett om vi ses f\u00f6r en dejt med middag och en drink. en kort eller l\u00e5ng resa eller en h\u00e4rlig rendezvous s\u00e5 kommer det bli ett of\u00f6rgl\u00f6mligt minne!<\/p>\n<p>Kika in p\u00e5 min hemsida (emmaeskort.com\/norge) och l\u00e4r k\u00e4nna mi.G din flickv\u00e4n du inte visste att du hade. och kom ih\u00e5g att den virtuella f\u00f6rnimmelsen bara \u00e4r en f\u00f6rsmak&#8230; Detta \u00e4r bara b\u00f6rjan!<\/p>\n<p>Som den gentleman du \u00e4r tycker du som jag att det \u00e4r en sj\u00e4lvklarhet att du \u00e4r p\u00e5l\u00e4st innan du kontaktar mig. Du f\u00f6rst\u00e5r att det \u00e4r n\u00f6dv\u00e4ndigt f\u00f6r att vi ska kunna f\u00e5 en fantastisk tid tillsammans utan att missf\u00f6rst\u00e5nd ska kunna ske.<\/p>\n<p>D\u00e5 jag annonserar p\u00e5 n\u00e5gra Norska sidor uppst\u00e5r ibland missf\u00f6rst\u00e5nd om att jag \u00e4r p\u00e5 resa eller liknande. F\u00f6r att f\u00f6rtydliga s\u00e5 bor och utg\u00e5r jag fr\u00e5n G\u00f6teborg. Reser till dig efter \u00f6verenskommelse.<\/p>\n<p>Reseers\u00e4ttning p\u00e5 30 SEK per mil tillkommer. Detta betalar du i f\u00f6rskott genom paysafecard som g\u00e5r att k\u00f6pa i m\u00e5nga butiker eller p\u00e5 n\u00e4tet. Arvodet betalar du kontant i Svenska kronor n\u00e4r vi ses.<br \/>\nJag tar endast valutan Svenska kronor. Ej Norska kronor. D\u00e5 du bokar med framf\u00f6rh\u00e5llning s\u00e5 ser jag inte detta som ett problem.<\/p>\n<p>Exempel. reseers\u00e4ttning till Oslo (30 mil) &#8211; 1800 SEK<br \/>\n+ Hotell om v\u00e5r dejt \u00e4r kortare \u00e4n helnatt.<\/p>\n<p>Du som unnar dig en dejt med mig kommer inte \u00e5ngra dig.<br \/>\nHoppas vi ses snart!<\/p>\n<p>Puss<\/p>\n<p>Emma<\/p>\n<p>L\u00e4s mer p\u00e5 http:\/\/emmaeskort.com\/norge My details Below mentioned<\/p>\n<p>                Nationality:<br \/>\n                Swedish <\/p>\n<p>                Languages:<br \/>\n                English. Swedish<\/p>\n<p>                Age:<br \/>\n                29<\/p>\n<p>                Height:<br \/>\n                166<\/p>\n<p>                Weight:<br \/>\n                79<\/p>\n<p>                Hair:<br \/>\n                M\u00f6rkblondt<\/p>\n<p>                Eyes:<br \/>\n                Bl\u00e5phone_android Phone:<br \/>\n          +46738917917<\/p>\n","protected":false},"featured_media":96664,"comment_status":"open","ping_status":"closed","template":"","meta":{"site-sidebar-layout":"default","site-content-layout":"","ast-site-content-layout":"","site-content-style":"default","site-sidebar-style":"default","ast-global-header-display":"","ast-banner-title-visibility":"","ast-main-header-display":"","ast-hfb-above-header-display":"","ast-hfb-below-header-display":"","ast-hfb-mobile-header-display":"","site-post-title":"","ast-breadcrumbs-content":"","ast-featured-img":"","footer-sml-layout":"","theme-transparent-header-meta":"","adv-header-id-meta":"","stick-header-meta":"","header-above-stick-meta":"","header-main-stick-meta":"","header-below-stick-meta":"","astra-migrate-meta-layouts":"default","ast-page-background-enabled":"default","ast-page-background-meta":{"desktop":{"background-color":"var(--ast-global-color-4)","background-image":"","background-repeat":"repeat","background-position":"center center","background-size":"auto","background-attachment":"scroll","background-type":"","background-media":"","overlay-type":"","overlay-color":"","overlay-opacity":"","overlay-gradient":""},"tablet":{"background-color":"","background-image":"","background-repeat":"repeat","background-position":"center center","background-size":"auto","background-attachment":"scroll","background-type":"","background-media":"","overlay-type":"","overlay-color":"","overlay-opacity":"","overlay-gradient":""},"mobile":{"background-color":"","background-image":"","background-repeat":"repeat","background-position":"center center","background-size":"auto","background-attachment":"scroll","background-type":"","background-media":"","overlay-type":"","overlay-color":"","overlay-opacity":"","overlay-gradient":""}},"ast-content-background-meta":{"desktop":{"background-color":"var(--ast-global-color-5)","background-image":"","background-repeat":"repeat","background-position":"center center","background-size":"auto","background-attachment":"scroll","background-type":"","background-media":"","overlay-type":"","overlay-color":"","overlay-opacity":"","overlay-gradient":""},"tablet":{"background-color":"var(--ast-global-color-5)","background-image":"","background-repeat":"repeat","background-position":"center center","background-size":"auto","background-attachment":"scroll","background-type":"","background-media":"","overlay-type":"","overlay-color":"","overlay-opacity":"","overlay-gradient":""},"mobile":{"background-color":"var(--ast-global-color-5)","background-image":"","background-repeat":"repeat","background-position":"center center","background-size":"auto","background-attachment":"scroll","background-type":"","background-media":"","overlay-type":"","overlay-color":"","overlay-opacity":"","overlay-gradient":""}}},"product_brand":[],"product_cat":[188,803,804],"product_tag":[],"class_list":{"0":"post-273248","1":"product","2":"type-product","3":"status-publish","4":"has-post-thumbnail","6":"product_cat-freelancer","7":"product_cat-norway","8":"product_cat-oslo","9":"desktop-align-left","10":"tablet-align-left","11":"mobile-align-left","13":"first","14":"instock","15":"shipping-taxable","16":"product-type-simple"},"_links":{"self":[{"href":"https:\/\/poccky.com\/index.php\/wp-json\/wp\/v2\/product\/273248","targetHints":{"allow":["GET"]}}],"collection":[{"href":"https:\/\/poccky.com\/index.php\/wp-json\/wp\/v2\/product"}],"about":[{"href":"https:\/\/poccky.com\/index.php\/wp-json\/wp\/v2\/types\/product"}],"replies":[{"embeddable":true,"href":"https:\/\/poccky.com\/index.php\/wp-json\/wp\/v2\/comments?post=273248"}],"wp:featuredmedia":[{"embeddable":true,"href":"https:\/\/poccky.com\/index.php\/wp-json\/wp\/v2\/media\/96664"}],"wp:attachment":[{"href":"https:\/\/poccky.com\/index.php\/wp-json\/wp\/v2\/media?parent=273248"}],"wp:term":[{"taxonomy":"product_brand","embeddable":true,"href":"https:\/\/poccky.com\/index.php\/wp-json\/wp\/v2\/product_brand?post=273248"},{"taxonomy":"product_cat","embeddable":true,"href":"https:\/\/poccky.com\/index.php\/wp-json\/wp\/v2\/product_cat?post=273248"},{"taxonomy":"product_tag","embeddable":true,"href":"https:\/\/poccky.com\/index.php\/wp-json\/wp\/v2\/product_tag?post=273248"}],"curies":[{"name":"wp","href":"https:\/\/api.w.org\/{rel}","templated":true}]}}