{"id":272986,"date":"2023-10-28T20:44:09","date_gmt":"2023-10-28T20:44:09","guid":{"rendered":"https:\/\/poccky.com\/?post_type=product&#038;p=272986"},"modified":"2023-10-28T20:44:17","modified_gmt":"2023-10-28T20:44:17","slug":"mystere","status":"publish","type":"product","link":"https:\/\/poccky.com\/index.php\/product\/mystere\/","title":{"rendered":"MYSTERE"},"content":{"rendered":"","protected":false},"excerpt":{"rendered":"<p>Myst\u00e8re. Accompagnatrice de luxe &#8211; N\u00eemes \/ Avignon \/ Paris<\/p>\n<p>Raffinement. sensualit\u00e9. naturel. jeux de s\u00e9duction m\u00eal\u00e9s \u00e0 une touche d&#8217;humour.<\/p>\n<p>Pulpeuse. \u00e9l\u00e9gante et cultiv\u00e9e. joueuse. sensuelle et tendre \u00e0 la fois. Je suis discr\u00e8te et digne de confiance.<\/p>\n<p>Je suis \u00e0 l&#8217;\u00e9coute de vos d\u00e9sirs Messieurs :<\/p>\n<p>&#8211; Accompagnement en soir\u00e9e: je serai votre alli\u00e9e pour vous assister en tant que coll\u00e8gue. compagne. ou amie lors d&#8217;un d\u00eener d&#8217;affaires. d&#8217;une soir\u00e9e. d&#8217;un vernissage&#8230; pour vous Gentlemen.<\/p>\n<p>&#8211; Vous souhaitez \u00e9vacuer votre stress et vous d\u00e9tendre. ne cherchez plus. je suis faite pour vous&#8230; Votre bien-\u00eatre sera ma priorit\u00e9.<\/p>\n<p>Relaxation. massages. d\u00e9tente avec une jeune femme raffin\u00e9e.<\/p>\n<p>Je privil\u00e9gie des rencontres longues de qualit\u00e9. \u00e9panouissantes uniquement avec des hommes respectueux et courtois.<\/p>\n<p>Si vous souhaitez conna\u00eetre davantage ce m\u00e9lange de volupt\u00e9. complicit\u00e9 et douceur&#8230; Premier contact UNIQUEMENT par mail. merci: melodiemystere.gmail.com (mystere.puzl.com)<\/p>\n<p>Sur PARIS du 8 AU 17 OCTOBRE 2015 &#8211; My details Below mentioned<\/p>\n<p>                Nationality:<br \/>\n                FRANCAISE <\/p>\n<p>                Languages:<br \/>\n                FRANCAIS.  ANGLAIS.  ESPAGNOL.  CHINOIS<\/p>\n<p>                Age:<br \/>\n                30<\/p>\n<p>                Height:<br \/>\n                162 cm<\/p>\n<p>                Weight:<br \/>\n                63 kg<\/p>\n<p>                Hair:<br \/>\n                LONG BRUNE<\/p>\n<p>                Eyes:<br \/>\n                NOISETTE<\/p>\n<p>                Measurements:<br \/>\n                90D-75-100<\/p>\n","protected":false},"featured_media":111426,"comment_status":"open","ping_status":"closed","template":"","meta":{"site-sidebar-layout":"default","site-content-layout":"","ast-site-content-layout":"","site-content-style":"default","site-sidebar-style":"default","ast-global-header-display":"","ast-banner-title-visibility":"","ast-main-header-display":"","ast-hfb-above-header-display":"","ast-hfb-below-header-display":"","ast-hfb-mobile-header-display":"","site-post-title":"","ast-breadcrumbs-content":"","ast-featured-img":"","footer-sml-layout":"","theme-transparent-header-meta":"","adv-header-id-meta":"","stick-header-meta":"","header-above-stick-meta":"","header-main-stick-meta":"","header-below-stick-meta":"","astra-migrate-meta-layouts":"default","ast-page-background-enabled":"default","ast-page-background-meta":{"desktop":{"background-color":"var(--ast-global-color-4)","background-image":"","background-repeat":"repeat","background-position":"center center","background-size":"auto","background-attachment":"scroll","background-type":"","background-media":"","overlay-type":"","overlay-color":"","overlay-opacity":"","overlay-gradient":""},"tablet":{"background-color":"","background-image":"","background-repeat":"repeat","background-position":"center center","background-size":"auto","background-attachment":"scroll","background-type":"","background-media":"","overlay-type":"","overlay-color":"","overlay-opacity":"","overlay-gradient":""},"mobile":{"background-color":"","background-image":"","background-repeat":"repeat","background-position":"center center","background-size":"auto","background-attachment":"scroll","background-type":"","background-media":"","overlay-type":"","overlay-color":"","overlay-opacity":"","overlay-gradient":""}},"ast-content-background-meta":{"desktop":{"background-color":"var(--ast-global-color-5)","background-image":"","background-repeat":"repeat","background-position":"center center","background-size":"auto","background-attachment":"scroll","background-type":"","background-media":"","overlay-type":"","overlay-color":"","overlay-opacity":"","overlay-gradient":""},"tablet":{"background-color":"var(--ast-global-color-5)","background-image":"","background-repeat":"repeat","background-position":"center center","background-size":"auto","background-attachment":"scroll","background-type":"","background-media":"","overlay-type":"","overlay-color":"","overlay-opacity":"","overlay-gradient":""},"mobile":{"background-color":"var(--ast-global-color-5)","background-image":"","background-repeat":"repeat","background-position":"center center","background-size":"auto","background-attachment":"scroll","background-type":"","background-media":"","overlay-type":"","overlay-color":"","overlay-opacity":"","overlay-gradient":""}}},"product_brand":[],"product_cat":[244,188,1118],"product_tag":[],"class_list":{"0":"post-272986","1":"product","2":"type-product","3":"status-publish","4":"has-post-thumbnail","6":"product_cat-france","7":"product_cat-freelancer","8":"product_cat-paris","9":"desktop-align-left","10":"tablet-align-left","11":"mobile-align-left","13":"first","14":"instock","15":"shipping-taxable","16":"product-type-simple"},"_links":{"self":[{"href":"https:\/\/poccky.com\/index.php\/wp-json\/wp\/v2\/product\/272986","targetHints":{"allow":["GET"]}}],"collection":[{"href":"https:\/\/poccky.com\/index.php\/wp-json\/wp\/v2\/product"}],"about":[{"href":"https:\/\/poccky.com\/index.php\/wp-json\/wp\/v2\/types\/product"}],"replies":[{"embeddable":true,"href":"https:\/\/poccky.com\/index.php\/wp-json\/wp\/v2\/comments?post=272986"}],"wp:featuredmedia":[{"embeddable":true,"href":"https:\/\/poccky.com\/index.php\/wp-json\/wp\/v2\/media\/111426"}],"wp:attachment":[{"href":"https:\/\/poccky.com\/index.php\/wp-json\/wp\/v2\/media?parent=272986"}],"wp:term":[{"taxonomy":"product_brand","embeddable":true,"href":"https:\/\/poccky.com\/index.php\/wp-json\/wp\/v2\/product_brand?post=272986"},{"taxonomy":"product_cat","embeddable":true,"href":"https:\/\/poccky.com\/index.php\/wp-json\/wp\/v2\/product_cat?post=272986"},{"taxonomy":"product_tag","embeddable":true,"href":"https:\/\/poccky.com\/index.php\/wp-json\/wp\/v2\/product_tag?post=272986"}],"curies":[{"name":"wp","href":"https:\/\/api.w.org\/{rel}","templated":true}]}}