{"id":272917,"date":"2023-10-28T20:41:42","date_gmt":"2023-10-28T20:41:42","guid":{"rendered":"https:\/\/poccky.com\/?post_type=product&#038;p=272917"},"modified":"2023-10-28T20:41:45","modified_gmt":"2023-10-28T20:41:45","slug":"kim-gros-seins","status":"publish","type":"product","link":"https:\/\/poccky.com\/index.php\/product\/kim-gros-seins\/","title":{"rendered":"KIM Gros Seins"},"content":{"rendered":"","protected":false},"excerpt":{"rendered":"<p>Moi c&#8217;est KIM une belle femme Br\u00e9silienne. qui se propose de faire plaisir aux hommes courtois avec une hygi\u00e8ne irr\u00e9prochable&#8230;..tr\u00e9s coquine.<br \/>\nJe suis dans le 12 \u00e8me accessible par le m\u00e9tro Bel Air ou Michel Bizot.<br \/>\nDes massages tr\u00e9s coquin dans un appartement discret avec tout le confort ( Clim ). Je vous attend en petite tenue sexy et en talons aiguilles pour vous faire oublier le<br \/>\nmonde ext\u00e9rieur&#8230;&#8230;<br \/>\nDurant mes massages. je n&#8217;ai pas de montre sur moi mais que du plaisir&#8230;..<br \/>\nPhotos 100 % r\u00e9elles&#8230;&#8230;<br \/>\nPour plus d&#8217;infos sur moi. n&#8217;h\u00e9sitez pas \u00e0 me contacter pour prendre rendez vous..<br \/>\nJe ne r\u00e9pond pas aux mails. aux SMS ni aux num\u00e9ros masqu\u00e9s&#8230;.Merci de votre compr\u00e9hension&#8230;<br \/>\nGROS BISOUS A BIENT\u00d4T . My details Below mentioned<\/p>\n<p>                Nationality:<br \/>\n                BRESILIENNE <\/p>\n<p>                Languages:<br \/>\n                Fran\u00e7ais. Espagnol. Portugais<\/p>\n<p>                Age:<br \/>\n                34<\/p>\n<p>                Height:<br \/>\n                173cm<\/p>\n<p>                Weight:<br \/>\n                70Kg<\/p>\n<p>                Hair:<br \/>\n                BLONDE<\/p>\n<p>                Eyes:<br \/>\n                MARRRON<\/p>\n<p>                Measurements:<br \/>\n                Poitrine opulente<\/p>\n","protected":false},"featured_media":96614,"comment_status":"open","ping_status":"closed","template":"","meta":{"site-sidebar-layout":"default","site-content-layout":"","ast-site-content-layout":"","site-content-style":"default","site-sidebar-style":"default","ast-global-header-display":"","ast-banner-title-visibility":"","ast-main-header-display":"","ast-hfb-above-header-display":"","ast-hfb-below-header-display":"","ast-hfb-mobile-header-display":"","site-post-title":"","ast-breadcrumbs-content":"","ast-featured-img":"","footer-sml-layout":"","theme-transparent-header-meta":"","adv-header-id-meta":"","stick-header-meta":"","header-above-stick-meta":"","header-main-stick-meta":"","header-below-stick-meta":"","astra-migrate-meta-layouts":"default","ast-page-background-enabled":"default","ast-page-background-meta":{"desktop":{"background-color":"var(--ast-global-color-4)","background-image":"","background-repeat":"repeat","background-position":"center center","background-size":"auto","background-attachment":"scroll","background-type":"","background-media":"","overlay-type":"","overlay-color":"","overlay-opacity":"","overlay-gradient":""},"tablet":{"background-color":"","background-image":"","background-repeat":"repeat","background-position":"center center","background-size":"auto","background-attachment":"scroll","background-type":"","background-media":"","overlay-type":"","overlay-color":"","overlay-opacity":"","overlay-gradient":""},"mobile":{"background-color":"","background-image":"","background-repeat":"repeat","background-position":"center center","background-size":"auto","background-attachment":"scroll","background-type":"","background-media":"","overlay-type":"","overlay-color":"","overlay-opacity":"","overlay-gradient":""}},"ast-content-background-meta":{"desktop":{"background-color":"var(--ast-global-color-5)","background-image":"","background-repeat":"repeat","background-position":"center center","background-size":"auto","background-attachment":"scroll","background-type":"","background-media":"","overlay-type":"","overlay-color":"","overlay-opacity":"","overlay-gradient":""},"tablet":{"background-color":"var(--ast-global-color-5)","background-image":"","background-repeat":"repeat","background-position":"center center","background-size":"auto","background-attachment":"scroll","background-type":"","background-media":"","overlay-type":"","overlay-color":"","overlay-opacity":"","overlay-gradient":""},"mobile":{"background-color":"var(--ast-global-color-5)","background-image":"","background-repeat":"repeat","background-position":"center center","background-size":"auto","background-attachment":"scroll","background-type":"","background-media":"","overlay-type":"","overlay-color":"","overlay-opacity":"","overlay-gradient":""}}},"product_brand":[],"product_cat":[244,188,1118],"product_tag":[],"class_list":{"0":"post-272917","1":"product","2":"type-product","3":"status-publish","4":"has-post-thumbnail","6":"product_cat-france","7":"product_cat-freelancer","8":"product_cat-paris","9":"desktop-align-left","10":"tablet-align-left","11":"mobile-align-left","13":"first","14":"instock","15":"shipping-taxable","16":"product-type-simple"},"_links":{"self":[{"href":"https:\/\/poccky.com\/index.php\/wp-json\/wp\/v2\/product\/272917","targetHints":{"allow":["GET"]}}],"collection":[{"href":"https:\/\/poccky.com\/index.php\/wp-json\/wp\/v2\/product"}],"about":[{"href":"https:\/\/poccky.com\/index.php\/wp-json\/wp\/v2\/types\/product"}],"replies":[{"embeddable":true,"href":"https:\/\/poccky.com\/index.php\/wp-json\/wp\/v2\/comments?post=272917"}],"wp:featuredmedia":[{"embeddable":true,"href":"https:\/\/poccky.com\/index.php\/wp-json\/wp\/v2\/media\/96614"}],"wp:attachment":[{"href":"https:\/\/poccky.com\/index.php\/wp-json\/wp\/v2\/media?parent=272917"}],"wp:term":[{"taxonomy":"product_brand","embeddable":true,"href":"https:\/\/poccky.com\/index.php\/wp-json\/wp\/v2\/product_brand?post=272917"},{"taxonomy":"product_cat","embeddable":true,"href":"https:\/\/poccky.com\/index.php\/wp-json\/wp\/v2\/product_cat?post=272917"},{"taxonomy":"product_tag","embeddable":true,"href":"https:\/\/poccky.com\/index.php\/wp-json\/wp\/v2\/product_tag?post=272917"}],"curies":[{"name":"wp","href":"https:\/\/api.w.org\/{rel}","templated":true}]}}