{"id":272827,"date":"2023-10-28T20:38:16","date_gmt":"2023-10-28T20:38:16","guid":{"rendered":"https:\/\/poccky.com\/?post_type=product&#038;p=272827"},"modified":"2023-10-28T20:38:19","modified_gmt":"2023-10-28T20:38:19","slug":"fanta-2","status":"publish","type":"product","link":"https:\/\/poccky.com\/index.php\/product\/fanta-2\/","title":{"rendered":"Fanta"},"content":{"rendered":"","protected":false},"excerpt":{"rendered":"<p>Hej \ud83d\ude09<\/p>\n<p>First of all thanks for visiting my profil<br \/>\nI am aware that swedish escorting industry is full of fakes.<br \/>\nbut i can promise you that i am not one of them.<br \/>\nMY PICTURES ARE REAL RECENTLY TAKEN AND VERIFIED by Realescort.se!!<br \/>\nIf its Not me in the pictures you can have me for Free and i ll give you taxi Money \ud83d\ude09<\/p>\n<p>Treat yourself with Stockholm HOTTEST Choklad baby TODAY am an expirience escort well knowed in Norway . France and Germany!!<br \/>\nI am one of the world most famous Black model. NO lies NO cheating around what you see is what u ll get!!<\/p>\n<p>I am a nice. friendly. funny.sexy. smart and easy to love girl with endless legs to die for who loves kisses.<br \/>\nAnd i LOVE being a SLUT is FUN!!<\/p>\n<p>I am able to stand an intelligent converstation so am the perfect choice for overnight nd longer meetings i can promise you that you wont regret choosing me<br \/>\nthe time spend together with me will be all about you<\/p>\n<p>Get ready to be spoiled and pampered<br \/>\nI promise that you ll find me so marvellous that you ll keep coming back!!<\/p>\n<p>Ps:<br \/>\nCIM: 500 Sek xtra<\/p>\n<p>Puss och Krem.<br \/>\nTiffany<\/p>\n<p>PS : PRIVATE NUMBERS ND SMS WILL BE IGNORED!!<\/p>\n<p>Feedbacks :<\/p>\n<p>True pictures. 100%<\/p>\n<p>She is very nice looks amazing and treats you like she is in love with you!<\/p>\n<p>She likes to be kissed and licked and taste very good \ud83d\ude00 I will definetly come back to visit again<\/p>\n<p>10\/10 for me (OG jeg er norsk ja..)<\/p>\n<p>Fanta er ei veldig flott jente. Hun har et pent ansikt og et vennlig smil. Sexy. Deilig kropp. Ikke noe rush og mas. Hun er hyggelig \u00e5 tilbringe tid sammen med og interessant \u00e5 snakke med. Jeg anbefaler henne gjerne!<br \/>\nT<\/p>\n<p>Kan bare slutte meg til de andre anmeldelser f\u00f8r meg.<br \/>\nH\u00f8y. vakker. sexy kropp.<br \/>\nN\u00f8t en deilig dusj sammen. S\u00e5 var det inn i sengen med litt massasje og owo.<br \/>\nOver til en lang og deilig 69. P\u00e5 med gummi. Det som skjedde herfra vet bare hun og jeg.<br \/>\nS\u00e5 ikke p\u00e5 klokka en eneste gang. Hadde heller ikke hastverk med \u00e5 f\u00e5 meg ut.<br \/>\nSelv om hun skulle p\u00e5 middag med en venn.<br \/>\nHope to see you again. JAN.<\/p>\n<p>M\u00f8tte denn h\u00f8yreiste langbente skj\u00f8nnheten i da.G det var et smart valg. Hun er bare herli.G Lett og komunisere med morsom. gj\u00f8r alt for at du skal ha det bra. ikke noe hastverk utf\u00f8rer sine tjenester p\u00e5 en fantastisk m\u00e5te. en skikkelig gfe opplevelse. Annbefales p\u00e5 det sterkeste<\/p>\n<p>This is a lovely lady. nice to look at. talk to and have great sex with. She has a stunning body. a goodlooking face and she really makes you feeling comfortable. She kisses and does a good BJ and everything is really ok. Take care of this beauty. My details Below mentioned<\/p>\n<p>                Languages:<br \/>\n                English-German-French<\/p>\n<p>                Height:<br \/>\n                179<\/p>\n<p>                Weight:<br \/>\n                59phone_android Phone:<br \/>\n          0764335937<\/p>\n","protected":false},"featured_media":117463,"comment_status":"open","ping_status":"closed","template":"","meta":{"site-sidebar-layout":"default","site-content-layout":"","ast-site-content-layout":"","site-content-style":"default","site-sidebar-style":"default","ast-global-header-display":"","ast-banner-title-visibility":"","ast-main-header-display":"","ast-hfb-above-header-display":"","ast-hfb-below-header-display":"","ast-hfb-mobile-header-display":"","site-post-title":"","ast-breadcrumbs-content":"","ast-featured-img":"","footer-sml-layout":"","theme-transparent-header-meta":"","adv-header-id-meta":"","stick-header-meta":"","header-above-stick-meta":"","header-main-stick-meta":"","header-below-stick-meta":"","astra-migrate-meta-layouts":"default","ast-page-background-enabled":"default","ast-page-background-meta":{"desktop":{"background-color":"var(--ast-global-color-4)","background-image":"","background-repeat":"repeat","background-position":"center center","background-size":"auto","background-attachment":"scroll","background-type":"","background-media":"","overlay-type":"","overlay-color":"","overlay-opacity":"","overlay-gradient":""},"tablet":{"background-color":"","background-image":"","background-repeat":"repeat","background-position":"center center","background-size":"auto","background-attachment":"scroll","background-type":"","background-media":"","overlay-type":"","overlay-color":"","overlay-opacity":"","overlay-gradient":""},"mobile":{"background-color":"","background-image":"","background-repeat":"repeat","background-position":"center center","background-size":"auto","background-attachment":"scroll","background-type":"","background-media":"","overlay-type":"","overlay-color":"","overlay-opacity":"","overlay-gradient":""}},"ast-content-background-meta":{"desktop":{"background-color":"var(--ast-global-color-5)","background-image":"","background-repeat":"repeat","background-position":"center center","background-size":"auto","background-attachment":"scroll","background-type":"","background-media":"","overlay-type":"","overlay-color":"","overlay-opacity":"","overlay-gradient":""},"tablet":{"background-color":"var(--ast-global-color-5)","background-image":"","background-repeat":"repeat","background-position":"center center","background-size":"auto","background-attachment":"scroll","background-type":"","background-media":"","overlay-type":"","overlay-color":"","overlay-opacity":"","overlay-gradient":""},"mobile":{"background-color":"var(--ast-global-color-5)","background-image":"","background-repeat":"repeat","background-position":"center center","background-size":"auto","background-attachment":"scroll","background-type":"","background-media":"","overlay-type":"","overlay-color":"","overlay-opacity":"","overlay-gradient":""}}},"product_brand":[],"product_cat":[188,1115,957],"product_tag":[],"class_list":{"0":"post-272827","1":"product","2":"type-product","3":"status-publish","4":"has-post-thumbnail","6":"product_cat-freelancer","7":"product_cat-stockholm","8":"product_cat-sweden","9":"desktop-align-left","10":"tablet-align-left","11":"mobile-align-left","13":"first","14":"instock","15":"shipping-taxable","16":"product-type-simple"},"_links":{"self":[{"href":"https:\/\/poccky.com\/index.php\/wp-json\/wp\/v2\/product\/272827","targetHints":{"allow":["GET"]}}],"collection":[{"href":"https:\/\/poccky.com\/index.php\/wp-json\/wp\/v2\/product"}],"about":[{"href":"https:\/\/poccky.com\/index.php\/wp-json\/wp\/v2\/types\/product"}],"replies":[{"embeddable":true,"href":"https:\/\/poccky.com\/index.php\/wp-json\/wp\/v2\/comments?post=272827"}],"wp:featuredmedia":[{"embeddable":true,"href":"https:\/\/poccky.com\/index.php\/wp-json\/wp\/v2\/media\/117463"}],"wp:attachment":[{"href":"https:\/\/poccky.com\/index.php\/wp-json\/wp\/v2\/media?parent=272827"}],"wp:term":[{"taxonomy":"product_brand","embeddable":true,"href":"https:\/\/poccky.com\/index.php\/wp-json\/wp\/v2\/product_brand?post=272827"},{"taxonomy":"product_cat","embeddable":true,"href":"https:\/\/poccky.com\/index.php\/wp-json\/wp\/v2\/product_cat?post=272827"},{"taxonomy":"product_tag","embeddable":true,"href":"https:\/\/poccky.com\/index.php\/wp-json\/wp\/v2\/product_tag?post=272827"}],"curies":[{"name":"wp","href":"https:\/\/api.w.org\/{rel}","templated":true}]}}