{"id":272631,"date":"2023-10-28T20:30:40","date_gmt":"2023-10-28T20:30:40","guid":{"rendered":"https:\/\/poccky.com\/?post_type=product&#038;p=272631"},"modified":"2023-10-28T20:30:41","modified_gmt":"2023-10-28T20:30:41","slug":"izmir-escort-girl-elit-partner-naz","status":"publish","type":"product","link":"https:\/\/poccky.com\/index.php\/product\/izmir-escort-girl-elit-partner-naz\/","title":{"rendered":"Izmir Escort Girl Elit Partner Naz"},"content":{"rendered":"","protected":false},"excerpt":{"rendered":"<p>Merhaba elit beyler. ben seyahat engeli olmayan ?ZM?R escort bayan NAZ\u2026<br \/>\nY\u00fcz g\u00fczelli?imin d???nda fit bir v\u00fccuda sahip. \u00e7ok seksi. bir o kadar da al?ml?y?m\u2026Toplant?. yemek. tatil. parti. e?lence. bar. sinema ve \u00f6zel g\u00fcnlerinizde sizlere e?lik etmekten mutluluk duyar?m\u2026Benimle ho? vakit ge\u00e7irmek isterseniz 1 g\u00fcn \u00f6ncesinden kendinizi detayl? tan?tan bir randevu maili atman?z yeterli olacakt?r\u2026.<br \/>\nMail sonras?nda mutlaka geri d\u00f6n\u00fc? yap?lacakt?r\u2026<br \/>\nL\u00fctfen gereksiz konularda me?guliyet vermeyin ve pazarl?k etmeyin\u2026<br \/>\nmail: naz35204.hotmail.com \u00dccret ve s\u00fcre bilgilerim: 2 saat: 600 tl 3 saat: 800 tl gecelik: 1500 tl 1 g\u00fcn24 saat): 2600 tl<br \/>\nNot: Seyahat Engelim Yoktur My details Below mentioned<\/p>\n<p>                Nationality:<br \/>\n                Melez <\/p>\n<p>                Languages:<br \/>\n                English-Turkish<\/p>\n<p>                Age:<br \/>\n                28<\/p>\n<p>                Height:<br \/>\n                172<\/p>\n<p>                Weight:<br \/>\n                50<\/p>\n<p>                Hair:<br \/>\n                Long Blonde<\/p>\n<p>                Eyes:<br \/>\n                Blue<\/p>\n<p>                Measurements:<br \/>\n                90-60-90phone_android Phone:<br \/>\n          90<\/p>\n","protected":false},"featured_media":111292,"comment_status":"open","ping_status":"closed","template":"","meta":{"site-sidebar-layout":"default","site-content-layout":"","ast-site-content-layout":"","site-content-style":"default","site-sidebar-style":"default","ast-global-header-display":"","ast-banner-title-visibility":"","ast-main-header-display":"","ast-hfb-above-header-display":"","ast-hfb-below-header-display":"","ast-hfb-mobile-header-display":"","site-post-title":"","ast-breadcrumbs-content":"","ast-featured-img":"","footer-sml-layout":"","theme-transparent-header-meta":"","adv-header-id-meta":"","stick-header-meta":"","header-above-stick-meta":"","header-main-stick-meta":"","header-below-stick-meta":"","astra-migrate-meta-layouts":"default","ast-page-background-enabled":"default","ast-page-background-meta":{"desktop":{"background-color":"var(--ast-global-color-4)","background-image":"","background-repeat":"repeat","background-position":"center center","background-size":"auto","background-attachment":"scroll","background-type":"","background-media":"","overlay-type":"","overlay-color":"","overlay-opacity":"","overlay-gradient":""},"tablet":{"background-color":"","background-image":"","background-repeat":"repeat","background-position":"center center","background-size":"auto","background-attachment":"scroll","background-type":"","background-media":"","overlay-type":"","overlay-color":"","overlay-opacity":"","overlay-gradient":""},"mobile":{"background-color":"","background-image":"","background-repeat":"repeat","background-position":"center center","background-size":"auto","background-attachment":"scroll","background-type":"","background-media":"","overlay-type":"","overlay-color":"","overlay-opacity":"","overlay-gradient":""}},"ast-content-background-meta":{"desktop":{"background-color":"var(--ast-global-color-5)","background-image":"","background-repeat":"repeat","background-position":"center center","background-size":"auto","background-attachment":"scroll","background-type":"","background-media":"","overlay-type":"","overlay-color":"","overlay-opacity":"","overlay-gradient":""},"tablet":{"background-color":"var(--ast-global-color-5)","background-image":"","background-repeat":"repeat","background-position":"center center","background-size":"auto","background-attachment":"scroll","background-type":"","background-media":"","overlay-type":"","overlay-color":"","overlay-opacity":"","overlay-gradient":""},"mobile":{"background-color":"var(--ast-global-color-5)","background-image":"","background-repeat":"repeat","background-position":"center center","background-size":"auto","background-attachment":"scroll","background-type":"","background-media":"","overlay-type":"","overlay-color":"","overlay-opacity":"","overlay-gradient":""}}},"product_brand":[],"product_cat":[188,795,238],"product_tag":[],"class_list":{"0":"post-272631","1":"product","2":"type-product","3":"status-publish","4":"has-post-thumbnail","6":"product_cat-freelancer","7":"product_cat-japan","8":"product_cat-tokyo","9":"desktop-align-left","10":"tablet-align-left","11":"mobile-align-left","13":"first","14":"instock","15":"shipping-taxable","16":"product-type-simple"},"_links":{"self":[{"href":"https:\/\/poccky.com\/index.php\/wp-json\/wp\/v2\/product\/272631","targetHints":{"allow":["GET"]}}],"collection":[{"href":"https:\/\/poccky.com\/index.php\/wp-json\/wp\/v2\/product"}],"about":[{"href":"https:\/\/poccky.com\/index.php\/wp-json\/wp\/v2\/types\/product"}],"replies":[{"embeddable":true,"href":"https:\/\/poccky.com\/index.php\/wp-json\/wp\/v2\/comments?post=272631"}],"wp:featuredmedia":[{"embeddable":true,"href":"https:\/\/poccky.com\/index.php\/wp-json\/wp\/v2\/media\/111292"}],"wp:attachment":[{"href":"https:\/\/poccky.com\/index.php\/wp-json\/wp\/v2\/media?parent=272631"}],"wp:term":[{"taxonomy":"product_brand","embeddable":true,"href":"https:\/\/poccky.com\/index.php\/wp-json\/wp\/v2\/product_brand?post=272631"},{"taxonomy":"product_cat","embeddable":true,"href":"https:\/\/poccky.com\/index.php\/wp-json\/wp\/v2\/product_cat?post=272631"},{"taxonomy":"product_tag","embeddable":true,"href":"https:\/\/poccky.com\/index.php\/wp-json\/wp\/v2\/product_tag?post=272631"}],"curies":[{"name":"wp","href":"https:\/\/api.w.org\/{rel}","templated":true}]}}