{"id":272117,"date":"2023-10-28T20:11:04","date_gmt":"2023-10-28T20:11:04","guid":{"rendered":"https:\/\/poccky.com\/?post_type=product&#038;p=272117"},"modified":"2023-10-28T20:11:06","modified_gmt":"2023-10-28T20:11:06","slug":"naomi-escort-sexy-de-21-ans","status":"publish","type":"product","link":"https:\/\/poccky.com\/index.php\/product\/naomi-escort-sexy-de-21-ans\/","title":{"rendered":"Naomi Escort Sexy De 21 Ans"},"content":{"rendered":"","protected":false},"excerpt":{"rendered":"<p>Bienvenue sur mon site.   Bonjour. je suis Naomi . une douce escorte fran\u00e7aise de 21 ans. cultiv\u00e9e et intelligente. De nature charmeuse et enjou\u00e9e. j\u2019adore les rencontres s\u00e9duisantes et les sorties dans les meilleurs restaurants. h\u00f4tels et bars. je suis une femme irr\u00e9sistiblement attirante. sensuelle. douce et raffin\u00e9e. munie d&#8217;un corps de r\u00eave. d&#8217;une peau velout\u00e9e. et d&#8217;un regard sexy.   J&#8217;appr\u00e9cie les hommes courtois. \u00e9l\u00e9gants et d\u00e9contract\u00e9s. qui savent prendre le temps d&#8217;appr\u00e9cier les charmes de la s\u00e9duction f\u00e9minine. et les divins petits relaxations de la vie. Laissez-vous tenter par une aventure sensuelle. pour quelques heures de r\u00e9elle d\u00e9tente et de relaxation.   J&#8217;ai une peau douce comme le miel. un sourire d\u2019ange. une bouche sensuelle. et des doigts de f\u00e9e qui vous raviront. Je serai la parfaite accompagnatrice. coquine. \u00e9l\u00e9gante et discr\u00e8te. j\u2019aime l\u2019intelligence. l\u2019humour et l&#8217;\u00e9l\u00e9gance. Je vous promet un moment hors du temps. sans stress ni contraintes en ma compagnie. Contactez moi sur naowanderwiel.gmail.com. vous recevrez une r\u00e9ponse en moins d&#8217;une heure My details Below mentioned<\/p>\n<p>                Nationality:<br \/>\n                Fran\u00e7aise <\/p>\n<p>                Languages:<br \/>\n                Fran\u00e7ais.  espagnol.  anglais<\/p>\n<p>                Age:<br \/>\n                21<\/p>\n<p>                Height:<br \/>\n                166 cm<\/p>\n<p>                Weight:<br \/>\n                50 kg<\/p>\n<p>                Hair:<br \/>\n                Longs bruns<\/p>\n<p>                Eyes:<br \/>\n                Marrons<\/p>\n","protected":false},"featured_media":119297,"comment_status":"open","ping_status":"closed","template":"","meta":{"site-sidebar-layout":"default","site-content-layout":"","ast-site-content-layout":"","site-content-style":"default","site-sidebar-style":"default","ast-global-header-display":"","ast-banner-title-visibility":"","ast-main-header-display":"","ast-hfb-above-header-display":"","ast-hfb-below-header-display":"","ast-hfb-mobile-header-display":"","site-post-title":"","ast-breadcrumbs-content":"","ast-featured-img":"","footer-sml-layout":"","theme-transparent-header-meta":"","adv-header-id-meta":"","stick-header-meta":"","header-above-stick-meta":"","header-main-stick-meta":"","header-below-stick-meta":"","astra-migrate-meta-layouts":"default","ast-page-background-enabled":"default","ast-page-background-meta":{"desktop":{"background-color":"var(--ast-global-color-4)","background-image":"","background-repeat":"repeat","background-position":"center center","background-size":"auto","background-attachment":"scroll","background-type":"","background-media":"","overlay-type":"","overlay-color":"","overlay-opacity":"","overlay-gradient":""},"tablet":{"background-color":"","background-image":"","background-repeat":"repeat","background-position":"center center","background-size":"auto","background-attachment":"scroll","background-type":"","background-media":"","overlay-type":"","overlay-color":"","overlay-opacity":"","overlay-gradient":""},"mobile":{"background-color":"","background-image":"","background-repeat":"repeat","background-position":"center center","background-size":"auto","background-attachment":"scroll","background-type":"","background-media":"","overlay-type":"","overlay-color":"","overlay-opacity":"","overlay-gradient":""}},"ast-content-background-meta":{"desktop":{"background-color":"var(--ast-global-color-5)","background-image":"","background-repeat":"repeat","background-position":"center center","background-size":"auto","background-attachment":"scroll","background-type":"","background-media":"","overlay-type":"","overlay-color":"","overlay-opacity":"","overlay-gradient":""},"tablet":{"background-color":"var(--ast-global-color-5)","background-image":"","background-repeat":"repeat","background-position":"center center","background-size":"auto","background-attachment":"scroll","background-type":"","background-media":"","overlay-type":"","overlay-color":"","overlay-opacity":"","overlay-gradient":""},"mobile":{"background-color":"var(--ast-global-color-5)","background-image":"","background-repeat":"repeat","background-position":"center center","background-size":"auto","background-attachment":"scroll","background-type":"","background-media":"","overlay-type":"","overlay-color":"","overlay-opacity":"","overlay-gradient":""}}},"product_brand":[],"product_cat":[244,188,1118],"product_tag":[],"class_list":{"0":"post-272117","1":"product","2":"type-product","3":"status-publish","4":"has-post-thumbnail","6":"product_cat-france","7":"product_cat-freelancer","8":"product_cat-paris","9":"desktop-align-left","10":"tablet-align-left","11":"mobile-align-left","13":"first","14":"instock","15":"shipping-taxable","16":"product-type-simple"},"_links":{"self":[{"href":"https:\/\/poccky.com\/index.php\/wp-json\/wp\/v2\/product\/272117","targetHints":{"allow":["GET"]}}],"collection":[{"href":"https:\/\/poccky.com\/index.php\/wp-json\/wp\/v2\/product"}],"about":[{"href":"https:\/\/poccky.com\/index.php\/wp-json\/wp\/v2\/types\/product"}],"replies":[{"embeddable":true,"href":"https:\/\/poccky.com\/index.php\/wp-json\/wp\/v2\/comments?post=272117"}],"wp:featuredmedia":[{"embeddable":true,"href":"https:\/\/poccky.com\/index.php\/wp-json\/wp\/v2\/media\/119297"}],"wp:attachment":[{"href":"https:\/\/poccky.com\/index.php\/wp-json\/wp\/v2\/media?parent=272117"}],"wp:term":[{"taxonomy":"product_brand","embeddable":true,"href":"https:\/\/poccky.com\/index.php\/wp-json\/wp\/v2\/product_brand?post=272117"},{"taxonomy":"product_cat","embeddable":true,"href":"https:\/\/poccky.com\/index.php\/wp-json\/wp\/v2\/product_cat?post=272117"},{"taxonomy":"product_tag","embeddable":true,"href":"https:\/\/poccky.com\/index.php\/wp-json\/wp\/v2\/product_tag?post=272117"}],"curies":[{"name":"wp","href":"https:\/\/api.w.org\/{rel}","templated":true}]}}