{"id":270692,"date":"2023-10-28T19:16:47","date_gmt":"2023-10-28T19:16:47","guid":{"rendered":"https:\/\/poccky.com\/?post_type=product&#038;p=270692"},"modified":"2023-10-28T19:16:48","modified_gmt":"2023-10-28T19:16:48","slug":"genco-the-gentlemen","status":"publish","type":"product","link":"https:\/\/poccky.com\/index.php\/product\/genco-the-gentlemen\/","title":{"rendered":"Genco The Gentlemen"},"content":{"rendered":"","protected":false},"excerpt":{"rendered":"<p>Genco<\/p>\n<p>Dear Ladies<\/p>\n<p>My name is Genco. a well- educated Gentlemen.<\/p>\n<p>I am a professional cook and love to do sports. I have an average body with a charming face.<\/p>\n<p>I define myself as humoristic and delightful<\/p>\n<p>If you\u2019re looking for a true companionship. pure happiness and spend some quality time do not hesitate to call me.<\/p>\n<p>I do also apply Tantric. Sweedish. classic massage.<\/p>\n<p>For further info please contact me<\/p>\n<p>I couldnt have used my original pictures because of privacy but they are close.<\/p>\n<p>Mobile: 0536 070 2076<\/p>\n<p>Mail : gencothegentlemen.hotmail.com<\/p>\n<p>Han?mlar.<\/p>\n<p>?smim Genco. e?itimli ve k\u00fclt\u00fcrl\u00fc bir Beyfendiyim.<\/p>\n<p>Profesy\u00f6nel yemek yapmay? ve spor yapmay? seven normal v\u00fccutlu prezentabl birisiyim.<\/p>\n<p>Sizde e?er d\u00fczg\u00fcn. kaliteli zaman ge\u00e7irebilece?iniz bir mutlulu?u ar?yorsan?z beni aramaktan \u00e7ekinmeyin.<\/p>\n<p>Ayn? zamanda Tantra. ?sve\u00e7 ve klasik masaj yapmaktay?m.<\/p>\n<p>Detayl? bilgi i\u00e7in arayabilir ve ya mail atabilirsiniz.<\/p>\n<p>Resimler gizlilik sebebiyle benim resimlerim de?ildir fakat yak?nd?r. My details Below mentioned<\/p>\n<p>                Nationality:<br \/>\n                Mixed Race  <\/p>\n<p>                Languages:<br \/>\n                T?rkish English <\/p>\n<p>                Age:<br \/>\n                27<\/p>\n<p>                Height:<br \/>\n                175<\/p>\n<p>                Weight:<br \/>\n                70<\/p>\n<p>                Hair:<br \/>\n                Brown<\/p>\n<p>                Eyes:<br \/>\n                Brownphone_android Phone:<br \/>\n          00905360702076<\/p>\n","protected":false},"featured_media":117188,"comment_status":"open","ping_status":"closed","template":"","meta":{"site-sidebar-layout":"default","site-content-layout":"","ast-site-content-layout":"","site-content-style":"default","site-sidebar-style":"default","ast-global-header-display":"","ast-banner-title-visibility":"","ast-main-header-display":"","ast-hfb-above-header-display":"","ast-hfb-below-header-display":"","ast-hfb-mobile-header-display":"","site-post-title":"","ast-breadcrumbs-content":"","ast-featured-img":"","footer-sml-layout":"","theme-transparent-header-meta":"","adv-header-id-meta":"","stick-header-meta":"","header-above-stick-meta":"","header-main-stick-meta":"","header-below-stick-meta":"","astra-migrate-meta-layouts":"default","ast-page-background-enabled":"default","ast-page-background-meta":{"desktop":{"background-color":"var(--ast-global-color-4)","background-image":"","background-repeat":"repeat","background-position":"center center","background-size":"auto","background-attachment":"scroll","background-type":"","background-media":"","overlay-type":"","overlay-color":"","overlay-opacity":"","overlay-gradient":""},"tablet":{"background-color":"","background-image":"","background-repeat":"repeat","background-position":"center center","background-size":"auto","background-attachment":"scroll","background-type":"","background-media":"","overlay-type":"","overlay-color":"","overlay-opacity":"","overlay-gradient":""},"mobile":{"background-color":"","background-image":"","background-repeat":"repeat","background-position":"center center","background-size":"auto","background-attachment":"scroll","background-type":"","background-media":"","overlay-type":"","overlay-color":"","overlay-opacity":"","overlay-gradient":""}},"ast-content-background-meta":{"desktop":{"background-color":"var(--ast-global-color-5)","background-image":"","background-repeat":"repeat","background-position":"center center","background-size":"auto","background-attachment":"scroll","background-type":"","background-media":"","overlay-type":"","overlay-color":"","overlay-opacity":"","overlay-gradient":""},"tablet":{"background-color":"var(--ast-global-color-5)","background-image":"","background-repeat":"repeat","background-position":"center center","background-size":"auto","background-attachment":"scroll","background-type":"","background-media":"","overlay-type":"","overlay-color":"","overlay-opacity":"","overlay-gradient":""},"mobile":{"background-color":"var(--ast-global-color-5)","background-image":"","background-repeat":"repeat","background-position":"center center","background-size":"auto","background-attachment":"scroll","background-type":"","background-media":"","overlay-type":"","overlay-color":"","overlay-opacity":"","overlay-gradient":""}}},"product_brand":[],"product_cat":[987,188,243],"product_tag":[],"class_list":{"0":"post-270692","1":"product","2":"type-product","3":"status-publish","4":"has-post-thumbnail","6":"product_cat-ankara","7":"product_cat-freelancer","8":"product_cat-turky","9":"desktop-align-left","10":"tablet-align-left","11":"mobile-align-left","13":"first","14":"instock","15":"shipping-taxable","16":"product-type-simple"},"_links":{"self":[{"href":"https:\/\/poccky.com\/index.php\/wp-json\/wp\/v2\/product\/270692","targetHints":{"allow":["GET"]}}],"collection":[{"href":"https:\/\/poccky.com\/index.php\/wp-json\/wp\/v2\/product"}],"about":[{"href":"https:\/\/poccky.com\/index.php\/wp-json\/wp\/v2\/types\/product"}],"replies":[{"embeddable":true,"href":"https:\/\/poccky.com\/index.php\/wp-json\/wp\/v2\/comments?post=270692"}],"wp:featuredmedia":[{"embeddable":true,"href":"https:\/\/poccky.com\/index.php\/wp-json\/wp\/v2\/media\/117188"}],"wp:attachment":[{"href":"https:\/\/poccky.com\/index.php\/wp-json\/wp\/v2\/media?parent=270692"}],"wp:term":[{"taxonomy":"product_brand","embeddable":true,"href":"https:\/\/poccky.com\/index.php\/wp-json\/wp\/v2\/product_brand?post=270692"},{"taxonomy":"product_cat","embeddable":true,"href":"https:\/\/poccky.com\/index.php\/wp-json\/wp\/v2\/product_cat?post=270692"},{"taxonomy":"product_tag","embeddable":true,"href":"https:\/\/poccky.com\/index.php\/wp-json\/wp\/v2\/product_tag?post=270692"}],"curies":[{"name":"wp","href":"https:\/\/api.w.org\/{rel}","templated":true}]}}