{"id":270643,"date":"2023-10-28T19:14:57","date_gmt":"2023-10-28T19:14:57","guid":{"rendered":"https:\/\/poccky.com\/?post_type=product&#038;p=270643"},"modified":"2023-10-28T19:15:02","modified_gmt":"2023-10-28T19:15:02","slug":"lisa-american-tantra-massage","status":"publish","type":"product","link":"https:\/\/poccky.com\/index.php\/product\/lisa-american-tantra-massage\/","title":{"rendered":"Lisa AMERICAN Tantra Massage"},"content":{"rendered":"","protected":false},"excerpt":{"rendered":"<p>Hola me llamo Lisa. soy masajista titulada. Mis masajes mezclan varios t\u00e9cnicas: orientales derivados del tantra y thai. y t\u00e9cnicas de relajaci\u00f3n y quiromasaje.  buscando una harmon\u00eda entre ambos. para su mayor placer. Atraves de acietes. presiones. estiramientos y amasamientos. de lo pies a la cabeza. podr\u00e1s disfrutar de nuevas sensaciones placenteros y er\u00f3ticas.  dejando atr\u00e1s el estr\u00e9s diario. Soy Seductora y ardiente. Experta en el trato distinguido con el p\u00fablico masculino. Mis masajes te llevar\u00e1n por un camino de calor y pasi\u00f3n.Trabajo en un centro de lujo en pleno barrio Salamanca con todas las comodidades. Tambi\u00e9n te puedo visitar en su domicilio o hotel. Atiendo a hombre. mujeres y parejas.  Podr\u00e1s contactar conmigo en el 677-741-356 My details Below mentioned<\/p>\n<p>                Nationality:<br \/>\n                American <\/p>\n<p>                Languages:<br \/>\n                English.  Spanish<\/p>\n<p>                Age:<br \/>\n                32<\/p>\n<p>                Height:<br \/>\n                1&#8217;71<\/p>\n<p>                Weight:<br \/>\n                60<\/p>\n<p>                Hair:<br \/>\n                Brown<\/p>\n<p>                Eyes:<br \/>\n                Hazel<\/p>\n<p>                Measurements:<br \/>\n                95-68-92phone_android Phone:<br \/>\n          677741356<\/p>\n","protected":false},"featured_media":94048,"comment_status":"open","ping_status":"closed","template":"","meta":{"site-sidebar-layout":"default","site-content-layout":"","ast-site-content-layout":"","site-content-style":"default","site-sidebar-style":"default","ast-global-header-display":"","ast-banner-title-visibility":"","ast-main-header-display":"","ast-hfb-above-header-display":"","ast-hfb-below-header-display":"","ast-hfb-mobile-header-display":"","site-post-title":"","ast-breadcrumbs-content":"","ast-featured-img":"","footer-sml-layout":"","theme-transparent-header-meta":"","adv-header-id-meta":"","stick-header-meta":"","header-above-stick-meta":"","header-main-stick-meta":"","header-below-stick-meta":"","astra-migrate-meta-layouts":"default","ast-page-background-enabled":"default","ast-page-background-meta":{"desktop":{"background-color":"var(--ast-global-color-4)","background-image":"","background-repeat":"repeat","background-position":"center center","background-size":"auto","background-attachment":"scroll","background-type":"","background-media":"","overlay-type":"","overlay-color":"","overlay-opacity":"","overlay-gradient":""},"tablet":{"background-color":"","background-image":"","background-repeat":"repeat","background-position":"center center","background-size":"auto","background-attachment":"scroll","background-type":"","background-media":"","overlay-type":"","overlay-color":"","overlay-opacity":"","overlay-gradient":""},"mobile":{"background-color":"","background-image":"","background-repeat":"repeat","background-position":"center center","background-size":"auto","background-attachment":"scroll","background-type":"","background-media":"","overlay-type":"","overlay-color":"","overlay-opacity":"","overlay-gradient":""}},"ast-content-background-meta":{"desktop":{"background-color":"var(--ast-global-color-5)","background-image":"","background-repeat":"repeat","background-position":"center center","background-size":"auto","background-attachment":"scroll","background-type":"","background-media":"","overlay-type":"","overlay-color":"","overlay-opacity":"","overlay-gradient":""},"tablet":{"background-color":"var(--ast-global-color-5)","background-image":"","background-repeat":"repeat","background-position":"center center","background-size":"auto","background-attachment":"scroll","background-type":"","background-media":"","overlay-type":"","overlay-color":"","overlay-opacity":"","overlay-gradient":""},"mobile":{"background-color":"var(--ast-global-color-5)","background-image":"","background-repeat":"repeat","background-position":"center center","background-size":"auto","background-attachment":"scroll","background-type":"","background-media":"","overlay-type":"","overlay-color":"","overlay-opacity":"","overlay-gradient":""}}},"product_brand":[],"product_cat":[188,1116,1014],"product_tag":[],"class_list":{"0":"post-270643","1":"product","2":"type-product","3":"status-publish","4":"has-post-thumbnail","6":"product_cat-freelancer","7":"product_cat-madrid","8":"product_cat-spain","9":"desktop-align-left","10":"tablet-align-left","11":"mobile-align-left","13":"first","14":"instock","15":"shipping-taxable","16":"product-type-simple"},"_links":{"self":[{"href":"https:\/\/poccky.com\/index.php\/wp-json\/wp\/v2\/product\/270643","targetHints":{"allow":["GET"]}}],"collection":[{"href":"https:\/\/poccky.com\/index.php\/wp-json\/wp\/v2\/product"}],"about":[{"href":"https:\/\/poccky.com\/index.php\/wp-json\/wp\/v2\/types\/product"}],"replies":[{"embeddable":true,"href":"https:\/\/poccky.com\/index.php\/wp-json\/wp\/v2\/comments?post=270643"}],"wp:featuredmedia":[{"embeddable":true,"href":"https:\/\/poccky.com\/index.php\/wp-json\/wp\/v2\/media\/94048"}],"wp:attachment":[{"href":"https:\/\/poccky.com\/index.php\/wp-json\/wp\/v2\/media?parent=270643"}],"wp:term":[{"taxonomy":"product_brand","embeddable":true,"href":"https:\/\/poccky.com\/index.php\/wp-json\/wp\/v2\/product_brand?post=270643"},{"taxonomy":"product_cat","embeddable":true,"href":"https:\/\/poccky.com\/index.php\/wp-json\/wp\/v2\/product_cat?post=270643"},{"taxonomy":"product_tag","embeddable":true,"href":"https:\/\/poccky.com\/index.php\/wp-json\/wp\/v2\/product_tag?post=270643"}],"curies":[{"name":"wp","href":"https:\/\/api.w.org\/{rel}","templated":true}]}}