{"id":270613,"date":"2023-10-28T19:13:47","date_gmt":"2023-10-28T19:13:47","guid":{"rendered":"https:\/\/poccky.com\/?post_type=product&#038;p=270613"},"modified":"2023-10-28T19:13:55","modified_gmt":"2023-10-28T19:13:55","slug":"mandy-10","status":"publish","type":"product","link":"https:\/\/poccky.com\/index.php\/product\/mandy-10\/","title":{"rendered":"Mandy"},"content":{"rendered":"","protected":false},"excerpt":{"rendered":"<p>Ab Montag Abend um 23.00 in Z\u00fcrich TOP TRaNS zu genie\u00dfen<\/p>\n<p>NUR AUF TERMIN.TOP TRANS Mandy Rose zu genie\u00dfen .NUR KURZE ZEIT IN DER STADT UND NUR AUF TERMIN MACHEN UND 20 MINUTEN VORHER ANRUFEN&#8230;. TOP Transsexsuell Mandy Rose&#8230;Erf\u00fchlt dir besondere Extra W\u00fcnsche! Ich komm aus Asien. Bin 22Jahre jun.G 1.69 m gro\u00df. Habe eine 34er Konf. meine BH Gr\u00f6\u00dfe ist 75D.. wiege 55kg und mein be stes St\u00fcck hat die Ma\u00dfe18x4. Aktiv &#038; Passiv? Bei mir bekommst du es! Meine Bilder sind Original (bin sogar noch h\u00fcbscher als auf den Fotos). Schau einfach vorbei oder ruf mich an. dann kannst du mich besuchen kommen. Nat\u00fcrlich sind Anf\u00e4nger willkommen. Ich werde dich gl\u00fccklich machen und wir werden Spa\u00df haben. wenn du auch nett zu mir bist. Also verpasst nicht die Gelegenheit mich zu haben. Ich werde dich bis in den siebten Himmel bringen. Ruf mich einfach an und genie\u00df die Zeit mit mir. Bis gleich service top service von A-Z\u2026 einfach geniessen und was spass machen\u2026 Liebe Gr\u00fc\u00dfe und K\u00fcsse Kuss Kuss .ps. if u Respekt to me and I will pay that with the attention and sweet love. Ps. asiatische und erotische Massage kannst du auch haben. My details Below mentioned<\/p>\n<p>                Age:<br \/>\n                21<\/p>\n","protected":false},"featured_media":95262,"comment_status":"open","ping_status":"closed","template":"","meta":{"site-sidebar-layout":"default","site-content-layout":"","ast-site-content-layout":"","site-content-style":"default","site-sidebar-style":"default","ast-global-header-display":"","ast-banner-title-visibility":"","ast-main-header-display":"","ast-hfb-above-header-display":"","ast-hfb-below-header-display":"","ast-hfb-mobile-header-display":"","site-post-title":"","ast-breadcrumbs-content":"","ast-featured-img":"","footer-sml-layout":"","theme-transparent-header-meta":"","adv-header-id-meta":"","stick-header-meta":"","header-above-stick-meta":"","header-main-stick-meta":"","header-below-stick-meta":"","astra-migrate-meta-layouts":"default","ast-page-background-enabled":"default","ast-page-background-meta":{"desktop":{"background-color":"var(--ast-global-color-4)","background-image":"","background-repeat":"repeat","background-position":"center center","background-size":"auto","background-attachment":"scroll","background-type":"","background-media":"","overlay-type":"","overlay-color":"","overlay-opacity":"","overlay-gradient":""},"tablet":{"background-color":"","background-image":"","background-repeat":"repeat","background-position":"center center","background-size":"auto","background-attachment":"scroll","background-type":"","background-media":"","overlay-type":"","overlay-color":"","overlay-opacity":"","overlay-gradient":""},"mobile":{"background-color":"","background-image":"","background-repeat":"repeat","background-position":"center center","background-size":"auto","background-attachment":"scroll","background-type":"","background-media":"","overlay-type":"","overlay-color":"","overlay-opacity":"","overlay-gradient":""}},"ast-content-background-meta":{"desktop":{"background-color":"var(--ast-global-color-5)","background-image":"","background-repeat":"repeat","background-position":"center center","background-size":"auto","background-attachment":"scroll","background-type":"","background-media":"","overlay-type":"","overlay-color":"","overlay-opacity":"","overlay-gradient":""},"tablet":{"background-color":"var(--ast-global-color-5)","background-image":"","background-repeat":"repeat","background-position":"center center","background-size":"auto","background-attachment":"scroll","background-type":"","background-media":"","overlay-type":"","overlay-color":"","overlay-opacity":"","overlay-gradient":""},"mobile":{"background-color":"var(--ast-global-color-5)","background-image":"","background-repeat":"repeat","background-position":"center center","background-size":"auto","background-attachment":"scroll","background-type":"","background-media":"","overlay-type":"","overlay-color":"","overlay-opacity":"","overlay-gradient":""}}},"product_brand":[],"product_cat":[188,958,1127],"product_tag":[],"class_list":{"0":"post-270613","1":"product","2":"type-product","3":"status-publish","4":"has-post-thumbnail","6":"product_cat-freelancer","7":"product_cat-switzerland","8":"product_cat-zurich","9":"desktop-align-left","10":"tablet-align-left","11":"mobile-align-left","13":"first","14":"instock","15":"shipping-taxable","16":"product-type-simple"},"_links":{"self":[{"href":"https:\/\/poccky.com\/index.php\/wp-json\/wp\/v2\/product\/270613","targetHints":{"allow":["GET"]}}],"collection":[{"href":"https:\/\/poccky.com\/index.php\/wp-json\/wp\/v2\/product"}],"about":[{"href":"https:\/\/poccky.com\/index.php\/wp-json\/wp\/v2\/types\/product"}],"replies":[{"embeddable":true,"href":"https:\/\/poccky.com\/index.php\/wp-json\/wp\/v2\/comments?post=270613"}],"wp:featuredmedia":[{"embeddable":true,"href":"https:\/\/poccky.com\/index.php\/wp-json\/wp\/v2\/media\/95262"}],"wp:attachment":[{"href":"https:\/\/poccky.com\/index.php\/wp-json\/wp\/v2\/media?parent=270613"}],"wp:term":[{"taxonomy":"product_brand","embeddable":true,"href":"https:\/\/poccky.com\/index.php\/wp-json\/wp\/v2\/product_brand?post=270613"},{"taxonomy":"product_cat","embeddable":true,"href":"https:\/\/poccky.com\/index.php\/wp-json\/wp\/v2\/product_cat?post=270613"},{"taxonomy":"product_tag","embeddable":true,"href":"https:\/\/poccky.com\/index.php\/wp-json\/wp\/v2\/product_tag?post=270613"}],"curies":[{"name":"wp","href":"https:\/\/api.w.org\/{rel}","templated":true}]}}