{"id":270544,"date":"2023-10-28T19:11:03","date_gmt":"2023-10-28T19:11:03","guid":{"rendered":"https:\/\/poccky.com\/?post_type=product&#038;p=270544"},"modified":"2023-10-28T19:11:09","modified_gmt":"2023-10-28T19:11:09","slug":"isabelle-4","status":"publish","type":"product","link":"https:\/\/poccky.com\/index.php\/product\/isabelle-4\/","title":{"rendered":"Isabelle"},"content":{"rendered":"","protected":false},"excerpt":{"rendered":"<p>My name is Isabelle. I am 21. 175 cm (5\u20199\u201d) tall. slender captivating blonde. I was born in Slovakia. but was travelling all over the world. I love to have adventures and discover new opportunities. My appearance is natural and elegant. A healthy life style is important for me. so I\u2019m working out regularly to keep myself in shape. particularly enjoying gym. swimming and running. I enjoy being a companion. to share mutual trust. affection and respect with the man I date. Being selective. I prefer to spend time with a gentleman who is both educated and sophisticated. I enjoy to meet a successful. man. who knows how to treat a young woman like a princess. I expect to be respected. gentlemanly behavior is appreciated and generously rewarded.<\/p>\n<p>Je m\u2019appelle Isabelle. j\u2019ai 21 ans et 175 cm. Je suis n\u00e9e en Slovaquie. mais j\u2019ai voyage partout dans le monde. J\u2019aime des aventures et la d\u00e9couverte des nouvelles opportunit\u00e9s. Mon style est naturel et \u00e9l\u00e9gant. Un mode de vie sain est tr\u00e8s important pour moi. donc je fais r\u00e9guli\u00e8rement la gym. la natation et le jogging pour me maintenir en forme. \u00c9tant une escorte de standing occasionelle. j\u2019apprecie le partage de confiance. d&#8217;affection et de respect lors des rencontres. \u00c9tant s\u00e9lective. je pr\u00e9f\u00e8re passer du temps avec un homme qui est \u00e0 la fois eduqu\u00e9 et sophistiqu\u00e9. Je suis impatiente de rencontrer un homme galant qui sait traiter une jeune femme comme une princesse. Le comportement de gentleman est appr\u00e9ci\u00e9 et g\u00e9n\u00e9reusement r\u00e9compens\u00e9. My details Below mentioned<\/p>\n<p>                Nationality:<br \/>\n                Slovak <\/p>\n<p>                Languages:<br \/>\n                French.  English<\/p>\n<p>                Age:<br \/>\n                21<\/p>\n<p>                Height:<br \/>\n                !74 cm<\/p>\n<p>                Weight:<br \/>\n                55 kg <\/p>\n<p>                Hair:<br \/>\n                Long Blonde<\/p>\n<p>                Eyes:<br \/>\n                Green <\/p>\n<p>                Measurements:<br \/>\n                90C-60-90<\/p>\n","protected":false},"featured_media":119185,"comment_status":"open","ping_status":"closed","template":"","meta":{"site-sidebar-layout":"default","site-content-layout":"","ast-site-content-layout":"","site-content-style":"default","site-sidebar-style":"default","ast-global-header-display":"","ast-banner-title-visibility":"","ast-main-header-display":"","ast-hfb-above-header-display":"","ast-hfb-below-header-display":"","ast-hfb-mobile-header-display":"","site-post-title":"","ast-breadcrumbs-content":"","ast-featured-img":"","footer-sml-layout":"","theme-transparent-header-meta":"","adv-header-id-meta":"","stick-header-meta":"","header-above-stick-meta":"","header-main-stick-meta":"","header-below-stick-meta":"","astra-migrate-meta-layouts":"default","ast-page-background-enabled":"default","ast-page-background-meta":{"desktop":{"background-color":"var(--ast-global-color-4)","background-image":"","background-repeat":"repeat","background-position":"center center","background-size":"auto","background-attachment":"scroll","background-type":"","background-media":"","overlay-type":"","overlay-color":"","overlay-opacity":"","overlay-gradient":""},"tablet":{"background-color":"","background-image":"","background-repeat":"repeat","background-position":"center center","background-size":"auto","background-attachment":"scroll","background-type":"","background-media":"","overlay-type":"","overlay-color":"","overlay-opacity":"","overlay-gradient":""},"mobile":{"background-color":"","background-image":"","background-repeat":"repeat","background-position":"center center","background-size":"auto","background-attachment":"scroll","background-type":"","background-media":"","overlay-type":"","overlay-color":"","overlay-opacity":"","overlay-gradient":""}},"ast-content-background-meta":{"desktop":{"background-color":"var(--ast-global-color-5)","background-image":"","background-repeat":"repeat","background-position":"center center","background-size":"auto","background-attachment":"scroll","background-type":"","background-media":"","overlay-type":"","overlay-color":"","overlay-opacity":"","overlay-gradient":""},"tablet":{"background-color":"var(--ast-global-color-5)","background-image":"","background-repeat":"repeat","background-position":"center center","background-size":"auto","background-attachment":"scroll","background-type":"","background-media":"","overlay-type":"","overlay-color":"","overlay-opacity":"","overlay-gradient":""},"mobile":{"background-color":"var(--ast-global-color-5)","background-image":"","background-repeat":"repeat","background-position":"center center","background-size":"auto","background-attachment":"scroll","background-type":"","background-media":"","overlay-type":"","overlay-color":"","overlay-opacity":"","overlay-gradient":""}}},"product_brand":[],"product_cat":[244,188,1118],"product_tag":[],"class_list":{"0":"post-270544","1":"product","2":"type-product","3":"status-publish","4":"has-post-thumbnail","6":"product_cat-france","7":"product_cat-freelancer","8":"product_cat-paris","9":"desktop-align-left","10":"tablet-align-left","11":"mobile-align-left","13":"first","14":"instock","15":"shipping-taxable","16":"product-type-simple"},"_links":{"self":[{"href":"https:\/\/poccky.com\/index.php\/wp-json\/wp\/v2\/product\/270544","targetHints":{"allow":["GET"]}}],"collection":[{"href":"https:\/\/poccky.com\/index.php\/wp-json\/wp\/v2\/product"}],"about":[{"href":"https:\/\/poccky.com\/index.php\/wp-json\/wp\/v2\/types\/product"}],"replies":[{"embeddable":true,"href":"https:\/\/poccky.com\/index.php\/wp-json\/wp\/v2\/comments?post=270544"}],"wp:featuredmedia":[{"embeddable":true,"href":"https:\/\/poccky.com\/index.php\/wp-json\/wp\/v2\/media\/119185"}],"wp:attachment":[{"href":"https:\/\/poccky.com\/index.php\/wp-json\/wp\/v2\/media?parent=270544"}],"wp:term":[{"taxonomy":"product_brand","embeddable":true,"href":"https:\/\/poccky.com\/index.php\/wp-json\/wp\/v2\/product_brand?post=270544"},{"taxonomy":"product_cat","embeddable":true,"href":"https:\/\/poccky.com\/index.php\/wp-json\/wp\/v2\/product_cat?post=270544"},{"taxonomy":"product_tag","embeddable":true,"href":"https:\/\/poccky.com\/index.php\/wp-json\/wp\/v2\/product_tag?post=270544"}],"curies":[{"name":"wp","href":"https:\/\/api.w.org\/{rel}","templated":true}]}}