{"id":270522,"date":"2023-10-28T19:10:00","date_gmt":"2023-10-28T19:10:00","guid":{"rendered":"https:\/\/poccky.com\/?post_type=product&#038;p=270522"},"modified":"2023-10-28T19:10:22","modified_gmt":"2023-10-28T19:10:22","slug":"rebecca-8","status":"publish","type":"product","link":"https:\/\/poccky.com\/index.php\/product\/rebecca-8\/","title":{"rendered":"Rebecca"},"content":{"rendered":"","protected":false},"excerpt":{"rendered":"<p>Hello Gentlemen. my name is Rebecca. I am a 22-year-old independent exclusive companion in Paris who offers private encounters for the discerning gentleman with sophisticated tastes. I am an intelligent. charming and elegant lady with a positive personality. You will find me seductive and educated with a great sense of humor<\/p>\n<p>SOME WORDS ABOUT ME<\/p>\n<p>From a young age. I appreciate the finest and beautiful things in the life. I enjoy many kinds of arts. I regularly visit the expositions of paintings and museums. Ballet is also my passion as well as Opera.<\/p>\n<p>Being passionate by travellin.G I enjoy learning about other cultures. I have visited many countries in the world and had opportunity to live in Paris. New York. Milan and London.<\/p>\n<p>MY PORTFOLIO<\/p>\n<p>I confirm you that I am the girl in the pictures and all my pictures are very current. So I guarantee you will be very satisfied with what you will see!<\/p>\n<p>ABOUT OUR APPOINTMENT<\/p>\n<p>I would prefer a long-term appointment (2hrs. 3hrs. dinner date or overnight) in order to make our time together authentic. exhilaratin.G and deliciously unrushed.<\/p>\n<p>But if you are very busy. I can be also available for short appointment (minimum 1 hour).<\/p>\n<p>Being classy. sensual and passionate. I make excellent company for any occasion. Preferring quality to quantity. my circle of friends is small as I enjoy the company of educated fine gentlemen.<\/p>\n<p>Whatever reasons your life has led you to peruse this page. know that I am here for you:<\/p>\n<p>&#8211; Let me be your escape from a high-demanding career<br \/>\n&#8211; Gain more experience as a lover<br \/>\n&#8211; Fill the emptiness left by lack of intimacy and connection<br \/>\n&#8211; Gain your confidence back in the dating world<br \/>\n&#8211; Or simply experience the sheer enjoyment of a woman in your arms\u2026<\/p>\n<p>The High Quality of my services include:<\/p>\n<p>* Expensive lingerie with stockings and suspenders<br \/>\n* 100% natural body. hair and face<br \/>\n* Nice apartment for incall<br \/>\n* Respect. punctuality and discretion.<\/p>\n<p>MEET ME<\/p>\n<p>Being occasional elite companion. I will require to contact me at least 2 hours in advance.<\/p>\n<p>Tel.:<\/p>\n<p>I am 100% independent and I am not affiliated with any agency.<\/p>\n<p>I take your privacy seriously so please be assured that your information is confidential and safe with me. I will not call or text prior to your consent.<\/p>\n<p>I look forward to meeting you soon&#8230;<\/p>\n<p>_<\/p>\n<p>Chers Messieurs.<br \/>\nJe me pr\u00e9sente Rebecca. Je suis une accompagnatrice de standing ind\u00e9pendante qui propose des rencontres priv\u00e9es \u00e0 Paris pour les gentlemen sophistiqu\u00e9s et exigeants. Je suis une jeune fille intelligente. charmante et \u00e9l\u00e9gante avec une personnalit\u00e9 tr\u00e8s riche et passionn\u00e9e. Vous me trouveriez \u00e9duqu\u00e9e et s\u00e9duisante avec un grand sens de l&#8217;humour.<\/p>\n<p>QUELQUES MOTS SUR MOI<\/p>\n<p>Depuis mon enfance j\u2019 appr\u00e9cie les arts et plus belles choses dans la vie. Je visite r\u00e9guli\u00e8rement des expositions et des mus\u00e9es. Ballet est aussi ma passion ainsi que Opera.<\/p>\n<p>Etant passionn\u00e9e par les voyages. j\u2019aime apprendre des langues et cultures \u00e9trang\u00e8res. J\u2019ai visit\u00e9 des nombreux pays dans le monde et j\u2019ai eu l&#8217;opportunit\u00e9 de vivre \u00e0 New York. Milan. Londres et Paris.<\/p>\n<p>MES PHOTOS<\/p>\n<p>Je vous confirme que je suis la fille sur les photos et que toutes mes photos sont tr\u00e8s r\u00e9centes. Donc. je vous garantie que vous seriez tr\u00e8s satisfait de ce que vous verrez!<\/p>\n<p>NOTRE RENDEZ-VOUS<\/p>\n<p>Je pr\u00e9f\u00e9rerais un rendez-vous de longue dur\u00e9e (2 heures. 3 heures. un d\u00eener ou la nuit compl\u00e8te) afin de rendre notre temps ensemble d\u00e9licieusement authentique et memorable.<\/p>\n<p>Mais si vous \u00eates tr\u00e8s occup\u00e9. je peux \u00eatre aussi disponible pour un rendez-vous de courte dure\u00e9 (minimum 1 heure).<\/p>\n<p>Etant chic. sensuelle et passionn\u00e9e. je ferais une excellente compagnie pour toute occasion. Pr\u00e9f\u00e9rant la qualit\u00e9 \u00e0 la quantit\u00e9. mon cercle d&#8217;amis est petit.<\/p>\n<p>Quel que soit une raison dans votre vie qui vous a conduit \u00e0 parcourir ma page. sachez que je suis la pour vous:<\/p>\n<p>&#8211; Trouver une escapade \u00e0 une carri\u00e8re tres prenante<br \/>\n&#8211; Acqu\u00e9rir plus d&#8217;exp\u00e9rience comme un amant<br \/>\n&#8211; Remplir le vide et le manque de s\u00e9duction et d&#8217;intimit\u00e9 dans la vie quotidienne<br \/>\n&#8211; Gagner votre confiance dans le monde des rencontres<br \/>\n&#8211; Ou tout simplement vivre le pur plaisir d&#8217;avoir une belle femme dans vos bras<\/p>\n<p>La haute qualite de mes services comprend:<\/p>\n<p>* La lingerie fine avec des bas et des porte-jartelles<br \/>\n* Le corps. le visage. les cheveux et les ongles 100% naturel<br \/>\n* Un bel appartement discret au centre de Paris<br \/>\n* Le respect. la ponctualit\u00e9 et la discr\u00e9tion.<\/p>\n<p>ME RENCONTRER<\/p>\n<p>Etant tres active dans ma vie. je vous demande de me contacter au moins deux heures \u00e0 l&#8217;avance.<\/p>\n<p>T\u00e9l .:<\/p>\n<p>Je suis 100% ind\u00e9pendante et je travaille avec aucune agence.<\/p>\n<p>A tr\u00e8s bientot\u2026 My details Below mentioned<\/p>\n<p>                Nationality:<br \/>\n                Hungarian <\/p>\n<p>                Languages:<br \/>\n                French.  English<\/p>\n<p>                Age:<br \/>\n                22<\/p>\n<p>                Height:<br \/>\n                177 cm<\/p>\n<p>                Weight:<br \/>\n                56 kg<\/p>\n<p>                Hair:<br \/>\n                Blonde<\/p>\n<p>                Eyes:<br \/>\n                Green<\/p>\n<p>                Measurements:<br \/>\n                92D-62-90<\/p>\n","protected":false},"featured_media":119178,"comment_status":"open","ping_status":"closed","template":"","meta":{"site-sidebar-layout":"default","site-content-layout":"","ast-site-content-layout":"","site-content-style":"default","site-sidebar-style":"default","ast-global-header-display":"","ast-banner-title-visibility":"","ast-main-header-display":"","ast-hfb-above-header-display":"","ast-hfb-below-header-display":"","ast-hfb-mobile-header-display":"","site-post-title":"","ast-breadcrumbs-content":"","ast-featured-img":"","footer-sml-layout":"","theme-transparent-header-meta":"","adv-header-id-meta":"","stick-header-meta":"","header-above-stick-meta":"","header-main-stick-meta":"","header-below-stick-meta":"","astra-migrate-meta-layouts":"default","ast-page-background-enabled":"default","ast-page-background-meta":{"desktop":{"background-color":"var(--ast-global-color-4)","background-image":"","background-repeat":"repeat","background-position":"center center","background-size":"auto","background-attachment":"scroll","background-type":"","background-media":"","overlay-type":"","overlay-color":"","overlay-opacity":"","overlay-gradient":""},"tablet":{"background-color":"","background-image":"","background-repeat":"repeat","background-position":"center center","background-size":"auto","background-attachment":"scroll","background-type":"","background-media":"","overlay-type":"","overlay-color":"","overlay-opacity":"","overlay-gradient":""},"mobile":{"background-color":"","background-image":"","background-repeat":"repeat","background-position":"center center","background-size":"auto","background-attachment":"scroll","background-type":"","background-media":"","overlay-type":"","overlay-color":"","overlay-opacity":"","overlay-gradient":""}},"ast-content-background-meta":{"desktop":{"background-color":"var(--ast-global-color-5)","background-image":"","background-repeat":"repeat","background-position":"center center","background-size":"auto","background-attachment":"scroll","background-type":"","background-media":"","overlay-type":"","overlay-color":"","overlay-opacity":"","overlay-gradient":""},"tablet":{"background-color":"var(--ast-global-color-5)","background-image":"","background-repeat":"repeat","background-position":"center center","background-size":"auto","background-attachment":"scroll","background-type":"","background-media":"","overlay-type":"","overlay-color":"","overlay-opacity":"","overlay-gradient":""},"mobile":{"background-color":"var(--ast-global-color-5)","background-image":"","background-repeat":"repeat","background-position":"center center","background-size":"auto","background-attachment":"scroll","background-type":"","background-media":"","overlay-type":"","overlay-color":"","overlay-opacity":"","overlay-gradient":""}}},"product_brand":[],"product_cat":[244,188,1118],"product_tag":[],"class_list":{"0":"post-270522","1":"product","2":"type-product","3":"status-publish","4":"has-post-thumbnail","6":"product_cat-france","7":"product_cat-freelancer","8":"product_cat-paris","9":"desktop-align-left","10":"tablet-align-left","11":"mobile-align-left","13":"first","14":"instock","15":"shipping-taxable","16":"product-type-simple"},"_links":{"self":[{"href":"https:\/\/poccky.com\/index.php\/wp-json\/wp\/v2\/product\/270522","targetHints":{"allow":["GET"]}}],"collection":[{"href":"https:\/\/poccky.com\/index.php\/wp-json\/wp\/v2\/product"}],"about":[{"href":"https:\/\/poccky.com\/index.php\/wp-json\/wp\/v2\/types\/product"}],"replies":[{"embeddable":true,"href":"https:\/\/poccky.com\/index.php\/wp-json\/wp\/v2\/comments?post=270522"}],"wp:featuredmedia":[{"embeddable":true,"href":"https:\/\/poccky.com\/index.php\/wp-json\/wp\/v2\/media\/119178"}],"wp:attachment":[{"href":"https:\/\/poccky.com\/index.php\/wp-json\/wp\/v2\/media?parent=270522"}],"wp:term":[{"taxonomy":"product_brand","embeddable":true,"href":"https:\/\/poccky.com\/index.php\/wp-json\/wp\/v2\/product_brand?post=270522"},{"taxonomy":"product_cat","embeddable":true,"href":"https:\/\/poccky.com\/index.php\/wp-json\/wp\/v2\/product_cat?post=270522"},{"taxonomy":"product_tag","embeddable":true,"href":"https:\/\/poccky.com\/index.php\/wp-json\/wp\/v2\/product_tag?post=270522"}],"curies":[{"name":"wp","href":"https:\/\/api.w.org\/{rel}","templated":true}]}}