{"id":270437,"date":"2023-10-28T19:06:53","date_gmt":"2023-10-28T19:06:53","guid":{"rendered":"https:\/\/poccky.com\/?post_type=product&#038;p=270437"},"modified":"2023-10-28T19:06:57","modified_gmt":"2023-10-28T19:06:57","slug":"taisha-escort","status":"publish","type":"product","link":"https:\/\/poccky.com\/index.php\/product\/taisha-escort\/","title":{"rendered":"Taisha Escort"},"content":{"rendered":"","protected":false},"excerpt":{"rendered":"<p>Jeune etudiante tirant ses origines de l&#8217;Asie et des iles.<\/p>\n<p>Tr\u00e8s douce. f\u00e9minine et pleine d&#8217;\u00e9nergie.<br \/>\nJe recherche un homme galant et respectueux.<\/p>\n<p>Les premiers \u00e9changes se font d&#8217;abord par mail: taisha.paris.outlook.fr<\/p>\n<p>Le respect. l&#8217;hygi\u00e8ne et la bonne humeur sont indispensables \u00e0 notre rencontre.<\/p>\n<p>A bient\u00f4t.<br \/>\nTaisha<\/p>\n<p>&#8212;&#8212;&#8212;&#8212;&#8212;&#8212;&#8212;-<\/p>\n<p>Young student. mixed race ( from Asia and West Indies)<\/p>\n<p>Witty. smart and sexy.<\/p>\n<p>I am looking for a gentleman.<\/p>\n<p>First message will be by e-mail : taisha.paris.outlook.fr<\/p>\n<p>Respect. hygiene and joyfull are essential.<\/p>\n<p>See you soon.<\/p>\n<p>xx<\/p>\n<p>Taisha My details Below mentioned<\/p>\n<p>                Nationality:<br \/>\n                Metisse <\/p>\n<p>                Languages:<br \/>\n                French.  English.  Spanish.  Dutch.  Japanese<\/p>\n<p>                Age:<br \/>\n                21<\/p>\n<p>                Height:<br \/>\n                163 cm<\/p>\n<p>                Weight:<br \/>\n                53 kg<\/p>\n<p>                Hair:<br \/>\n                Medium Brown<\/p>\n<p>                Eyes:<br \/>\n                Hazel<\/p>\n","protected":false},"featured_media":117157,"comment_status":"open","ping_status":"closed","template":"","meta":{"site-sidebar-layout":"default","site-content-layout":"","ast-site-content-layout":"","site-content-style":"default","site-sidebar-style":"default","ast-global-header-display":"","ast-banner-title-visibility":"","ast-main-header-display":"","ast-hfb-above-header-display":"","ast-hfb-below-header-display":"","ast-hfb-mobile-header-display":"","site-post-title":"","ast-breadcrumbs-content":"","ast-featured-img":"","footer-sml-layout":"","theme-transparent-header-meta":"","adv-header-id-meta":"","stick-header-meta":"","header-above-stick-meta":"","header-main-stick-meta":"","header-below-stick-meta":"","astra-migrate-meta-layouts":"default","ast-page-background-enabled":"default","ast-page-background-meta":{"desktop":{"background-color":"var(--ast-global-color-4)","background-image":"","background-repeat":"repeat","background-position":"center center","background-size":"auto","background-attachment":"scroll","background-type":"","background-media":"","overlay-type":"","overlay-color":"","overlay-opacity":"","overlay-gradient":""},"tablet":{"background-color":"","background-image":"","background-repeat":"repeat","background-position":"center center","background-size":"auto","background-attachment":"scroll","background-type":"","background-media":"","overlay-type":"","overlay-color":"","overlay-opacity":"","overlay-gradient":""},"mobile":{"background-color":"","background-image":"","background-repeat":"repeat","background-position":"center center","background-size":"auto","background-attachment":"scroll","background-type":"","background-media":"","overlay-type":"","overlay-color":"","overlay-opacity":"","overlay-gradient":""}},"ast-content-background-meta":{"desktop":{"background-color":"var(--ast-global-color-5)","background-image":"","background-repeat":"repeat","background-position":"center center","background-size":"auto","background-attachment":"scroll","background-type":"","background-media":"","overlay-type":"","overlay-color":"","overlay-opacity":"","overlay-gradient":""},"tablet":{"background-color":"var(--ast-global-color-5)","background-image":"","background-repeat":"repeat","background-position":"center center","background-size":"auto","background-attachment":"scroll","background-type":"","background-media":"","overlay-type":"","overlay-color":"","overlay-opacity":"","overlay-gradient":""},"mobile":{"background-color":"var(--ast-global-color-5)","background-image":"","background-repeat":"repeat","background-position":"center center","background-size":"auto","background-attachment":"scroll","background-type":"","background-media":"","overlay-type":"","overlay-color":"","overlay-opacity":"","overlay-gradient":""}}},"product_brand":[],"product_cat":[244,188,1118],"product_tag":[],"class_list":{"0":"post-270437","1":"product","2":"type-product","3":"status-publish","4":"has-post-thumbnail","6":"product_cat-france","7":"product_cat-freelancer","8":"product_cat-paris","9":"desktop-align-left","10":"tablet-align-left","11":"mobile-align-left","13":"first","14":"instock","15":"shipping-taxable","16":"product-type-simple"},"_links":{"self":[{"href":"https:\/\/poccky.com\/index.php\/wp-json\/wp\/v2\/product\/270437","targetHints":{"allow":["GET"]}}],"collection":[{"href":"https:\/\/poccky.com\/index.php\/wp-json\/wp\/v2\/product"}],"about":[{"href":"https:\/\/poccky.com\/index.php\/wp-json\/wp\/v2\/types\/product"}],"replies":[{"embeddable":true,"href":"https:\/\/poccky.com\/index.php\/wp-json\/wp\/v2\/comments?post=270437"}],"wp:featuredmedia":[{"embeddable":true,"href":"https:\/\/poccky.com\/index.php\/wp-json\/wp\/v2\/media\/117157"}],"wp:attachment":[{"href":"https:\/\/poccky.com\/index.php\/wp-json\/wp\/v2\/media?parent=270437"}],"wp:term":[{"taxonomy":"product_brand","embeddable":true,"href":"https:\/\/poccky.com\/index.php\/wp-json\/wp\/v2\/product_brand?post=270437"},{"taxonomy":"product_cat","embeddable":true,"href":"https:\/\/poccky.com\/index.php\/wp-json\/wp\/v2\/product_cat?post=270437"},{"taxonomy":"product_tag","embeddable":true,"href":"https:\/\/poccky.com\/index.php\/wp-json\/wp\/v2\/product_tag?post=270437"}],"curies":[{"name":"wp","href":"https:\/\/api.w.org\/{rel}","templated":true}]}}