{"id":269666,"date":"2023-10-28T18:37:49","date_gmt":"2023-10-28T18:37:49","guid":{"rendered":"https:\/\/poccky.com\/?post_type=product&#038;p=269666"},"modified":"2023-10-28T18:37:53","modified_gmt":"2023-10-28T18:37:53","slug":"magnifique-frenchbeauty","status":"publish","type":"product","link":"https:\/\/poccky.com\/index.php\/product\/magnifique-frenchbeauty\/","title":{"rendered":"Magnifique -FrenchBeauty &#8211;"},"content":{"rendered":"","protected":false},"excerpt":{"rendered":"<p>EXCLUSIVITE : TOUR \u00e0 Paris du 7 au 9 septembre inclus!<br \/>\n(Hors Tourn\u00e9e. je reste disponible \u00e0 Paris et Toutes villes de France et Europe pour RDV minimum 1nuit sur R\u00e9servation!)<\/p>\n<p>ENGLISH SPEAKING<br \/>\n&#8220;French high class escort&#8221;<br \/>\nPhotos 100% r\u00e9elles. prot\u00e9g\u00e9es du vol et de l&#8217;utilisation frauduleuse.<\/p>\n<p>Mannequin lingerie et escorte de luxe Fran\u00e7aise &#038; Occasionnelle.<\/p>\n<p>Classe. raffin\u00e9e. souriante. cultiv\u00e9e. sympas et tr\u00e8s sexy mais sans vulgarit\u00e9.<\/p>\n<p>Accompagnement haut de gamme pour soir\u00e9es. diners priv\u00e9s ou d&#8217;affaire. et moment priv\u00e9s coquins.<\/p>\n<p>De pr\u00e9sentation impeccable. \u00e9l\u00e9gance \u00e0 la Fran\u00e7aise. je serais vous rendre fier lors de soir\u00e9es et d\u00e9placements. parfaite petite amie d&#8217;un soir ou plus.<\/p>\n<p>Libertine. mon plaisir est ma vocation.<\/p>\n<p>Moment incall et outcall.<br \/>\nJe re\u00e7ois Paris et me d\u00e9place dans tous les quartiers chics.<br \/>\nPour vrais gentlemans et couples \u00e9xigeants.<br \/>\nS\u00e9lective. je ne rencontre que des personnes courtoises. g\u00e9n\u00e9reuses et respectueuses.<\/p>\n<p>Vraie GFE&#8230;<\/p>\n<p>Pour rdv. Appelez moi au;<br \/>\nSi je ne r\u00e9ponds pas envoyez-moi un sms avec pr\u00e9nom. age. mobile!!!. incall ou outcall. My details Below mentioned<\/p>\n<p>                Nationality:<br \/>\n                Franco-suisse <\/p>\n<p>                Languages:<br \/>\n                French.  English.  Spanish<\/p>\n<p>                Age:<br \/>\n                25<\/p>\n<p>                Height:<br \/>\n                173cm<\/p>\n<p>                Weight:<br \/>\n                57kg<\/p>\n<p>                Hair:<br \/>\n                Brunette tr\u00e8s long<\/p>\n<p>                Eyes:<br \/>\n                green. vert<\/p>\n<p>                Measurements:<br \/>\n                90D-59-92<\/p>\n","protected":false},"featured_media":116450,"comment_status":"open","ping_status":"closed","template":"","meta":{"site-sidebar-layout":"default","site-content-layout":"","ast-site-content-layout":"","site-content-style":"default","site-sidebar-style":"default","ast-global-header-display":"","ast-banner-title-visibility":"","ast-main-header-display":"","ast-hfb-above-header-display":"","ast-hfb-below-header-display":"","ast-hfb-mobile-header-display":"","site-post-title":"","ast-breadcrumbs-content":"","ast-featured-img":"","footer-sml-layout":"","theme-transparent-header-meta":"","adv-header-id-meta":"","stick-header-meta":"","header-above-stick-meta":"","header-main-stick-meta":"","header-below-stick-meta":"","astra-migrate-meta-layouts":"default","ast-page-background-enabled":"default","ast-page-background-meta":{"desktop":{"background-color":"var(--ast-global-color-4)","background-image":"","background-repeat":"repeat","background-position":"center center","background-size":"auto","background-attachment":"scroll","background-type":"","background-media":"","overlay-type":"","overlay-color":"","overlay-opacity":"","overlay-gradient":""},"tablet":{"background-color":"","background-image":"","background-repeat":"repeat","background-position":"center center","background-size":"auto","background-attachment":"scroll","background-type":"","background-media":"","overlay-type":"","overlay-color":"","overlay-opacity":"","overlay-gradient":""},"mobile":{"background-color":"","background-image":"","background-repeat":"repeat","background-position":"center center","background-size":"auto","background-attachment":"scroll","background-type":"","background-media":"","overlay-type":"","overlay-color":"","overlay-opacity":"","overlay-gradient":""}},"ast-content-background-meta":{"desktop":{"background-color":"var(--ast-global-color-5)","background-image":"","background-repeat":"repeat","background-position":"center center","background-size":"auto","background-attachment":"scroll","background-type":"","background-media":"","overlay-type":"","overlay-color":"","overlay-opacity":"","overlay-gradient":""},"tablet":{"background-color":"var(--ast-global-color-5)","background-image":"","background-repeat":"repeat","background-position":"center center","background-size":"auto","background-attachment":"scroll","background-type":"","background-media":"","overlay-type":"","overlay-color":"","overlay-opacity":"","overlay-gradient":""},"mobile":{"background-color":"var(--ast-global-color-5)","background-image":"","background-repeat":"repeat","background-position":"center center","background-size":"auto","background-attachment":"scroll","background-type":"","background-media":"","overlay-type":"","overlay-color":"","overlay-opacity":"","overlay-gradient":""}}},"product_brand":[],"product_cat":[244,188,1118],"product_tag":[],"class_list":{"0":"post-269666","1":"product","2":"type-product","3":"status-publish","4":"has-post-thumbnail","6":"product_cat-france","7":"product_cat-freelancer","8":"product_cat-paris","9":"desktop-align-left","10":"tablet-align-left","11":"mobile-align-left","13":"first","14":"instock","15":"shipping-taxable","16":"product-type-simple"},"_links":{"self":[{"href":"https:\/\/poccky.com\/index.php\/wp-json\/wp\/v2\/product\/269666","targetHints":{"allow":["GET"]}}],"collection":[{"href":"https:\/\/poccky.com\/index.php\/wp-json\/wp\/v2\/product"}],"about":[{"href":"https:\/\/poccky.com\/index.php\/wp-json\/wp\/v2\/types\/product"}],"replies":[{"embeddable":true,"href":"https:\/\/poccky.com\/index.php\/wp-json\/wp\/v2\/comments?post=269666"}],"wp:featuredmedia":[{"embeddable":true,"href":"https:\/\/poccky.com\/index.php\/wp-json\/wp\/v2\/media\/116450"}],"wp:attachment":[{"href":"https:\/\/poccky.com\/index.php\/wp-json\/wp\/v2\/media?parent=269666"}],"wp:term":[{"taxonomy":"product_brand","embeddable":true,"href":"https:\/\/poccky.com\/index.php\/wp-json\/wp\/v2\/product_brand?post=269666"},{"taxonomy":"product_cat","embeddable":true,"href":"https:\/\/poccky.com\/index.php\/wp-json\/wp\/v2\/product_cat?post=269666"},{"taxonomy":"product_tag","embeddable":true,"href":"https:\/\/poccky.com\/index.php\/wp-json\/wp\/v2\/product_tag?post=269666"}],"curies":[{"name":"wp","href":"https:\/\/api.w.org\/{rel}","templated":true}]}}