{"id":269120,"date":"2023-10-28T18:17:12","date_gmt":"2023-10-28T18:17:12","guid":{"rendered":"https:\/\/poccky.com\/?post_type=product&#038;p=269120"},"modified":"2023-10-28T18:17:20","modified_gmt":"2023-10-28T18:17:20","slug":"natalie_s","status":"publish","type":"product","link":"https:\/\/poccky.com\/index.php\/product\/natalie_s\/","title":{"rendered":"Natalie_S"},"content":{"rendered":"","protected":false},"excerpt":{"rendered":"<p>hello ! I am Natalie !! I have artistic soul. I am  is very mysterious girl. I am  doesn&#8217;t want to be common escort. she wants to be discreet lover. I want all men to desire her and follow her. My ability to seduce is only matched by my  teasing nature. If you like to try something new. Natalie is unique girl in Paris &#8230;. waiting for you. Bonjour! Je suis Natalie !! J ai une  \u00e2me artistique. je suis une fille tr\u00e8s myst\u00e9rieux. Je suis et ne veux pas \u00eatre une  escorte comme les autres. elle veut \u00eatre une maitresse discret. Je veux que tous les hommes me desire  et me suivent dans mes experiences. Ma capacit\u00e9 \u00e0 s\u00e9duire n&#8217;a d&#8217;\u00e9gale que ma taquinerie naturelle. Si vous voulez essayer quelque chose de nouveau. Natalie est fille unique \u00e0 Paris &#8230;. Je vous attends. My details Below mentioned<\/p>\n<p>                Nationality:<br \/>\n                Belarusian <\/p>\n<p>                Languages:<br \/>\n                English. French. Russian<\/p>\n<p>                Age:<br \/>\n                23<\/p>\n<p>                Height:<br \/>\n                170<\/p>\n<p>                Weight:<br \/>\n                50 kg<\/p>\n<p>                Hair:<br \/>\n                BRUNET<\/p>\n<p>                Eyes:<br \/>\n                BLUE<\/p>\n<p>                Measurements:<br \/>\n                100-60-90Companionship rates:<\/p>\n<p>                  1 hour rate<br \/>\n                  250 EUR<\/p>\n<p>                  2 hours rate<br \/>\n                  450 EUR<\/p>\n<p>                  3 hours rate<br \/>\n                  650 EUR<\/p>\n<p>                  full night rate<br \/>\n                  1200 EUR<\/p>\n","protected":false},"featured_media":95027,"comment_status":"open","ping_status":"closed","template":"","meta":{"site-sidebar-layout":"default","site-content-layout":"","ast-site-content-layout":"","site-content-style":"default","site-sidebar-style":"default","ast-global-header-display":"","ast-banner-title-visibility":"","ast-main-header-display":"","ast-hfb-above-header-display":"","ast-hfb-below-header-display":"","ast-hfb-mobile-header-display":"","site-post-title":"","ast-breadcrumbs-content":"","ast-featured-img":"","footer-sml-layout":"","theme-transparent-header-meta":"","adv-header-id-meta":"","stick-header-meta":"","header-above-stick-meta":"","header-main-stick-meta":"","header-below-stick-meta":"","astra-migrate-meta-layouts":"default","ast-page-background-enabled":"default","ast-page-background-meta":{"desktop":{"background-color":"var(--ast-global-color-4)","background-image":"","background-repeat":"repeat","background-position":"center center","background-size":"auto","background-attachment":"scroll","background-type":"","background-media":"","overlay-type":"","overlay-color":"","overlay-opacity":"","overlay-gradient":""},"tablet":{"background-color":"","background-image":"","background-repeat":"repeat","background-position":"center center","background-size":"auto","background-attachment":"scroll","background-type":"","background-media":"","overlay-type":"","overlay-color":"","overlay-opacity":"","overlay-gradient":""},"mobile":{"background-color":"","background-image":"","background-repeat":"repeat","background-position":"center center","background-size":"auto","background-attachment":"scroll","background-type":"","background-media":"","overlay-type":"","overlay-color":"","overlay-opacity":"","overlay-gradient":""}},"ast-content-background-meta":{"desktop":{"background-color":"var(--ast-global-color-5)","background-image":"","background-repeat":"repeat","background-position":"center center","background-size":"auto","background-attachment":"scroll","background-type":"","background-media":"","overlay-type":"","overlay-color":"","overlay-opacity":"","overlay-gradient":""},"tablet":{"background-color":"var(--ast-global-color-5)","background-image":"","background-repeat":"repeat","background-position":"center center","background-size":"auto","background-attachment":"scroll","background-type":"","background-media":"","overlay-type":"","overlay-color":"","overlay-opacity":"","overlay-gradient":""},"mobile":{"background-color":"var(--ast-global-color-5)","background-image":"","background-repeat":"repeat","background-position":"center center","background-size":"auto","background-attachment":"scroll","background-type":"","background-media":"","overlay-type":"","overlay-color":"","overlay-opacity":"","overlay-gradient":""}}},"product_brand":[],"product_cat":[244,188,1118],"product_tag":[],"class_list":{"0":"post-269120","1":"product","2":"type-product","3":"status-publish","4":"has-post-thumbnail","6":"product_cat-france","7":"product_cat-freelancer","8":"product_cat-paris","9":"desktop-align-left","10":"tablet-align-left","11":"mobile-align-left","13":"first","14":"instock","15":"shipping-taxable","16":"product-type-simple"},"_links":{"self":[{"href":"https:\/\/poccky.com\/index.php\/wp-json\/wp\/v2\/product\/269120","targetHints":{"allow":["GET"]}}],"collection":[{"href":"https:\/\/poccky.com\/index.php\/wp-json\/wp\/v2\/product"}],"about":[{"href":"https:\/\/poccky.com\/index.php\/wp-json\/wp\/v2\/types\/product"}],"replies":[{"embeddable":true,"href":"https:\/\/poccky.com\/index.php\/wp-json\/wp\/v2\/comments?post=269120"}],"wp:featuredmedia":[{"embeddable":true,"href":"https:\/\/poccky.com\/index.php\/wp-json\/wp\/v2\/media\/95027"}],"wp:attachment":[{"href":"https:\/\/poccky.com\/index.php\/wp-json\/wp\/v2\/media?parent=269120"}],"wp:term":[{"taxonomy":"product_brand","embeddable":true,"href":"https:\/\/poccky.com\/index.php\/wp-json\/wp\/v2\/product_brand?post=269120"},{"taxonomy":"product_cat","embeddable":true,"href":"https:\/\/poccky.com\/index.php\/wp-json\/wp\/v2\/product_cat?post=269120"},{"taxonomy":"product_tag","embeddable":true,"href":"https:\/\/poccky.com\/index.php\/wp-json\/wp\/v2\/product_tag?post=269120"}],"curies":[{"name":"wp","href":"https:\/\/api.w.org\/{rel}","templated":true}]}}