{"id":268863,"date":"2023-10-28T18:06:21","date_gmt":"2023-10-28T18:06:21","guid":{"rendered":"https:\/\/poccky.com\/?post_type=product&#038;p=268863"},"modified":"2023-10-28T18:06:28","modified_gmt":"2023-10-28T18:06:28","slug":"anna-angella-best-duo","status":"publish","type":"product","link":"https:\/\/poccky.com\/index.php\/product\/anna-angella-best-duo\/","title":{"rendered":"Anna Angella Best DUO"},"content":{"rendered":"","protected":false},"excerpt":{"rendered":"<p>Anna(blonde)-contact tel : +33(0)645973270 .<br \/>\nAngella(brown hair)-contact tel :<br \/>\n+33(0)647569621<br \/>\nWe are pretty and independent young ladies. two models with perfect bodies.<br \/>\nIf you are a gentleman looking for something a little different.<br \/>\nsome adventure and eroticism to help you to forget your everyday cares and stress.<br \/>\nthen you can MEET one of us or if you want to invite us together. you are welcome<br \/>\n**************************************************************************************************************************************************************************************************************************************************************<\/p>\n<p>Nous sommes de belles et ind\u00e9pendantes jeunes femmes. deux mannequins aux corps parfaits.<br \/>\nSi vous \u00eates un gentleman recherchant quelque chose de DIFF\u00e9RENT. de l&#8217;aventure et de l&#8217;\u00e9rotisme pour vous aider \u00e0 oublier votre stress quotidien.<br \/>\nalors vous pouvez rencontrer l&#8217;une d&#8217;entre-nous ou bien nous inviter toutes les deux si vous le d\u00e9sirez. My details Below mentioned<\/p>\n<p>                Languages:<br \/>\n                english.  french. german.  russian<\/p>\n<p>                Age:<br \/>\n                28<\/p>\n<p>                Height:<br \/>\n                175. 170<\/p>\n<p>                Weight:<br \/>\n                57. 53<\/p>\n<p>                Hair:<br \/>\n                blond. brown <\/p>\n<p>                Eyes:<br \/>\n                green. blue<\/p>\n<p>                Measurements:<br \/>\n                90C-60-90<\/p>\n","protected":false},"featured_media":108193,"comment_status":"open","ping_status":"closed","template":"","meta":{"site-sidebar-layout":"default","site-content-layout":"","ast-site-content-layout":"","site-content-style":"default","site-sidebar-style":"default","ast-global-header-display":"","ast-banner-title-visibility":"","ast-main-header-display":"","ast-hfb-above-header-display":"","ast-hfb-below-header-display":"","ast-hfb-mobile-header-display":"","site-post-title":"","ast-breadcrumbs-content":"","ast-featured-img":"","footer-sml-layout":"","theme-transparent-header-meta":"","adv-header-id-meta":"","stick-header-meta":"","header-above-stick-meta":"","header-main-stick-meta":"","header-below-stick-meta":"","astra-migrate-meta-layouts":"default","ast-page-background-enabled":"default","ast-page-background-meta":{"desktop":{"background-color":"var(--ast-global-color-4)","background-image":"","background-repeat":"repeat","background-position":"center center","background-size":"auto","background-attachment":"scroll","background-type":"","background-media":"","overlay-type":"","overlay-color":"","overlay-opacity":"","overlay-gradient":""},"tablet":{"background-color":"","background-image":"","background-repeat":"repeat","background-position":"center center","background-size":"auto","background-attachment":"scroll","background-type":"","background-media":"","overlay-type":"","overlay-color":"","overlay-opacity":"","overlay-gradient":""},"mobile":{"background-color":"","background-image":"","background-repeat":"repeat","background-position":"center center","background-size":"auto","background-attachment":"scroll","background-type":"","background-media":"","overlay-type":"","overlay-color":"","overlay-opacity":"","overlay-gradient":""}},"ast-content-background-meta":{"desktop":{"background-color":"var(--ast-global-color-5)","background-image":"","background-repeat":"repeat","background-position":"center center","background-size":"auto","background-attachment":"scroll","background-type":"","background-media":"","overlay-type":"","overlay-color":"","overlay-opacity":"","overlay-gradient":""},"tablet":{"background-color":"var(--ast-global-color-5)","background-image":"","background-repeat":"repeat","background-position":"center center","background-size":"auto","background-attachment":"scroll","background-type":"","background-media":"","overlay-type":"","overlay-color":"","overlay-opacity":"","overlay-gradient":""},"mobile":{"background-color":"var(--ast-global-color-5)","background-image":"","background-repeat":"repeat","background-position":"center center","background-size":"auto","background-attachment":"scroll","background-type":"","background-media":"","overlay-type":"","overlay-color":"","overlay-opacity":"","overlay-gradient":""}}},"product_brand":[],"product_cat":[244,188,1118],"product_tag":[],"class_list":{"0":"post-268863","1":"product","2":"type-product","3":"status-publish","4":"has-post-thumbnail","6":"product_cat-france","7":"product_cat-freelancer","8":"product_cat-paris","9":"desktop-align-left","10":"tablet-align-left","11":"mobile-align-left","13":"first","14":"instock","15":"shipping-taxable","16":"product-type-simple"},"_links":{"self":[{"href":"https:\/\/poccky.com\/index.php\/wp-json\/wp\/v2\/product\/268863","targetHints":{"allow":["GET"]}}],"collection":[{"href":"https:\/\/poccky.com\/index.php\/wp-json\/wp\/v2\/product"}],"about":[{"href":"https:\/\/poccky.com\/index.php\/wp-json\/wp\/v2\/types\/product"}],"replies":[{"embeddable":true,"href":"https:\/\/poccky.com\/index.php\/wp-json\/wp\/v2\/comments?post=268863"}],"wp:featuredmedia":[{"embeddable":true,"href":"https:\/\/poccky.com\/index.php\/wp-json\/wp\/v2\/media\/108193"}],"wp:attachment":[{"href":"https:\/\/poccky.com\/index.php\/wp-json\/wp\/v2\/media?parent=268863"}],"wp:term":[{"taxonomy":"product_brand","embeddable":true,"href":"https:\/\/poccky.com\/index.php\/wp-json\/wp\/v2\/product_brand?post=268863"},{"taxonomy":"product_cat","embeddable":true,"href":"https:\/\/poccky.com\/index.php\/wp-json\/wp\/v2\/product_cat?post=268863"},{"taxonomy":"product_tag","embeddable":true,"href":"https:\/\/poccky.com\/index.php\/wp-json\/wp\/v2\/product_tag?post=268863"}],"curies":[{"name":"wp","href":"https:\/\/api.w.org\/{rel}","templated":true}]}}