{"id":268665,"date":"2023-10-28T17:58:22","date_gmt":"2023-10-28T17:58:22","guid":{"rendered":"https:\/\/poccky.com\/?post_type=product&#038;p=268665"},"modified":"2023-10-28T17:58:27","modified_gmt":"2023-10-28T17:58:27","slug":"lily-escort-girl-vip-paris-15-me","status":"publish","type":"product","link":"https:\/\/poccky.com\/index.php\/product\/lily-escort-girl-vip-paris-15-me\/","title":{"rendered":"Lily Escort Girl VIP PARIS 15 -Me"},"content":{"rendered":"","protected":false},"excerpt":{"rendered":"<p>Je suis une jeune femme nouvelle dans Paris.je suis Franco-Br\u00e9silienne \u00e0 la beaut\u00e9 naturelle et raffin\u00e9e avec un visage d&#8217;un r\u00e9el charme :<br \/>\ndes traits fins et harmonieux. une bouche gourmande. un regard brun envo\u00fbtant. chevelureux blond et soyeuse tombant sur mes reins.<br \/>\ndot\u00e9e d\u2019une plastique naturelle une poitrine de 85D au yeux vert .170.57kilos une peau velout\u00e9e. un corps que l\u2019on r\u00eave d\u2019\u00e9treindre nue ou v\u00eatue.<br \/>\nune silhouette que l\u2019on adore avoir \u00e0 ses bras et \u00e0 sa table.<br \/>\net je peux vous garanti que mes formes.g\u00e9n\u00e9reuses n&#8217;laiss\u00e8rent pas indiff\u00e9rents ..<\/p>\n<p>Sexe et sexuelle. je suis sure que je serrait la compagnie id\u00e9ale pour vous soir\u00e9es&#8230;<br \/>\nAvec moi toutes vos fantasmes seront satisfait afin de vous laisser un souvenir inoubliable de notre rencontre .<\/p>\n<p>Les moments pass\u00e9s avec moi vous para\u00eetront toujours trop courts.<br \/>\nJ\u2019aime les hommes aimant le raffinement supr\u00eame et le bien-\u00eatre absolu en toute discr\u00e9tion.<br \/>\nJ\u2019appr\u00e9cie par-dessus tout. les hommes exigeants et s\u00e9lectifs avec qui je pourrais partager confidences et moments complices.<br \/>\navec lesquels il est possible de d\u00e9clencher cette \u00e9tincelle qui fait qu\u2019une relation devient particuli\u00e8re et pr\u00e9cieuse.<br \/>\nJ\u2019aime les hommes qui poss\u00e8dent l\u2019\u00e9l\u00e9gance et l\u2019ouverture d\u2019esprit n\u00e9cessaire pour partager un moment sensuel entre adultes consentants.<br \/>\ncourtois. s\u00e9ducteurs. discrets. d\u00e9contract\u00e9. g\u00e9n\u00e9reux. mon exp\u00e9rience me permet ais\u00e9ment de g\u00e9rer des rencontres agr\u00e9ables entre gens &#8220;bien&#8221;.<br \/>\nMes photos sont 100% R\u00e9elles.<br \/>\nN&#8217;h\u00e9sitez pas a m&#8217;appelle .vous ne le regretterez pas &#8230; Bisous Coquins My details Below mentioned<\/p>\n<p>                Nationality:<br \/>\n                Br\u00e9silienne <\/p>\n<p>                Languages:<br \/>\n                Fran\u00e7ais. Portugu\u00eas<\/p>\n<p>                Age:<br \/>\n                27<\/p>\n<p>                Height:<br \/>\n                170<\/p>\n<p>                Weight:<br \/>\n                57<\/p>\n<p>                Hair:<br \/>\n                hair long blonde<\/p>\n<p>                Eyes:<br \/>\n                marron<\/p>\n<p>                Measurements:<br \/>\n                90B<\/p>\n","protected":false},"featured_media":96754,"comment_status":"open","ping_status":"closed","template":"","meta":{"site-sidebar-layout":"default","site-content-layout":"","ast-site-content-layout":"","site-content-style":"default","site-sidebar-style":"default","ast-global-header-display":"","ast-banner-title-visibility":"","ast-main-header-display":"","ast-hfb-above-header-display":"","ast-hfb-below-header-display":"","ast-hfb-mobile-header-display":"","site-post-title":"","ast-breadcrumbs-content":"","ast-featured-img":"","footer-sml-layout":"","theme-transparent-header-meta":"","adv-header-id-meta":"","stick-header-meta":"","header-above-stick-meta":"","header-main-stick-meta":"","header-below-stick-meta":"","astra-migrate-meta-layouts":"default","ast-page-background-enabled":"default","ast-page-background-meta":{"desktop":{"background-color":"var(--ast-global-color-4)","background-image":"","background-repeat":"repeat","background-position":"center center","background-size":"auto","background-attachment":"scroll","background-type":"","background-media":"","overlay-type":"","overlay-color":"","overlay-opacity":"","overlay-gradient":""},"tablet":{"background-color":"","background-image":"","background-repeat":"repeat","background-position":"center center","background-size":"auto","background-attachment":"scroll","background-type":"","background-media":"","overlay-type":"","overlay-color":"","overlay-opacity":"","overlay-gradient":""},"mobile":{"background-color":"","background-image":"","background-repeat":"repeat","background-position":"center center","background-size":"auto","background-attachment":"scroll","background-type":"","background-media":"","overlay-type":"","overlay-color":"","overlay-opacity":"","overlay-gradient":""}},"ast-content-background-meta":{"desktop":{"background-color":"var(--ast-global-color-5)","background-image":"","background-repeat":"repeat","background-position":"center center","background-size":"auto","background-attachment":"scroll","background-type":"","background-media":"","overlay-type":"","overlay-color":"","overlay-opacity":"","overlay-gradient":""},"tablet":{"background-color":"var(--ast-global-color-5)","background-image":"","background-repeat":"repeat","background-position":"center center","background-size":"auto","background-attachment":"scroll","background-type":"","background-media":"","overlay-type":"","overlay-color":"","overlay-opacity":"","overlay-gradient":""},"mobile":{"background-color":"var(--ast-global-color-5)","background-image":"","background-repeat":"repeat","background-position":"center center","background-size":"auto","background-attachment":"scroll","background-type":"","background-media":"","overlay-type":"","overlay-color":"","overlay-opacity":"","overlay-gradient":""}}},"product_brand":[],"product_cat":[244,188,1118],"product_tag":[],"class_list":{"0":"post-268665","1":"product","2":"type-product","3":"status-publish","4":"has-post-thumbnail","6":"product_cat-france","7":"product_cat-freelancer","8":"product_cat-paris","9":"desktop-align-left","10":"tablet-align-left","11":"mobile-align-left","13":"first","14":"instock","15":"shipping-taxable","16":"product-type-simple"},"_links":{"self":[{"href":"https:\/\/poccky.com\/index.php\/wp-json\/wp\/v2\/product\/268665","targetHints":{"allow":["GET"]}}],"collection":[{"href":"https:\/\/poccky.com\/index.php\/wp-json\/wp\/v2\/product"}],"about":[{"href":"https:\/\/poccky.com\/index.php\/wp-json\/wp\/v2\/types\/product"}],"replies":[{"embeddable":true,"href":"https:\/\/poccky.com\/index.php\/wp-json\/wp\/v2\/comments?post=268665"}],"wp:featuredmedia":[{"embeddable":true,"href":"https:\/\/poccky.com\/index.php\/wp-json\/wp\/v2\/media\/96754"}],"wp:attachment":[{"href":"https:\/\/poccky.com\/index.php\/wp-json\/wp\/v2\/media?parent=268665"}],"wp:term":[{"taxonomy":"product_brand","embeddable":true,"href":"https:\/\/poccky.com\/index.php\/wp-json\/wp\/v2\/product_brand?post=268665"},{"taxonomy":"product_cat","embeddable":true,"href":"https:\/\/poccky.com\/index.php\/wp-json\/wp\/v2\/product_cat?post=268665"},{"taxonomy":"product_tag","embeddable":true,"href":"https:\/\/poccky.com\/index.php\/wp-json\/wp\/v2\/product_tag?post=268665"}],"curies":[{"name":"wp","href":"https:\/\/api.w.org\/{rel}","templated":true}]}}