{"id":267656,"date":"2023-10-28T17:17:55","date_gmt":"2023-10-28T17:17:55","guid":{"rendered":"https:\/\/poccky.com\/?post_type=product&#038;p=267656"},"modified":"2023-10-28T17:18:01","modified_gmt":"2023-10-28T17:18:01","slug":"lady-chic","status":"publish","type":"product","link":"https:\/\/poccky.com\/index.php\/product\/lady-chic\/","title":{"rendered":"Lady Chic"},"content":{"rendered":"","protected":false},"excerpt":{"rendered":"<p>Bonjour \u00e0 tous<\/p>\n<p>Je suis Lady C une femme de 41 ans sensuelle et chic Escorte ind\u00e9pendante et occasionnelle mes courbes sont un appel au d\u00e9sir et a la rencontre entre 2 corps br\u00fblants<\/p>\n<p>Courtoise et raffin\u00e9e j&#8217;en attends pas moins de vous La courtoisie et l&#8217;\u00e9l\u00e9gance sont pour moi les essences m\u00eame dune bonne relation<br \/>\nVous serez surpris par ma peau douce et naturelle le fr\u00f4lement de celle-ci vous ferons fondre de d\u00e9sir<\/p>\n<p>Tr\u00e8s ouverte et cultiv\u00e9e je vous rejoindrais chez vous ou a votre h\u00f4tel pour un moment ou plus je peux aussi vous accompagner en club J aime les endroits beaux et chics qui correspondent a ma personnalit\u00e9<br \/>\nLe social time est aussi une chose a laquelle je tiens tout particuli\u00e8rement a ce propos je rajouterai que je n&#8217;ai pas de chrono sur moi<\/p>\n<p>N\u2019h\u00e9sitez pas a me joindre par mail ou t\u00e9l\u00e9phone Pas de SMS pas de N masques<\/p>\n<p>A tr\u00e8s vite<\/p>\n<p>L.C My details Below mentioned<\/p>\n<p>                Nationality:<br \/>\n                Francaise <\/p>\n<p>                Languages:<br \/>\n                Fran\u00e7ais<\/p>\n<p>                Age:<br \/>\n                41<\/p>\n<p>                Height:<br \/>\n                167<\/p>\n<p>                Weight:<br \/>\n                55<\/p>\n<p>                Hair:<br \/>\n                long<\/p>\n<p>                Eyes:<br \/>\n                Maroon<\/p>\n<p>                Measurements:<br \/>\n                90-63-88<\/p>\n","protected":false},"featured_media":105390,"comment_status":"open","ping_status":"closed","template":"","meta":{"site-sidebar-layout":"default","site-content-layout":"","ast-site-content-layout":"","site-content-style":"default","site-sidebar-style":"default","ast-global-header-display":"","ast-banner-title-visibility":"","ast-main-header-display":"","ast-hfb-above-header-display":"","ast-hfb-below-header-display":"","ast-hfb-mobile-header-display":"","site-post-title":"","ast-breadcrumbs-content":"","ast-featured-img":"","footer-sml-layout":"","theme-transparent-header-meta":"","adv-header-id-meta":"","stick-header-meta":"","header-above-stick-meta":"","header-main-stick-meta":"","header-below-stick-meta":"","astra-migrate-meta-layouts":"default","ast-page-background-enabled":"default","ast-page-background-meta":{"desktop":{"background-color":"var(--ast-global-color-4)","background-image":"","background-repeat":"repeat","background-position":"center center","background-size":"auto","background-attachment":"scroll","background-type":"","background-media":"","overlay-type":"","overlay-color":"","overlay-opacity":"","overlay-gradient":""},"tablet":{"background-color":"","background-image":"","background-repeat":"repeat","background-position":"center center","background-size":"auto","background-attachment":"scroll","background-type":"","background-media":"","overlay-type":"","overlay-color":"","overlay-opacity":"","overlay-gradient":""},"mobile":{"background-color":"","background-image":"","background-repeat":"repeat","background-position":"center center","background-size":"auto","background-attachment":"scroll","background-type":"","background-media":"","overlay-type":"","overlay-color":"","overlay-opacity":"","overlay-gradient":""}},"ast-content-background-meta":{"desktop":{"background-color":"var(--ast-global-color-5)","background-image":"","background-repeat":"repeat","background-position":"center center","background-size":"auto","background-attachment":"scroll","background-type":"","background-media":"","overlay-type":"","overlay-color":"","overlay-opacity":"","overlay-gradient":""},"tablet":{"background-color":"var(--ast-global-color-5)","background-image":"","background-repeat":"repeat","background-position":"center center","background-size":"auto","background-attachment":"scroll","background-type":"","background-media":"","overlay-type":"","overlay-color":"","overlay-opacity":"","overlay-gradient":""},"mobile":{"background-color":"var(--ast-global-color-5)","background-image":"","background-repeat":"repeat","background-position":"center center","background-size":"auto","background-attachment":"scroll","background-type":"","background-media":"","overlay-type":"","overlay-color":"","overlay-opacity":"","overlay-gradient":""}}},"product_brand":[],"product_cat":[244,188,1118],"product_tag":[],"class_list":{"0":"post-267656","1":"product","2":"type-product","3":"status-publish","4":"has-post-thumbnail","6":"product_cat-france","7":"product_cat-freelancer","8":"product_cat-paris","9":"desktop-align-left","10":"tablet-align-left","11":"mobile-align-left","13":"first","14":"instock","15":"shipping-taxable","16":"product-type-simple"},"_links":{"self":[{"href":"https:\/\/poccky.com\/index.php\/wp-json\/wp\/v2\/product\/267656","targetHints":{"allow":["GET"]}}],"collection":[{"href":"https:\/\/poccky.com\/index.php\/wp-json\/wp\/v2\/product"}],"about":[{"href":"https:\/\/poccky.com\/index.php\/wp-json\/wp\/v2\/types\/product"}],"replies":[{"embeddable":true,"href":"https:\/\/poccky.com\/index.php\/wp-json\/wp\/v2\/comments?post=267656"}],"wp:featuredmedia":[{"embeddable":true,"href":"https:\/\/poccky.com\/index.php\/wp-json\/wp\/v2\/media\/105390"}],"wp:attachment":[{"href":"https:\/\/poccky.com\/index.php\/wp-json\/wp\/v2\/media?parent=267656"}],"wp:term":[{"taxonomy":"product_brand","embeddable":true,"href":"https:\/\/poccky.com\/index.php\/wp-json\/wp\/v2\/product_brand?post=267656"},{"taxonomy":"product_cat","embeddable":true,"href":"https:\/\/poccky.com\/index.php\/wp-json\/wp\/v2\/product_cat?post=267656"},{"taxonomy":"product_tag","embeddable":true,"href":"https:\/\/poccky.com\/index.php\/wp-json\/wp\/v2\/product_tag?post=267656"}],"curies":[{"name":"wp","href":"https:\/\/api.w.org\/{rel}","templated":true}]}}