{"id":267624,"date":"2023-10-28T17:16:40","date_gmt":"2023-10-28T17:16:40","guid":{"rendered":"https:\/\/poccky.com\/?post_type=product&#038;p=267624"},"modified":"2023-10-28T17:16:48","modified_gmt":"2023-10-28T17:16:48","slug":"amina-9","status":"publish","type":"product","link":"https:\/\/poccky.com\/index.php\/product\/amina-9\/","title":{"rendered":"Amina"},"content":{"rendered":"","protected":false},"excerpt":{"rendered":"<p>MERCI DE CONSULTER MON SITE WEB AVANT DE ME CONTACTER. DE PLUS IL SERAIT<br \/>\nDOMMAGE DE NE PAS DECOUVRIR MES SUPERBES VIDEOS.<\/p>\n<p>Mon corps est comme un piano. les doigts doivent \u00eatre agiles. caresser les touches. jouer<br \/>\nandante puis allegretto. respecter les pauses et les soupirs; si vous \u00eates un artiste. je vous<br \/>\nr\u00e9pondrais par la plus belle m\u00e9lodie qui soit et l&#8217;harmonie sera pr\u00e9sente !&#8221;<\/p>\n<p>J\u2019aime et je connais bien les hommes (et aussi les femmes lol). mes connaissances me<br \/>\ndisent p\u00e9tillante et coquine. Brisez l\u2019ennui. accompagnatrice classe je saurai transformer<br \/>\nvos fantasmes en r\u00eave \u00e9veill\u00e9. une sorte de mille et un jours aux fragrances de th\u00e9 au<br \/>\njasmin et go\u00fbt de miel. Si le coeur vous en dit. venez me rejoindre dans ma gar\u00e7onni\u00e8re de paris. un doux cocon aux lumi\u00e8res tamis\u00e9es. Si vous \u00eates en d\u00e9placement. j\u2019irais dans votre h\u00f4tel. Je saurais vous c\u00e2liner dans mon antre -temple du d\u00e9sir-.<br \/>\nLibertine. je vous initierai au raffinement du plaisir \u00e0 l\u2019\u00e9tat brut.<br \/>\nUn plan \u00e0 trois. poup\u00e9e. accompagnatrice distingu\u00e9e. maitresse autoritaire. anniversaire piment\u00e9. \u00e9changisme. je m\u2019adapterais \u00e0 vos fantasmes dans un secret entre vous et moi.<br \/>\nApr\u00e8s tout. nous avons tous nos r\u00eaves. je vous propose simplement de les r\u00e9aliser \u00abCarpe diem\u00bb. Alors apr\u00e8s avoir visit\u00e9 mon site. vu et revu mes vid\u00e9os. c\u2019est simple appelez-moi !<\/p>\n<p>MESSAGE IMPORTANT: Je suis vraiment libertine et ind\u00e9pendante. Quand je dis libertine. c&#8217;est que je prends un r\u00e9el plaisir \u00e0 me laisser porter au gr\u00e9 de vos fantasmes dans mes rencontres avec vous. Cela veut dire que l&#8217;\u00e9change doit \u00eatre un v\u00e9ritable partage. J&#8217;ai du reste une autre activit\u00e9 professionnelle pour subvenir \u00e0 mes besoins existentiels.<br \/>\nJe choisis mes partenaires en fonction de ces crit\u00e8res. Alors ne m&#8217;en veuillez pas si je ne supporte pas les performances des champions du sexe. ni ceux qui rivalisent d&#8217;ing\u00e9niosit\u00e9 pour profiter en rentabilisant leur investissement.<br \/>\nQuoi de plus sain que d&#8217;assouvir les envies des h\u00e9donistes puis de calmer le jeu en se remettant entre mes mains pour un bon massage\u2026 le repos du guerrier<\/p>\n<p>A bient\u00f4t.<\/p>\n<p>Amina Jolie<br \/>\nVotre courtisane de charme<\/p>\n<p>SUITE A DE NOMBREUX ABUS. JE NE REPONDS PLUS A AUCUNS MAILS . MEME SI CELUI-CI S&#8217;AVERE RESPECTUEUX ET BIEN REDIGER ET\/OU QUE JE VOUS CONNAIS.<\/p>\n<p>UN RDV . UN APPEL<\/p>\n<p>JE serai \u00e0 Paris :<\/p>\n<p>Du 22 au 26 Septembre My details Below mentioned<\/p>\n<p>                Nationality:<br \/>\n                francaise <\/p>\n<p>                Languages:<br \/>\n                francais-anglais-espagnol<\/p>\n<p>                Age:<br \/>\n                28<\/p>\n<p>                Height:<br \/>\n                152<\/p>\n<p>                Weight:<br \/>\n                40 kg<\/p>\n<p>                Hair:<br \/>\n                brune<\/p>\n<p>                Eyes:<br \/>\n                marron<\/p>\n<p>                Measurements:<br \/>\n                90-60-90<\/p>\n","protected":false},"featured_media":92258,"comment_status":"open","ping_status":"closed","template":"","meta":{"site-sidebar-layout":"default","site-content-layout":"","ast-site-content-layout":"","site-content-style":"default","site-sidebar-style":"default","ast-global-header-display":"","ast-banner-title-visibility":"","ast-main-header-display":"","ast-hfb-above-header-display":"","ast-hfb-below-header-display":"","ast-hfb-mobile-header-display":"","site-post-title":"","ast-breadcrumbs-content":"","ast-featured-img":"","footer-sml-layout":"","theme-transparent-header-meta":"","adv-header-id-meta":"","stick-header-meta":"","header-above-stick-meta":"","header-main-stick-meta":"","header-below-stick-meta":"","astra-migrate-meta-layouts":"default","ast-page-background-enabled":"default","ast-page-background-meta":{"desktop":{"background-color":"var(--ast-global-color-4)","background-image":"","background-repeat":"repeat","background-position":"center center","background-size":"auto","background-attachment":"scroll","background-type":"","background-media":"","overlay-type":"","overlay-color":"","overlay-opacity":"","overlay-gradient":""},"tablet":{"background-color":"","background-image":"","background-repeat":"repeat","background-position":"center center","background-size":"auto","background-attachment":"scroll","background-type":"","background-media":"","overlay-type":"","overlay-color":"","overlay-opacity":"","overlay-gradient":""},"mobile":{"background-color":"","background-image":"","background-repeat":"repeat","background-position":"center center","background-size":"auto","background-attachment":"scroll","background-type":"","background-media":"","overlay-type":"","overlay-color":"","overlay-opacity":"","overlay-gradient":""}},"ast-content-background-meta":{"desktop":{"background-color":"var(--ast-global-color-5)","background-image":"","background-repeat":"repeat","background-position":"center center","background-size":"auto","background-attachment":"scroll","background-type":"","background-media":"","overlay-type":"","overlay-color":"","overlay-opacity":"","overlay-gradient":""},"tablet":{"background-color":"var(--ast-global-color-5)","background-image":"","background-repeat":"repeat","background-position":"center center","background-size":"auto","background-attachment":"scroll","background-type":"","background-media":"","overlay-type":"","overlay-color":"","overlay-opacity":"","overlay-gradient":""},"mobile":{"background-color":"var(--ast-global-color-5)","background-image":"","background-repeat":"repeat","background-position":"center center","background-size":"auto","background-attachment":"scroll","background-type":"","background-media":"","overlay-type":"","overlay-color":"","overlay-opacity":"","overlay-gradient":""}}},"product_brand":[],"product_cat":[244,188,1118],"product_tag":[],"class_list":{"0":"post-267624","1":"product","2":"type-product","3":"status-publish","4":"has-post-thumbnail","6":"product_cat-france","7":"product_cat-freelancer","8":"product_cat-paris","9":"desktop-align-left","10":"tablet-align-left","11":"mobile-align-left","13":"first","14":"instock","15":"shipping-taxable","16":"product-type-simple"},"_links":{"self":[{"href":"https:\/\/poccky.com\/index.php\/wp-json\/wp\/v2\/product\/267624","targetHints":{"allow":["GET"]}}],"collection":[{"href":"https:\/\/poccky.com\/index.php\/wp-json\/wp\/v2\/product"}],"about":[{"href":"https:\/\/poccky.com\/index.php\/wp-json\/wp\/v2\/types\/product"}],"replies":[{"embeddable":true,"href":"https:\/\/poccky.com\/index.php\/wp-json\/wp\/v2\/comments?post=267624"}],"wp:featuredmedia":[{"embeddable":true,"href":"https:\/\/poccky.com\/index.php\/wp-json\/wp\/v2\/media\/92258"}],"wp:attachment":[{"href":"https:\/\/poccky.com\/index.php\/wp-json\/wp\/v2\/media?parent=267624"}],"wp:term":[{"taxonomy":"product_brand","embeddable":true,"href":"https:\/\/poccky.com\/index.php\/wp-json\/wp\/v2\/product_brand?post=267624"},{"taxonomy":"product_cat","embeddable":true,"href":"https:\/\/poccky.com\/index.php\/wp-json\/wp\/v2\/product_cat?post=267624"},{"taxonomy":"product_tag","embeddable":true,"href":"https:\/\/poccky.com\/index.php\/wp-json\/wp\/v2\/product_tag?post=267624"}],"curies":[{"name":"wp","href":"https:\/\/api.w.org\/{rel}","templated":true}]}}