{"id":267526,"date":"2023-10-28T17:12:25","date_gmt":"2023-10-28T17:12:25","guid":{"rendered":"https:\/\/poccky.com\/?post_type=product&#038;p=267526"},"modified":"2023-10-28T17:12:31","modified_gmt":"2023-10-28T17:12:31","slug":"madame-amelie","status":"publish","type":"product","link":"https:\/\/poccky.com\/index.php\/product\/madame-amelie\/","title":{"rendered":"Madame Amelie"},"content":{"rendered":"","protected":false},"excerpt":{"rendered":"<p>Amelie ist eine ganz au\u00dfergew\u00f6hnliche Escortdame. denn ihre jugendliche Sch\u00f6nheit verhei\u00dft leidenschaftlich reizvolle Gen\u00fcsse. s\u00fc\u00df und k\u00f6stlich wie der Geschmack ganz besonders exotischer und verbotener Fr\u00fcchte im fremden Garten.<\/p>\n<p>Amelies freundliches Wesen vereint erfrischende Nat\u00fcrlichkeit. stilsichere. taktvolle Umgangsformen aber auch eine geheimnisvolle L\u00fcsternheit.<\/p>\n<p>Genie\u00dfen Sie das exquisite Vergn\u00fcgen. der Begleiter und Liebhaber dieser charmanten Escortdame auf Zeit zu sein. w\u00e4hrend Ihnen die neidvollen Blicke anderer Herren folgen werden.<\/p>\n<p>Mit ihren langen Beinen wird Amelie Sie wie eine Liane aus dem Dschungel fesseln.<\/p>\n<p>Escortdame Amelie m\u00f6chte auf dieser Ebene gerne die schillernde und faszinierende Welt bizarrer Verf\u00fchrung in Lack. Leder. Latex. Nylons kennenlernen.<\/p>\n<p>Als selbstbewusste Gespielin versteht Madame Amelie es mit ihrer einf\u00fchlsam-zarten aber auch durchaus naturdominanten Art. den devoten Gentleman v\u00f6llig einzunehmen und zu begeistern.<\/p>\n<p>Diese Escortdame ist verspielt &#8211; verrucht &#8211; verf\u00fchrerisch.<\/p>\n<p>Madame Bell\u00e1 &#8211; Ihr High Class Escort &#8211; Team aus M\u00fcnchen. freut sich Amelie vermitteln zu d\u00fcrfen. My details Below mentioned<\/p>\n<p>                Nationality:<br \/>\n                Deutsch <\/p>\n<p>                Languages:<br \/>\n                deutsch.  englisch<\/p>\n<p>                Age:<br \/>\n                21<\/p>\n<p>                Height:<br \/>\n                175 cm<\/p>\n<p>                Weight:<br \/>\n                54 kg<\/p>\n<p>                Hair:<br \/>\n                lan.G dunkelbraun<\/p>\n<p>                Eyes:<br \/>\n                dunkelbraun<\/p>\n<p>                Measurements:<br \/>\n                96-63-94phone_android Phone:<br \/>\n          +4917687414234<\/p>\n","protected":false},"featured_media":108790,"comment_status":"open","ping_status":"closed","template":"","meta":{"site-sidebar-layout":"default","site-content-layout":"","ast-site-content-layout":"","site-content-style":"default","site-sidebar-style":"default","ast-global-header-display":"","ast-banner-title-visibility":"","ast-main-header-display":"","ast-hfb-above-header-display":"","ast-hfb-below-header-display":"","ast-hfb-mobile-header-display":"","site-post-title":"","ast-breadcrumbs-content":"","ast-featured-img":"","footer-sml-layout":"","theme-transparent-header-meta":"","adv-header-id-meta":"","stick-header-meta":"","header-above-stick-meta":"","header-main-stick-meta":"","header-below-stick-meta":"","astra-migrate-meta-layouts":"default","ast-page-background-enabled":"default","ast-page-background-meta":{"desktop":{"background-color":"var(--ast-global-color-4)","background-image":"","background-repeat":"repeat","background-position":"center center","background-size":"auto","background-attachment":"scroll","background-type":"","background-media":"","overlay-type":"","overlay-color":"","overlay-opacity":"","overlay-gradient":""},"tablet":{"background-color":"","background-image":"","background-repeat":"repeat","background-position":"center center","background-size":"auto","background-attachment":"scroll","background-type":"","background-media":"","overlay-type":"","overlay-color":"","overlay-opacity":"","overlay-gradient":""},"mobile":{"background-color":"","background-image":"","background-repeat":"repeat","background-position":"center center","background-size":"auto","background-attachment":"scroll","background-type":"","background-media":"","overlay-type":"","overlay-color":"","overlay-opacity":"","overlay-gradient":""}},"ast-content-background-meta":{"desktop":{"background-color":"var(--ast-global-color-5)","background-image":"","background-repeat":"repeat","background-position":"center center","background-size":"auto","background-attachment":"scroll","background-type":"","background-media":"","overlay-type":"","overlay-color":"","overlay-opacity":"","overlay-gradient":""},"tablet":{"background-color":"var(--ast-global-color-5)","background-image":"","background-repeat":"repeat","background-position":"center center","background-size":"auto","background-attachment":"scroll","background-type":"","background-media":"","overlay-type":"","overlay-color":"","overlay-opacity":"","overlay-gradient":""},"mobile":{"background-color":"var(--ast-global-color-5)","background-image":"","background-repeat":"repeat","background-position":"center center","background-size":"auto","background-attachment":"scroll","background-type":"","background-media":"","overlay-type":"","overlay-color":"","overlay-opacity":"","overlay-gradient":""}}},"product_brand":[],"product_cat":[996,188,811],"product_tag":[],"class_list":{"0":"post-267526","1":"product","2":"type-product","3":"status-publish","4":"has-post-thumbnail","6":"product_cat-berlin","7":"product_cat-freelancer","8":"product_cat-germany","9":"desktop-align-left","10":"tablet-align-left","11":"mobile-align-left","13":"first","14":"instock","15":"shipping-taxable","16":"product-type-simple"},"_links":{"self":[{"href":"https:\/\/poccky.com\/index.php\/wp-json\/wp\/v2\/product\/267526","targetHints":{"allow":["GET"]}}],"collection":[{"href":"https:\/\/poccky.com\/index.php\/wp-json\/wp\/v2\/product"}],"about":[{"href":"https:\/\/poccky.com\/index.php\/wp-json\/wp\/v2\/types\/product"}],"replies":[{"embeddable":true,"href":"https:\/\/poccky.com\/index.php\/wp-json\/wp\/v2\/comments?post=267526"}],"wp:featuredmedia":[{"embeddable":true,"href":"https:\/\/poccky.com\/index.php\/wp-json\/wp\/v2\/media\/108790"}],"wp:attachment":[{"href":"https:\/\/poccky.com\/index.php\/wp-json\/wp\/v2\/media?parent=267526"}],"wp:term":[{"taxonomy":"product_brand","embeddable":true,"href":"https:\/\/poccky.com\/index.php\/wp-json\/wp\/v2\/product_brand?post=267526"},{"taxonomy":"product_cat","embeddable":true,"href":"https:\/\/poccky.com\/index.php\/wp-json\/wp\/v2\/product_cat?post=267526"},{"taxonomy":"product_tag","embeddable":true,"href":"https:\/\/poccky.com\/index.php\/wp-json\/wp\/v2\/product_tag?post=267526"}],"curies":[{"name":"wp","href":"https:\/\/api.w.org\/{rel}","templated":true}]}}