{"id":267228,"date":"2023-10-28T17:00:14","date_gmt":"2023-10-28T17:00:14","guid":{"rendered":"https:\/\/poccky.com\/?post_type=product&#038;p=267228"},"modified":"2023-10-28T17:00:15","modified_gmt":"2023-10-28T17:00:15","slug":"laura-43","status":"publish","type":"product","link":"https:\/\/poccky.com\/index.php\/product\/laura-43\/","title":{"rendered":"Laura"},"content":{"rendered":"","protected":false},"excerpt":{"rendered":"<p>Bonjour.<br \/>\nJ\u2019adore les hommes fran\u00e7ais<br \/>\nJe vous prie d\u2019excuser d&#8217;avance mon fran\u00e7ais.<br \/>\nMerci de visiter mon profil.<br \/>\nJe serai votre amante pour aussi longtemps que vous le demandez. je suis une belle et \u00e9l\u00e9gante espagnole. cultiv\u00e9e. instruite. et je souhaite avoir une rencontre sensuelle et des privil\u00e8ges pour vous. messieurs. \u00e0 la maison ou dans votre h\u00f4tel.<br \/>\nPar des mauvaises exp\u00e9riences. je vous en supplie d\u00e9cliner gr\u00e2ce originale.<br \/>\nJe suis d\u2019une hygi\u00e8ne irr\u00e9prochable: Je pose la m\u00eame condition; Je vous re\u00e7ois dans un endroit propre et convivial avec beaucoup de discr\u00e9tion.<br \/>\nJe vous re\u00e7ois dans l&#8217;intimit\u00e9 et le confort dans un environnement propre.<br \/>\nJe suis heureuse de partager des moments de tendresse. de chaleur.<br \/>\nVous chuchotez vos fantasmes. je suis heureux de le constater..<br \/>\ndans ma maisFor questions. send me a sms or call me. Hope to meet you soon.<\/p>\n<p>I am a youn.G little and beautiful woman!<\/p>\n<p>Here are my pictures<\/p>\n<p>I will be your lovely VIP escort for you to enjoy the delicious moments Abebooks web will have to share in meeting with us. Me going to forget the monotony of life and you will spend a pleasant moment. since that&#8217;s what you want. My objective quality. not quantity!<br \/>\nRoses Week-endon My details Below mentioned<\/p>\n<p>                Nationality:<br \/>\n                espa\u00f1oColombiana <\/p>\n<p>                Languages:<br \/>\n                espa\u00f1ol. fraces. ingles .un poco italiano<\/p>\n<p>                Age:<br \/>\n                30<\/p>\n<p>                Height:<br \/>\n                170cm<\/p>\n<p>                Weight:<br \/>\n                55<\/p>\n<p>                Hair:<br \/>\n                brum<\/p>\n<p>                Eyes:<br \/>\n                cafe<\/p>\n<p>                Measurements:<br \/>\n                90 60 90<\/p>\n","protected":false},"featured_media":92710,"comment_status":"open","ping_status":"closed","template":"","meta":{"site-sidebar-layout":"default","site-content-layout":"","ast-site-content-layout":"","site-content-style":"default","site-sidebar-style":"default","ast-global-header-display":"","ast-banner-title-visibility":"","ast-main-header-display":"","ast-hfb-above-header-display":"","ast-hfb-below-header-display":"","ast-hfb-mobile-header-display":"","site-post-title":"","ast-breadcrumbs-content":"","ast-featured-img":"","footer-sml-layout":"","theme-transparent-header-meta":"","adv-header-id-meta":"","stick-header-meta":"","header-above-stick-meta":"","header-main-stick-meta":"","header-below-stick-meta":"","astra-migrate-meta-layouts":"default","ast-page-background-enabled":"default","ast-page-background-meta":{"desktop":{"background-color":"var(--ast-global-color-4)","background-image":"","background-repeat":"repeat","background-position":"center center","background-size":"auto","background-attachment":"scroll","background-type":"","background-media":"","overlay-type":"","overlay-color":"","overlay-opacity":"","overlay-gradient":""},"tablet":{"background-color":"","background-image":"","background-repeat":"repeat","background-position":"center center","background-size":"auto","background-attachment":"scroll","background-type":"","background-media":"","overlay-type":"","overlay-color":"","overlay-opacity":"","overlay-gradient":""},"mobile":{"background-color":"","background-image":"","background-repeat":"repeat","background-position":"center center","background-size":"auto","background-attachment":"scroll","background-type":"","background-media":"","overlay-type":"","overlay-color":"","overlay-opacity":"","overlay-gradient":""}},"ast-content-background-meta":{"desktop":{"background-color":"var(--ast-global-color-5)","background-image":"","background-repeat":"repeat","background-position":"center center","background-size":"auto","background-attachment":"scroll","background-type":"","background-media":"","overlay-type":"","overlay-color":"","overlay-opacity":"","overlay-gradient":""},"tablet":{"background-color":"var(--ast-global-color-5)","background-image":"","background-repeat":"repeat","background-position":"center center","background-size":"auto","background-attachment":"scroll","background-type":"","background-media":"","overlay-type":"","overlay-color":"","overlay-opacity":"","overlay-gradient":""},"mobile":{"background-color":"var(--ast-global-color-5)","background-image":"","background-repeat":"repeat","background-position":"center center","background-size":"auto","background-attachment":"scroll","background-type":"","background-media":"","overlay-type":"","overlay-color":"","overlay-opacity":"","overlay-gradient":""}}},"product_brand":[],"product_cat":[244,188,1118],"product_tag":[],"class_list":{"0":"post-267228","1":"product","2":"type-product","3":"status-publish","4":"has-post-thumbnail","6":"product_cat-france","7":"product_cat-freelancer","8":"product_cat-paris","9":"desktop-align-left","10":"tablet-align-left","11":"mobile-align-left","13":"first","14":"instock","15":"shipping-taxable","16":"product-type-simple"},"_links":{"self":[{"href":"https:\/\/poccky.com\/index.php\/wp-json\/wp\/v2\/product\/267228","targetHints":{"allow":["GET"]}}],"collection":[{"href":"https:\/\/poccky.com\/index.php\/wp-json\/wp\/v2\/product"}],"about":[{"href":"https:\/\/poccky.com\/index.php\/wp-json\/wp\/v2\/types\/product"}],"replies":[{"embeddable":true,"href":"https:\/\/poccky.com\/index.php\/wp-json\/wp\/v2\/comments?post=267228"}],"wp:featuredmedia":[{"embeddable":true,"href":"https:\/\/poccky.com\/index.php\/wp-json\/wp\/v2\/media\/92710"}],"wp:attachment":[{"href":"https:\/\/poccky.com\/index.php\/wp-json\/wp\/v2\/media?parent=267228"}],"wp:term":[{"taxonomy":"product_brand","embeddable":true,"href":"https:\/\/poccky.com\/index.php\/wp-json\/wp\/v2\/product_brand?post=267228"},{"taxonomy":"product_cat","embeddable":true,"href":"https:\/\/poccky.com\/index.php\/wp-json\/wp\/v2\/product_cat?post=267228"},{"taxonomy":"product_tag","embeddable":true,"href":"https:\/\/poccky.com\/index.php\/wp-json\/wp\/v2\/product_tag?post=267228"}],"curies":[{"name":"wp","href":"https:\/\/api.w.org\/{rel}","templated":true}]}}