{"id":266954,"date":"2023-10-28T16:49:17","date_gmt":"2023-10-28T16:49:17","guid":{"rendered":"https:\/\/poccky.com\/?post_type=product&#038;p=266954"},"modified":"2023-10-28T16:49:26","modified_gmt":"2023-10-28T16:49:26","slug":"amelia-12","status":"publish","type":"product","link":"https:\/\/poccky.com\/index.php\/product\/amelia-12\/","title":{"rendered":"Amelia"},"content":{"rendered":"","protected":false},"excerpt":{"rendered":"<p>Tel +33(0)630833625<br \/>\nJe propose un accompagnement \u00e0 quelques heureux \u00e9lus. discrets gentlemen et hommes influents qui appr\u00e9cient toutes les bonnes choses de la vie. ce qui inclut une compagnie f\u00e9minine pour passer de grands moments en toute confiance.<\/p>\n<p>Eduqu\u00e9e. intelligente avec une nature extr\u00eamement sexy et chaleureuse. Je m&#8217;habille toujours \u00e9l\u00e9gamment et vous remarquerez vite que je suis la femme id\u00e9ale pour \u00eatre \u00e0 votre bras devant une assembl\u00e9e. ou pour quelque occasion sociale que ce soit.<\/p>\n<p>Cependant. soyez averti que mes mani\u00e8res de jeune femme bien \u00e9duqu\u00e9e s&#8217;accordent avec l&#8217;excitation et le caract\u00e8re \u00e9rotique que j&#8217;\u00e9prouve lors de rencontres discr\u00e8tes et passionn\u00e9es. ce qui explique le pourquoi de mon activit\u00e9 d&#8217;escorte.<\/p>\n<p>Je vous offrirai la meilleure aventure dont vous pouvez r\u00eaver avec votre petite amie et je vous charmerai avec d\u2019intelligentes et chaleureuses conversations. pour vous laisser totalement relax\u00e9 et combl\u00e9. My details Below mentioned<\/p>\n<p>                Languages:<br \/>\n                french.  english<\/p>\n<p>                Age:<br \/>\n                29<\/p>\n<p>                Height:<br \/>\n                175<\/p>\n<p>                Weight:<br \/>\n                58<\/p>\n<p>                Hair:<br \/>\n                blonde<\/p>\n<p>                Eyes:<br \/>\n                green<\/p>\n<p>                Measurements:<br \/>\n                92C-60-90<\/p>\n","protected":false},"featured_media":104665,"comment_status":"open","ping_status":"closed","template":"","meta":{"site-sidebar-layout":"default","site-content-layout":"","ast-site-content-layout":"","site-content-style":"default","site-sidebar-style":"default","ast-global-header-display":"","ast-banner-title-visibility":"","ast-main-header-display":"","ast-hfb-above-header-display":"","ast-hfb-below-header-display":"","ast-hfb-mobile-header-display":"","site-post-title":"","ast-breadcrumbs-content":"","ast-featured-img":"","footer-sml-layout":"","theme-transparent-header-meta":"","adv-header-id-meta":"","stick-header-meta":"","header-above-stick-meta":"","header-main-stick-meta":"","header-below-stick-meta":"","astra-migrate-meta-layouts":"default","ast-page-background-enabled":"default","ast-page-background-meta":{"desktop":{"background-color":"var(--ast-global-color-4)","background-image":"","background-repeat":"repeat","background-position":"center center","background-size":"auto","background-attachment":"scroll","background-type":"","background-media":"","overlay-type":"","overlay-color":"","overlay-opacity":"","overlay-gradient":""},"tablet":{"background-color":"","background-image":"","background-repeat":"repeat","background-position":"center center","background-size":"auto","background-attachment":"scroll","background-type":"","background-media":"","overlay-type":"","overlay-color":"","overlay-opacity":"","overlay-gradient":""},"mobile":{"background-color":"","background-image":"","background-repeat":"repeat","background-position":"center center","background-size":"auto","background-attachment":"scroll","background-type":"","background-media":"","overlay-type":"","overlay-color":"","overlay-opacity":"","overlay-gradient":""}},"ast-content-background-meta":{"desktop":{"background-color":"var(--ast-global-color-5)","background-image":"","background-repeat":"repeat","background-position":"center center","background-size":"auto","background-attachment":"scroll","background-type":"","background-media":"","overlay-type":"","overlay-color":"","overlay-opacity":"","overlay-gradient":""},"tablet":{"background-color":"var(--ast-global-color-5)","background-image":"","background-repeat":"repeat","background-position":"center center","background-size":"auto","background-attachment":"scroll","background-type":"","background-media":"","overlay-type":"","overlay-color":"","overlay-opacity":"","overlay-gradient":""},"mobile":{"background-color":"var(--ast-global-color-5)","background-image":"","background-repeat":"repeat","background-position":"center center","background-size":"auto","background-attachment":"scroll","background-type":"","background-media":"","overlay-type":"","overlay-color":"","overlay-opacity":"","overlay-gradient":""}}},"product_brand":[],"product_cat":[244,188,1118],"product_tag":[],"class_list":{"0":"post-266954","1":"product","2":"type-product","3":"status-publish","4":"has-post-thumbnail","6":"product_cat-france","7":"product_cat-freelancer","8":"product_cat-paris","9":"desktop-align-left","10":"tablet-align-left","11":"mobile-align-left","13":"first","14":"instock","15":"shipping-taxable","16":"product-type-simple"},"_links":{"self":[{"href":"https:\/\/poccky.com\/index.php\/wp-json\/wp\/v2\/product\/266954","targetHints":{"allow":["GET"]}}],"collection":[{"href":"https:\/\/poccky.com\/index.php\/wp-json\/wp\/v2\/product"}],"about":[{"href":"https:\/\/poccky.com\/index.php\/wp-json\/wp\/v2\/types\/product"}],"replies":[{"embeddable":true,"href":"https:\/\/poccky.com\/index.php\/wp-json\/wp\/v2\/comments?post=266954"}],"wp:featuredmedia":[{"embeddable":true,"href":"https:\/\/poccky.com\/index.php\/wp-json\/wp\/v2\/media\/104665"}],"wp:attachment":[{"href":"https:\/\/poccky.com\/index.php\/wp-json\/wp\/v2\/media?parent=266954"}],"wp:term":[{"taxonomy":"product_brand","embeddable":true,"href":"https:\/\/poccky.com\/index.php\/wp-json\/wp\/v2\/product_brand?post=266954"},{"taxonomy":"product_cat","embeddable":true,"href":"https:\/\/poccky.com\/index.php\/wp-json\/wp\/v2\/product_cat?post=266954"},{"taxonomy":"product_tag","embeddable":true,"href":"https:\/\/poccky.com\/index.php\/wp-json\/wp\/v2\/product_tag?post=266954"}],"curies":[{"name":"wp","href":"https:\/\/api.w.org\/{rel}","templated":true}]}}