{"id":266464,"date":"2023-10-28T16:30:15","date_gmt":"2023-10-28T16:30:15","guid":{"rendered":"https:\/\/poccky.com\/?post_type=product&#038;p=266464"},"modified":"2023-10-28T16:30:24","modified_gmt":"2023-10-28T16:30:24","slug":"melanie75007","status":"publish","type":"product","link":"https:\/\/poccky.com\/index.php\/product\/melanie75007\/","title":{"rendered":"Melanie75007"},"content":{"rendered":"","protected":false},"excerpt":{"rendered":"<p>Bonjour<br \/>\nJe suis une jolie jeune femme de 22 ans. 1m64. 50kgs.<br \/>\nJe suis douce. raffin\u00e9e et tr\u00e8s respectueuse envers les personnes que je rencontre et j&#8217;en attend de m\u00eame de votre part. J&#8217;aime avant tout que le plaisir soit partag\u00e9.<br \/>\nJe n&#8217;ai pas de tabou particuliers hormis les pratiques extr\u00eames ou violente.<br \/>\nJe souhaite rencontrer des gentlemen courtois et bien \u00e9duqu\u00e9s ou des couples. Mes rendez-vous sont plac\u00e9s sous le signe du bien-\u00eatre et non avec un minuteur\u2026<br \/>\nJe peux vous accueillir dans le 7eme arrondissement<br \/>\nou me d\u00e9placer (uniquement paris intramuros et banlieue Ouest)<br \/>\nPr\u00e9cision importante : Du fait d&#8217;avoir une activit\u00e9 annexe merci de me contacter par texto au cas ou je ne puisse vous r\u00e9pondre.<\/p>\n<p>Vous pouvez me joindre au<\/p>\n<p>A bient\u00f4t<br \/>\nMelanie My details Below mentioned<\/p>\n<p>                Nationality:<br \/>\n                fran\u00e7aise  <\/p>\n<p>                Languages:<br \/>\n                FRAN\u00c7AIS  ANGLAIS <\/p>\n<p>                Age:<br \/>\n                22<\/p>\n<p>                Height:<br \/>\n                164<\/p>\n<p>                Weight:<br \/>\n                50<\/p>\n<p>                Hair:<br \/>\n                noir<\/p>\n<p>                Eyes:<br \/>\n                vert<\/p>\n","protected":false},"featured_media":108646,"comment_status":"open","ping_status":"closed","template":"","meta":{"site-sidebar-layout":"default","site-content-layout":"","ast-site-content-layout":"","site-content-style":"default","site-sidebar-style":"default","ast-global-header-display":"","ast-banner-title-visibility":"","ast-main-header-display":"","ast-hfb-above-header-display":"","ast-hfb-below-header-display":"","ast-hfb-mobile-header-display":"","site-post-title":"","ast-breadcrumbs-content":"","ast-featured-img":"","footer-sml-layout":"","theme-transparent-header-meta":"","adv-header-id-meta":"","stick-header-meta":"","header-above-stick-meta":"","header-main-stick-meta":"","header-below-stick-meta":"","astra-migrate-meta-layouts":"default","ast-page-background-enabled":"default","ast-page-background-meta":{"desktop":{"background-color":"var(--ast-global-color-4)","background-image":"","background-repeat":"repeat","background-position":"center center","background-size":"auto","background-attachment":"scroll","background-type":"","background-media":"","overlay-type":"","overlay-color":"","overlay-opacity":"","overlay-gradient":""},"tablet":{"background-color":"","background-image":"","background-repeat":"repeat","background-position":"center center","background-size":"auto","background-attachment":"scroll","background-type":"","background-media":"","overlay-type":"","overlay-color":"","overlay-opacity":"","overlay-gradient":""},"mobile":{"background-color":"","background-image":"","background-repeat":"repeat","background-position":"center center","background-size":"auto","background-attachment":"scroll","background-type":"","background-media":"","overlay-type":"","overlay-color":"","overlay-opacity":"","overlay-gradient":""}},"ast-content-background-meta":{"desktop":{"background-color":"var(--ast-global-color-5)","background-image":"","background-repeat":"repeat","background-position":"center center","background-size":"auto","background-attachment":"scroll","background-type":"","background-media":"","overlay-type":"","overlay-color":"","overlay-opacity":"","overlay-gradient":""},"tablet":{"background-color":"var(--ast-global-color-5)","background-image":"","background-repeat":"repeat","background-position":"center center","background-size":"auto","background-attachment":"scroll","background-type":"","background-media":"","overlay-type":"","overlay-color":"","overlay-opacity":"","overlay-gradient":""},"mobile":{"background-color":"var(--ast-global-color-5)","background-image":"","background-repeat":"repeat","background-position":"center center","background-size":"auto","background-attachment":"scroll","background-type":"","background-media":"","overlay-type":"","overlay-color":"","overlay-opacity":"","overlay-gradient":""}}},"product_brand":[],"product_cat":[244,188,1118],"product_tag":[],"class_list":{"0":"post-266464","1":"product","2":"type-product","3":"status-publish","4":"has-post-thumbnail","6":"product_cat-france","7":"product_cat-freelancer","8":"product_cat-paris","9":"desktop-align-left","10":"tablet-align-left","11":"mobile-align-left","13":"first","14":"instock","15":"shipping-taxable","16":"product-type-simple"},"_links":{"self":[{"href":"https:\/\/poccky.com\/index.php\/wp-json\/wp\/v2\/product\/266464","targetHints":{"allow":["GET"]}}],"collection":[{"href":"https:\/\/poccky.com\/index.php\/wp-json\/wp\/v2\/product"}],"about":[{"href":"https:\/\/poccky.com\/index.php\/wp-json\/wp\/v2\/types\/product"}],"replies":[{"embeddable":true,"href":"https:\/\/poccky.com\/index.php\/wp-json\/wp\/v2\/comments?post=266464"}],"wp:featuredmedia":[{"embeddable":true,"href":"https:\/\/poccky.com\/index.php\/wp-json\/wp\/v2\/media\/108646"}],"wp:attachment":[{"href":"https:\/\/poccky.com\/index.php\/wp-json\/wp\/v2\/media?parent=266464"}],"wp:term":[{"taxonomy":"product_brand","embeddable":true,"href":"https:\/\/poccky.com\/index.php\/wp-json\/wp\/v2\/product_brand?post=266464"},{"taxonomy":"product_cat","embeddable":true,"href":"https:\/\/poccky.com\/index.php\/wp-json\/wp\/v2\/product_cat?post=266464"},{"taxonomy":"product_tag","embeddable":true,"href":"https:\/\/poccky.com\/index.php\/wp-json\/wp\/v2\/product_tag?post=266464"}],"curies":[{"name":"wp","href":"https:\/\/api.w.org\/{rel}","templated":true}]}}