{"id":266327,"date":"2023-10-28T16:24:32","date_gmt":"2023-10-28T16:24:32","guid":{"rendered":"https:\/\/poccky.com\/?post_type=product&#038;p=266327"},"modified":"2023-10-28T16:24:37","modified_gmt":"2023-10-28T16:24:37","slug":"milady","status":"publish","type":"product","link":"https:\/\/poccky.com\/index.php\/product\/milady\/","title":{"rendered":"MILADY"},"content":{"rendered":"","protected":false},"excerpt":{"rendered":"<p>JE ME DEPLACE UNIQUEMENT SUR PARIS<\/p>\n<p>De parents ARGENTIN DE BUENOS AIRES. n\u00e9e a paris je suis Tr\u00e8s imaginative coquine. et c\u00e9r\u00e9bralement pleine de sensualit\u00e9. de glamour.une tr\u00e8s belle repartie. positive et joviale du matin au soir mon sourire sera vous s\u00e9duire en plus d une t\u00eate bien pleine[un master en psychologie comportementale] je saurai \u00e9veiller en vous vos d\u00e9sirs les plus fous<\/p>\n<p>Si vous etes un gentleman avec un bon niveau social propres avec une hygi\u00e8ne impeccable \u00e9l\u00e9gants et sophistiqu\u00e9es tr\u00e8s joueur contacte moi et pr\u00e9sentez vous<\/p>\n<p>Tr\u00e8s a l \u00e9coute je suis tr\u00e8s respectueuse des limites de chacun et j\u2019aime partager un bon feeling entre moi et mon autre qui sera peut-\u00eatre vous<\/p>\n<p>Vous devrez me recevoir dans une ambiance c\u00e2linement prestigieuse au-del\u00e0 du temps \u00e0 en perdre tous ses sens<\/p>\n<p>Du lundi au dimanche de MIDI \u00e0 MINUIT<\/p>\n<p>JE NE RE\u00c7OIS PAS SE D\u00c9BROUILLER POUR OFFRIR LE LIEU EN PLUS DE L\u2019OFFRANDE<\/p>\n<p>UNE MILADY SE M\u00c9RITE A SA JUSTE VALEUR AVEC RESPECT ET BIEN PLUS<\/p>\n<p>LES AIGLES NE VOLENT PAS AVEC LES PIGEONS A m\u00e9diter<br \/>\nMA\u00ceTRISE LES MOTS ET TU MA\u00ceTRISERAS LE MONDE tel est ma philosophie My details Below mentioned<\/p>\n<p>                Nationality:<br \/>\n                ARGENTINE <\/p>\n<p>                Languages:<br \/>\n                FRANCAIS . ANGLAIS <\/p>\n<p>                Age:<br \/>\n                32<\/p>\n<p>                Height:<br \/>\n                170<\/p>\n<p>                Weight:<br \/>\n                57<\/p>\n<p>                Hair:<br \/>\n                MI LONG<\/p>\n<p>                Eyes:<br \/>\n                NOIR<\/p>\n<p>                Measurements:<br \/>\n                90<\/p>\n","protected":false},"featured_media":103384,"comment_status":"open","ping_status":"closed","template":"","meta":{"site-sidebar-layout":"default","site-content-layout":"","ast-site-content-layout":"","site-content-style":"default","site-sidebar-style":"default","ast-global-header-display":"","ast-banner-title-visibility":"","ast-main-header-display":"","ast-hfb-above-header-display":"","ast-hfb-below-header-display":"","ast-hfb-mobile-header-display":"","site-post-title":"","ast-breadcrumbs-content":"","ast-featured-img":"","footer-sml-layout":"","theme-transparent-header-meta":"","adv-header-id-meta":"","stick-header-meta":"","header-above-stick-meta":"","header-main-stick-meta":"","header-below-stick-meta":"","astra-migrate-meta-layouts":"default","ast-page-background-enabled":"default","ast-page-background-meta":{"desktop":{"background-color":"var(--ast-global-color-4)","background-image":"","background-repeat":"repeat","background-position":"center center","background-size":"auto","background-attachment":"scroll","background-type":"","background-media":"","overlay-type":"","overlay-color":"","overlay-opacity":"","overlay-gradient":""},"tablet":{"background-color":"","background-image":"","background-repeat":"repeat","background-position":"center center","background-size":"auto","background-attachment":"scroll","background-type":"","background-media":"","overlay-type":"","overlay-color":"","overlay-opacity":"","overlay-gradient":""},"mobile":{"background-color":"","background-image":"","background-repeat":"repeat","background-position":"center center","background-size":"auto","background-attachment":"scroll","background-type":"","background-media":"","overlay-type":"","overlay-color":"","overlay-opacity":"","overlay-gradient":""}},"ast-content-background-meta":{"desktop":{"background-color":"var(--ast-global-color-5)","background-image":"","background-repeat":"repeat","background-position":"center center","background-size":"auto","background-attachment":"scroll","background-type":"","background-media":"","overlay-type":"","overlay-color":"","overlay-opacity":"","overlay-gradient":""},"tablet":{"background-color":"var(--ast-global-color-5)","background-image":"","background-repeat":"repeat","background-position":"center center","background-size":"auto","background-attachment":"scroll","background-type":"","background-media":"","overlay-type":"","overlay-color":"","overlay-opacity":"","overlay-gradient":""},"mobile":{"background-color":"var(--ast-global-color-5)","background-image":"","background-repeat":"repeat","background-position":"center center","background-size":"auto","background-attachment":"scroll","background-type":"","background-media":"","overlay-type":"","overlay-color":"","overlay-opacity":"","overlay-gradient":""}}},"product_brand":[],"product_cat":[244,188,1118],"product_tag":[],"class_list":{"0":"post-266327","1":"product","2":"type-product","3":"status-publish","4":"has-post-thumbnail","6":"product_cat-france","7":"product_cat-freelancer","8":"product_cat-paris","9":"desktop-align-left","10":"tablet-align-left","11":"mobile-align-left","13":"first","14":"instock","15":"shipping-taxable","16":"product-type-simple"},"_links":{"self":[{"href":"https:\/\/poccky.com\/index.php\/wp-json\/wp\/v2\/product\/266327","targetHints":{"allow":["GET"]}}],"collection":[{"href":"https:\/\/poccky.com\/index.php\/wp-json\/wp\/v2\/product"}],"about":[{"href":"https:\/\/poccky.com\/index.php\/wp-json\/wp\/v2\/types\/product"}],"replies":[{"embeddable":true,"href":"https:\/\/poccky.com\/index.php\/wp-json\/wp\/v2\/comments?post=266327"}],"wp:featuredmedia":[{"embeddable":true,"href":"https:\/\/poccky.com\/index.php\/wp-json\/wp\/v2\/media\/103384"}],"wp:attachment":[{"href":"https:\/\/poccky.com\/index.php\/wp-json\/wp\/v2\/media?parent=266327"}],"wp:term":[{"taxonomy":"product_brand","embeddable":true,"href":"https:\/\/poccky.com\/index.php\/wp-json\/wp\/v2\/product_brand?post=266327"},{"taxonomy":"product_cat","embeddable":true,"href":"https:\/\/poccky.com\/index.php\/wp-json\/wp\/v2\/product_cat?post=266327"},{"taxonomy":"product_tag","embeddable":true,"href":"https:\/\/poccky.com\/index.php\/wp-json\/wp\/v2\/product_tag?post=266327"}],"curies":[{"name":"wp","href":"https:\/\/api.w.org\/{rel}","templated":true}]}}