{"id":265942,"date":"2023-10-28T16:09:17","date_gmt":"2023-10-28T16:09:17","guid":{"rendered":"https:\/\/poccky.com\/?post_type=product&#038;p=265942"},"modified":"2023-10-28T16:09:21","modified_gmt":"2023-10-28T16:09:21","slug":"asli-escort","status":"publish","type":"product","link":"https:\/\/poccky.com\/index.php\/product\/asli-escort\/","title":{"rendered":"ASLI ESCORT"},"content":{"rendered":"","protected":false},"excerpt":{"rendered":"<p>Merhaba ben ultra \u00e7?t?r escort bayan Asl?. S?f?r beden bayan escort hayal edenler i\u00e7in buraday?m. Kendinize unutamayaca??n?z. heyecan dolu. s?cac?k ve keyifli saatler. hediye etmek istiyorsan?z. beni aramaman?z i\u00e7in hi\u00e7 bir sebep yok. ?stanbul. Anadolu Yakas? G\u00f6ztepe escort bayan olarak hizmet vermekteyim. 20 Ya??nda. 1.70 Boyunda. 48 Kilo. esmer tenli. seksi. ne?eli bir bayan?m. G\u00f6r\u00fc?melerimi otel konforunda olan l\u00fcks rezidans dairemde yapmaktay?m. Detayl? bilgi i\u00e7in mail g\u00f6nderebilirsiniz. K?saca boyunuz. ya??n?z. kilonuz ve mesle?iniz hakk?nda bilgi verirseniz sevinirim. L\u00fctfen kendinizi tan?t?c? email g\u00f6nderirken telefon numaran?z? da yazarsan?z sevinirim. Size geri d\u00f6n\u00fc? yapaca??mdan emin olabilirsiniz.<\/p>\n<p>Unutmay?n 20 ya? 2 saat 700 seans s?n?r?m yok tamamen performansa ba?l?\u2026<\/p>\n<p>escortasli.hotmail.com My details Below mentioned<\/p>\n<p>                Nationality:<br \/>\n                TURKEY <\/p>\n<p>                Age:<br \/>\n                20<\/p>\n<p>                Height:<br \/>\n                166<\/p>\n<p>                Weight:<br \/>\n                45<\/p>\n<p>                Hair:<br \/>\n                BLACK LONG<\/p>\n<p>                Eyes:<br \/>\n                HAZAL<\/p>\n","protected":false},"featured_media":105962,"comment_status":"open","ping_status":"closed","template":"","meta":{"site-sidebar-layout":"default","site-content-layout":"","ast-site-content-layout":"","site-content-style":"default","site-sidebar-style":"default","ast-global-header-display":"","ast-banner-title-visibility":"","ast-main-header-display":"","ast-hfb-above-header-display":"","ast-hfb-below-header-display":"","ast-hfb-mobile-header-display":"","site-post-title":"","ast-breadcrumbs-content":"","ast-featured-img":"","footer-sml-layout":"","theme-transparent-header-meta":"","adv-header-id-meta":"","stick-header-meta":"","header-above-stick-meta":"","header-main-stick-meta":"","header-below-stick-meta":"","astra-migrate-meta-layouts":"default","ast-page-background-enabled":"default","ast-page-background-meta":{"desktop":{"background-color":"var(--ast-global-color-4)","background-image":"","background-repeat":"repeat","background-position":"center center","background-size":"auto","background-attachment":"scroll","background-type":"","background-media":"","overlay-type":"","overlay-color":"","overlay-opacity":"","overlay-gradient":""},"tablet":{"background-color":"","background-image":"","background-repeat":"repeat","background-position":"center center","background-size":"auto","background-attachment":"scroll","background-type":"","background-media":"","overlay-type":"","overlay-color":"","overlay-opacity":"","overlay-gradient":""},"mobile":{"background-color":"","background-image":"","background-repeat":"repeat","background-position":"center center","background-size":"auto","background-attachment":"scroll","background-type":"","background-media":"","overlay-type":"","overlay-color":"","overlay-opacity":"","overlay-gradient":""}},"ast-content-background-meta":{"desktop":{"background-color":"var(--ast-global-color-5)","background-image":"","background-repeat":"repeat","background-position":"center center","background-size":"auto","background-attachment":"scroll","background-type":"","background-media":"","overlay-type":"","overlay-color":"","overlay-opacity":"","overlay-gradient":""},"tablet":{"background-color":"var(--ast-global-color-5)","background-image":"","background-repeat":"repeat","background-position":"center center","background-size":"auto","background-attachment":"scroll","background-type":"","background-media":"","overlay-type":"","overlay-color":"","overlay-opacity":"","overlay-gradient":""},"mobile":{"background-color":"var(--ast-global-color-5)","background-image":"","background-repeat":"repeat","background-position":"center center","background-size":"auto","background-attachment":"scroll","background-type":"","background-media":"","overlay-type":"","overlay-color":"","overlay-opacity":"","overlay-gradient":""}}},"product_brand":[],"product_cat":[188,1113,243],"product_tag":[],"class_list":{"0":"post-265942","1":"product","2":"type-product","3":"status-publish","4":"has-post-thumbnail","6":"product_cat-freelancer","7":"product_cat-istanbul","8":"product_cat-turky","9":"desktop-align-left","10":"tablet-align-left","11":"mobile-align-left","13":"first","14":"instock","15":"shipping-taxable","16":"product-type-simple"},"_links":{"self":[{"href":"https:\/\/poccky.com\/index.php\/wp-json\/wp\/v2\/product\/265942","targetHints":{"allow":["GET"]}}],"collection":[{"href":"https:\/\/poccky.com\/index.php\/wp-json\/wp\/v2\/product"}],"about":[{"href":"https:\/\/poccky.com\/index.php\/wp-json\/wp\/v2\/types\/product"}],"replies":[{"embeddable":true,"href":"https:\/\/poccky.com\/index.php\/wp-json\/wp\/v2\/comments?post=265942"}],"wp:featuredmedia":[{"embeddable":true,"href":"https:\/\/poccky.com\/index.php\/wp-json\/wp\/v2\/media\/105962"}],"wp:attachment":[{"href":"https:\/\/poccky.com\/index.php\/wp-json\/wp\/v2\/media?parent=265942"}],"wp:term":[{"taxonomy":"product_brand","embeddable":true,"href":"https:\/\/poccky.com\/index.php\/wp-json\/wp\/v2\/product_brand?post=265942"},{"taxonomy":"product_cat","embeddable":true,"href":"https:\/\/poccky.com\/index.php\/wp-json\/wp\/v2\/product_cat?post=265942"},{"taxonomy":"product_tag","embeddable":true,"href":"https:\/\/poccky.com\/index.php\/wp-json\/wp\/v2\/product_tag?post=265942"}],"curies":[{"name":"wp","href":"https:\/\/api.w.org\/{rel}","templated":true}]}}