{"id":265830,"date":"2023-10-28T16:04:39","date_gmt":"2023-10-28T16:04:39","guid":{"rendered":"https:\/\/poccky.com\/?post_type=product&#038;p=265830"},"modified":"2023-10-28T16:04:46","modified_gmt":"2023-10-28T16:04:46","slug":"biancasweet","status":"publish","type":"product","link":"https:\/\/poccky.com\/index.php\/product\/biancasweet\/","title":{"rendered":"BiancaSweet"},"content":{"rendered":"","protected":false},"excerpt":{"rendered":"<p>Bianca heter jag och jag \u00e4r en 19-\u00e5rig helsvensk donna med r\u00f6dl\u00e4tt h\u00e5r. slank. kvinnlig kropp (170 cm l\u00e5n.G E-kupa) och ett sockers\u00f6tt ansikte med bruna bambi\u00f6gon och l\u00e5nga \u00f6gonfransar. Exceptionellt s\u00f6t och utan tvekan en &#8220;head turner&#8221;. Jag \u00e4r glad. charmig och lekfull och f\u00e5r m\u00e4nniskor att trivas i mitt s\u00e4llskap. Bianca is my name and I&#8217;m a 19-year-old all-Swedish donna with ruddy hair. slender female body (170 cm lon.G E cup) and a sugar sweet face with brown bambi eyes and long eyelashes. Exceptionally sweet and undoubtedly a &#8220;head turner&#8221;. I am cheerful. charming and playful and makes people feel comfortable in my company. My details Below mentioned<\/p>\n<p>                Nationality:<br \/>\n                Swedish <\/p>\n<p>                Languages:<br \/>\n                Swedish.  English<\/p>\n<p>                Age:<br \/>\n                19<\/p>\n<p>                Height:<br \/>\n                170<\/p>\n<p>                Hair:<br \/>\n                Red<\/p>\n<p>                Eyes:<br \/>\n                Brown<\/p>\n","protected":false},"featured_media":0,"comment_status":"open","ping_status":"closed","template":"","meta":{"site-sidebar-layout":"default","site-content-layout":"","ast-site-content-layout":"","site-content-style":"default","site-sidebar-style":"default","ast-global-header-display":"","ast-banner-title-visibility":"","ast-main-header-display":"","ast-hfb-above-header-display":"","ast-hfb-below-header-display":"","ast-hfb-mobile-header-display":"","site-post-title":"","ast-breadcrumbs-content":"","ast-featured-img":"","footer-sml-layout":"","theme-transparent-header-meta":"","adv-header-id-meta":"","stick-header-meta":"","header-above-stick-meta":"","header-main-stick-meta":"","header-below-stick-meta":"","astra-migrate-meta-layouts":"default","ast-page-background-enabled":"default","ast-page-background-meta":{"desktop":{"background-color":"var(--ast-global-color-4)","background-image":"","background-repeat":"repeat","background-position":"center center","background-size":"auto","background-attachment":"scroll","background-type":"","background-media":"","overlay-type":"","overlay-color":"","overlay-opacity":"","overlay-gradient":""},"tablet":{"background-color":"","background-image":"","background-repeat":"repeat","background-position":"center center","background-size":"auto","background-attachment":"scroll","background-type":"","background-media":"","overlay-type":"","overlay-color":"","overlay-opacity":"","overlay-gradient":""},"mobile":{"background-color":"","background-image":"","background-repeat":"repeat","background-position":"center center","background-size":"auto","background-attachment":"scroll","background-type":"","background-media":"","overlay-type":"","overlay-color":"","overlay-opacity":"","overlay-gradient":""}},"ast-content-background-meta":{"desktop":{"background-color":"var(--ast-global-color-5)","background-image":"","background-repeat":"repeat","background-position":"center center","background-size":"auto","background-attachment":"scroll","background-type":"","background-media":"","overlay-type":"","overlay-color":"","overlay-opacity":"","overlay-gradient":""},"tablet":{"background-color":"var(--ast-global-color-5)","background-image":"","background-repeat":"repeat","background-position":"center center","background-size":"auto","background-attachment":"scroll","background-type":"","background-media":"","overlay-type":"","overlay-color":"","overlay-opacity":"","overlay-gradient":""},"mobile":{"background-color":"var(--ast-global-color-5)","background-image":"","background-repeat":"repeat","background-position":"center center","background-size":"auto","background-attachment":"scroll","background-type":"","background-media":"","overlay-type":"","overlay-color":"","overlay-opacity":"","overlay-gradient":""}}},"product_brand":[],"product_cat":[188,1115,957],"product_tag":[],"class_list":{"0":"post-265830","1":"product","2":"type-product","3":"status-publish","5":"product_cat-freelancer","6":"product_cat-stockholm","7":"product_cat-sweden","8":"desktop-align-left","9":"tablet-align-left","10":"mobile-align-left","12":"first","13":"instock","14":"shipping-taxable","15":"product-type-simple"},"_links":{"self":[{"href":"https:\/\/poccky.com\/index.php\/wp-json\/wp\/v2\/product\/265830","targetHints":{"allow":["GET"]}}],"collection":[{"href":"https:\/\/poccky.com\/index.php\/wp-json\/wp\/v2\/product"}],"about":[{"href":"https:\/\/poccky.com\/index.php\/wp-json\/wp\/v2\/types\/product"}],"replies":[{"embeddable":true,"href":"https:\/\/poccky.com\/index.php\/wp-json\/wp\/v2\/comments?post=265830"}],"wp:attachment":[{"href":"https:\/\/poccky.com\/index.php\/wp-json\/wp\/v2\/media?parent=265830"}],"wp:term":[{"taxonomy":"product_brand","embeddable":true,"href":"https:\/\/poccky.com\/index.php\/wp-json\/wp\/v2\/product_brand?post=265830"},{"taxonomy":"product_cat","embeddable":true,"href":"https:\/\/poccky.com\/index.php\/wp-json\/wp\/v2\/product_cat?post=265830"},{"taxonomy":"product_tag","embeddable":true,"href":"https:\/\/poccky.com\/index.php\/wp-json\/wp\/v2\/product_tag?post=265830"}],"curies":[{"name":"wp","href":"https:\/\/api.w.org\/{rel}","templated":true}]}}