{"id":264960,"date":"2023-10-28T15:28:59","date_gmt":"2023-10-28T15:28:59","guid":{"rendered":"https:\/\/poccky.com\/?post_type=product&#038;p=264960"},"modified":"2023-10-28T15:29:04","modified_gmt":"2023-10-28T15:29:04","slug":"jeanna-e-g","status":"publish","type":"product","link":"https:\/\/poccky.com\/index.php\/product\/jeanna-e-g\/","title":{"rendered":"Jeanna E -G"},"content":{"rendered":"","protected":false},"excerpt":{"rendered":"<p>Jeanna. sensuelle m\u00e9tisse de vingt et un ans vivant a Paris.<br \/>\nJe suis d&#8217;origine Franco-Ivoirienne. j&#8217;aime mordre la vie \u00e0 pleine dents et je suis pleine de passions.<br \/>\nPlut\u00f4t GFE. j&#8217;aime le plaisir partag\u00e9 et le respect de l&#8217;autre.<br \/>\nJe serai vous accompagner avec humour et charme lors de vos sorties.<br \/>\nJe suis disponible \u00e0 partir de 16h30 pour un \u00e9ventuelle rendez vous en ma compagnie. ayez la politesse de vous pr\u00e9sentez et de laisser visible votre num\u00e9ro sur lequel vous me contacterez merci.<br \/>\nJe n\u2019accepterais qu\u2019une client\u00e8le polis. courtoise et ayant ainsi d\u00e9j\u00e0 pris compte des conditions de mes prestations pour une rencontre.<\/p>\n<p>Fantasmeurs vous abstenir car mes prestations ne sont que pour les hommes s\u00e9rieux. et respectueux. car \u00e7a sera avec plaisir que je me rendrai au rendez vous. d\u2019une ou plusieurs heures.<\/p>\n<p>JE ME DEPLACE.<\/p>\n<p>Je vous embrasse.<br \/>\nJeanna. My details Below mentioned<\/p>\n<p>                Nationality:<br \/>\n                French <\/p>\n<p>                Languages:<br \/>\n                French.  English<\/p>\n<p>                Age:<br \/>\n                21<\/p>\n<p>                Height:<br \/>\n                168 cm<\/p>\n<p>                Weight:<br \/>\n                66kg<\/p>\n<p>                Eyes:<br \/>\n                Brown<\/p>\n","protected":false},"featured_media":105185,"comment_status":"open","ping_status":"closed","template":"","meta":{"site-sidebar-layout":"default","site-content-layout":"","ast-site-content-layout":"","site-content-style":"default","site-sidebar-style":"default","ast-global-header-display":"","ast-banner-title-visibility":"","ast-main-header-display":"","ast-hfb-above-header-display":"","ast-hfb-below-header-display":"","ast-hfb-mobile-header-display":"","site-post-title":"","ast-breadcrumbs-content":"","ast-featured-img":"","footer-sml-layout":"","theme-transparent-header-meta":"","adv-header-id-meta":"","stick-header-meta":"","header-above-stick-meta":"","header-main-stick-meta":"","header-below-stick-meta":"","astra-migrate-meta-layouts":"default","ast-page-background-enabled":"default","ast-page-background-meta":{"desktop":{"background-color":"var(--ast-global-color-4)","background-image":"","background-repeat":"repeat","background-position":"center center","background-size":"auto","background-attachment":"scroll","background-type":"","background-media":"","overlay-type":"","overlay-color":"","overlay-opacity":"","overlay-gradient":""},"tablet":{"background-color":"","background-image":"","background-repeat":"repeat","background-position":"center center","background-size":"auto","background-attachment":"scroll","background-type":"","background-media":"","overlay-type":"","overlay-color":"","overlay-opacity":"","overlay-gradient":""},"mobile":{"background-color":"","background-image":"","background-repeat":"repeat","background-position":"center center","background-size":"auto","background-attachment":"scroll","background-type":"","background-media":"","overlay-type":"","overlay-color":"","overlay-opacity":"","overlay-gradient":""}},"ast-content-background-meta":{"desktop":{"background-color":"var(--ast-global-color-5)","background-image":"","background-repeat":"repeat","background-position":"center center","background-size":"auto","background-attachment":"scroll","background-type":"","background-media":"","overlay-type":"","overlay-color":"","overlay-opacity":"","overlay-gradient":""},"tablet":{"background-color":"var(--ast-global-color-5)","background-image":"","background-repeat":"repeat","background-position":"center center","background-size":"auto","background-attachment":"scroll","background-type":"","background-media":"","overlay-type":"","overlay-color":"","overlay-opacity":"","overlay-gradient":""},"mobile":{"background-color":"var(--ast-global-color-5)","background-image":"","background-repeat":"repeat","background-position":"center center","background-size":"auto","background-attachment":"scroll","background-type":"","background-media":"","overlay-type":"","overlay-color":"","overlay-opacity":"","overlay-gradient":""}}},"product_brand":[],"product_cat":[244,188,1118],"product_tag":[],"class_list":{"0":"post-264960","1":"product","2":"type-product","3":"status-publish","4":"has-post-thumbnail","6":"product_cat-france","7":"product_cat-freelancer","8":"product_cat-paris","9":"desktop-align-left","10":"tablet-align-left","11":"mobile-align-left","13":"first","14":"instock","15":"shipping-taxable","16":"product-type-simple"},"_links":{"self":[{"href":"https:\/\/poccky.com\/index.php\/wp-json\/wp\/v2\/product\/264960","targetHints":{"allow":["GET"]}}],"collection":[{"href":"https:\/\/poccky.com\/index.php\/wp-json\/wp\/v2\/product"}],"about":[{"href":"https:\/\/poccky.com\/index.php\/wp-json\/wp\/v2\/types\/product"}],"replies":[{"embeddable":true,"href":"https:\/\/poccky.com\/index.php\/wp-json\/wp\/v2\/comments?post=264960"}],"wp:featuredmedia":[{"embeddable":true,"href":"https:\/\/poccky.com\/index.php\/wp-json\/wp\/v2\/media\/105185"}],"wp:attachment":[{"href":"https:\/\/poccky.com\/index.php\/wp-json\/wp\/v2\/media?parent=264960"}],"wp:term":[{"taxonomy":"product_brand","embeddable":true,"href":"https:\/\/poccky.com\/index.php\/wp-json\/wp\/v2\/product_brand?post=264960"},{"taxonomy":"product_cat","embeddable":true,"href":"https:\/\/poccky.com\/index.php\/wp-json\/wp\/v2\/product_cat?post=264960"},{"taxonomy":"product_tag","embeddable":true,"href":"https:\/\/poccky.com\/index.php\/wp-json\/wp\/v2\/product_tag?post=264960"}],"curies":[{"name":"wp","href":"https:\/\/api.w.org\/{rel}","templated":true}]}}