{"id":264681,"date":"2023-10-28T15:18:08","date_gmt":"2023-10-28T15:18:08","guid":{"rendered":"https:\/\/poccky.com\/?post_type=product&#038;p=264681"},"modified":"2023-10-28T15:18:17","modified_gmt":"2023-10-28T15:18:17","slug":"sexycarla","status":"publish","type":"product","link":"https:\/\/poccky.com\/index.php\/product\/sexycarla\/","title":{"rendered":"SexyCarla"},"content":{"rendered":"","protected":false},"excerpt":{"rendered":"<p>Bonjour mes amours  Je mappelle Carla Vip magnifique Latine de 28 ans au corps de r\u00eave \u00e0 la peau bronz\u00e9e et aux yeux de braise Amante passionn\u00e9e sensuelle fougueuse tr\u00e8s chaude et coquine   MES PHOTOS SONT 100% BIEN R\u00c9ELLES NON RETOUCH\u00c9ES    Je vous re\u00e7ois dans un bel appartement en toute discr\u00e9tion pour d&#8217;intenses moments de plaisirs    J&#8217;aime faire l&#8217;amour et je suis une fervente adepte du plaisir partag\u00e9    Je re\u00e7ois \u00e0 Paris uniquement des gentlemen courtois    Pour tout RDV merci de me contacter au moins 1 heure \u00e0 l&#8217;avance    JE NE R\u00c9PONDS PAS AUX NUM\u00c9ROS MASQU\u00c9S NI SMS ET NI FIXES   Au plaisir de vous rencontrer    A tr\u00e8s bient\u00f4t Carla My details Below mentioned<\/p>\n<p>                Nationality:<br \/>\n                Bresilienne <\/p>\n<p>                Languages:<br \/>\n                ENGLISH. FRENCH. PORTUGUES<\/p>\n<p>                Age:<br \/>\n                28<\/p>\n<p>                Height:<br \/>\n                168<\/p>\n<p>                Weight:<br \/>\n                57<\/p>\n<p>                Hair:<br \/>\n                long brunne<\/p>\n<p>                Eyes:<br \/>\n                Brow<\/p>\n<p>                Measurements:<br \/>\n                95-62-100<\/p>\n","protected":false},"featured_media":105860,"comment_status":"open","ping_status":"closed","template":"","meta":{"site-sidebar-layout":"default","site-content-layout":"","ast-site-content-layout":"","site-content-style":"default","site-sidebar-style":"default","ast-global-header-display":"","ast-banner-title-visibility":"","ast-main-header-display":"","ast-hfb-above-header-display":"","ast-hfb-below-header-display":"","ast-hfb-mobile-header-display":"","site-post-title":"","ast-breadcrumbs-content":"","ast-featured-img":"","footer-sml-layout":"","theme-transparent-header-meta":"","adv-header-id-meta":"","stick-header-meta":"","header-above-stick-meta":"","header-main-stick-meta":"","header-below-stick-meta":"","astra-migrate-meta-layouts":"default","ast-page-background-enabled":"default","ast-page-background-meta":{"desktop":{"background-color":"var(--ast-global-color-4)","background-image":"","background-repeat":"repeat","background-position":"center center","background-size":"auto","background-attachment":"scroll","background-type":"","background-media":"","overlay-type":"","overlay-color":"","overlay-opacity":"","overlay-gradient":""},"tablet":{"background-color":"","background-image":"","background-repeat":"repeat","background-position":"center center","background-size":"auto","background-attachment":"scroll","background-type":"","background-media":"","overlay-type":"","overlay-color":"","overlay-opacity":"","overlay-gradient":""},"mobile":{"background-color":"","background-image":"","background-repeat":"repeat","background-position":"center center","background-size":"auto","background-attachment":"scroll","background-type":"","background-media":"","overlay-type":"","overlay-color":"","overlay-opacity":"","overlay-gradient":""}},"ast-content-background-meta":{"desktop":{"background-color":"var(--ast-global-color-5)","background-image":"","background-repeat":"repeat","background-position":"center center","background-size":"auto","background-attachment":"scroll","background-type":"","background-media":"","overlay-type":"","overlay-color":"","overlay-opacity":"","overlay-gradient":""},"tablet":{"background-color":"var(--ast-global-color-5)","background-image":"","background-repeat":"repeat","background-position":"center center","background-size":"auto","background-attachment":"scroll","background-type":"","background-media":"","overlay-type":"","overlay-color":"","overlay-opacity":"","overlay-gradient":""},"mobile":{"background-color":"var(--ast-global-color-5)","background-image":"","background-repeat":"repeat","background-position":"center center","background-size":"auto","background-attachment":"scroll","background-type":"","background-media":"","overlay-type":"","overlay-color":"","overlay-opacity":"","overlay-gradient":""}}},"product_brand":[],"product_cat":[244,188,1118],"product_tag":[],"class_list":{"0":"post-264681","1":"product","2":"type-product","3":"status-publish","4":"has-post-thumbnail","6":"product_cat-france","7":"product_cat-freelancer","8":"product_cat-paris","9":"desktop-align-left","10":"tablet-align-left","11":"mobile-align-left","13":"first","14":"instock","15":"shipping-taxable","16":"product-type-simple"},"_links":{"self":[{"href":"https:\/\/poccky.com\/index.php\/wp-json\/wp\/v2\/product\/264681","targetHints":{"allow":["GET"]}}],"collection":[{"href":"https:\/\/poccky.com\/index.php\/wp-json\/wp\/v2\/product"}],"about":[{"href":"https:\/\/poccky.com\/index.php\/wp-json\/wp\/v2\/types\/product"}],"replies":[{"embeddable":true,"href":"https:\/\/poccky.com\/index.php\/wp-json\/wp\/v2\/comments?post=264681"}],"wp:featuredmedia":[{"embeddable":true,"href":"https:\/\/poccky.com\/index.php\/wp-json\/wp\/v2\/media\/105860"}],"wp:attachment":[{"href":"https:\/\/poccky.com\/index.php\/wp-json\/wp\/v2\/media?parent=264681"}],"wp:term":[{"taxonomy":"product_brand","embeddable":true,"href":"https:\/\/poccky.com\/index.php\/wp-json\/wp\/v2\/product_brand?post=264681"},{"taxonomy":"product_cat","embeddable":true,"href":"https:\/\/poccky.com\/index.php\/wp-json\/wp\/v2\/product_cat?post=264681"},{"taxonomy":"product_tag","embeddable":true,"href":"https:\/\/poccky.com\/index.php\/wp-json\/wp\/v2\/product_tag?post=264681"}],"curies":[{"name":"wp","href":"https:\/\/api.w.org\/{rel}","templated":true}]}}