{"id":264468,"date":"2023-10-28T15:09:23","date_gmt":"2023-10-28T15:09:23","guid":{"rendered":"https:\/\/poccky.com\/?post_type=product&#038;p=264468"},"modified":"2023-10-28T15:09:28","modified_gmt":"2023-10-28T15:09:28","slug":"madame-gianna","status":"publish","type":"product","link":"https:\/\/poccky.com\/index.php\/product\/madame-gianna\/","title":{"rendered":"Madame Gianna"},"content":{"rendered":"","protected":false},"excerpt":{"rendered":"<p>Unsere Escortdame Gianna von Madame Bell\u00e1 lebt in der wundersch\u00f6nen Elbmetropole. Sie ist sowohl ein internationales Fotomodel. als auch als Immobilienmaklerin t\u00e4tig und stellt aus diesem Grunde eine perfekte Begleitung zu Kongressen und Messen dar. Escortdame Gianna ist ebenso Ihre aparte Partnerin auf Empf\u00e4ngen und Events oder auf Gesch\u00e4ftsreisen. Damit ist es aber nicht genu.G denn diese junge Dame wird Sie obendrein als geistreiche und gebildete Gespr\u00e4chspartnerin mit viel Esprit und Charme beeindrucken. So beherrscht die sprachbegabte Gianna allein vier Sprachen flie\u00dfend.<br \/>\nSie ist neugierig auf neue Erfahrungen und hat Lust auf Impressionen aller Art. deshalb entdeckte Sie den Escort bei Madame Bell\u00e1 f\u00fcr sich.<br \/>\nErleben Sie anregende Konversation und aufregende Stunden oder Tage mit dieser abenteuerlustigen Muse. Sollte es Ihnen gelingen. Ihren Blick von Giannas endlos langen Beinen und ihrem bildh\u00fcbschen. exotischen Gesicht zu l\u00f6sen. werden Sie eine nat\u00fcrliche Frau erleben. die mit ihrer Aura jeden in ihrer Umgebung fasziniert.<br \/>\nMadame Bell\u00e1 meint: &#8220;Alle guten Geister m\u00fcssten Sie warnen vor dieser Lolita mit den s\u00fcndigen Lippen. denn Sie k\u00f6nnten zu einem stetig wiederkehrendem Verlangen f\u00fcr Sie werden.&#8221;<br \/>\nFreuen Sie sich jetzt schon. auf eine unvergessliche inspirierende Begegnung mit einer fabelhaften Escort-Madame. My details Below mentioned<\/p>\n<p>                Nationality:<br \/>\n                Deutsch <\/p>\n<p>                Languages:<br \/>\n                deutsch.  englisch.  spanisch<\/p>\n<p>                Age:<br \/>\n                26<\/p>\n<p>                Height:<br \/>\n                172<\/p>\n<p>                Weight:<br \/>\n                55 kg<\/p>\n<p>                Hair:<br \/>\n                lan.G schwarz<\/p>\n<p>                Eyes:<br \/>\n                dunkelbraun<\/p>\n<p>                Measurements:<br \/>\n                90-64-92phone_android Phone:<br \/>\n          +4917687414234<\/p>\n","protected":false},"featured_media":107323,"comment_status":"open","ping_status":"closed","template":"","meta":{"site-sidebar-layout":"default","site-content-layout":"","ast-site-content-layout":"","site-content-style":"default","site-sidebar-style":"default","ast-global-header-display":"","ast-banner-title-visibility":"","ast-main-header-display":"","ast-hfb-above-header-display":"","ast-hfb-below-header-display":"","ast-hfb-mobile-header-display":"","site-post-title":"","ast-breadcrumbs-content":"","ast-featured-img":"","footer-sml-layout":"","theme-transparent-header-meta":"","adv-header-id-meta":"","stick-header-meta":"","header-above-stick-meta":"","header-main-stick-meta":"","header-below-stick-meta":"","astra-migrate-meta-layouts":"default","ast-page-background-enabled":"default","ast-page-background-meta":{"desktop":{"background-color":"var(--ast-global-color-4)","background-image":"","background-repeat":"repeat","background-position":"center center","background-size":"auto","background-attachment":"scroll","background-type":"","background-media":"","overlay-type":"","overlay-color":"","overlay-opacity":"","overlay-gradient":""},"tablet":{"background-color":"","background-image":"","background-repeat":"repeat","background-position":"center center","background-size":"auto","background-attachment":"scroll","background-type":"","background-media":"","overlay-type":"","overlay-color":"","overlay-opacity":"","overlay-gradient":""},"mobile":{"background-color":"","background-image":"","background-repeat":"repeat","background-position":"center center","background-size":"auto","background-attachment":"scroll","background-type":"","background-media":"","overlay-type":"","overlay-color":"","overlay-opacity":"","overlay-gradient":""}},"ast-content-background-meta":{"desktop":{"background-color":"var(--ast-global-color-5)","background-image":"","background-repeat":"repeat","background-position":"center center","background-size":"auto","background-attachment":"scroll","background-type":"","background-media":"","overlay-type":"","overlay-color":"","overlay-opacity":"","overlay-gradient":""},"tablet":{"background-color":"var(--ast-global-color-5)","background-image":"","background-repeat":"repeat","background-position":"center center","background-size":"auto","background-attachment":"scroll","background-type":"","background-media":"","overlay-type":"","overlay-color":"","overlay-opacity":"","overlay-gradient":""},"mobile":{"background-color":"var(--ast-global-color-5)","background-image":"","background-repeat":"repeat","background-position":"center center","background-size":"auto","background-attachment":"scroll","background-type":"","background-media":"","overlay-type":"","overlay-color":"","overlay-opacity":"","overlay-gradient":""}}},"product_brand":[],"product_cat":[996,188,811],"product_tag":[],"class_list":{"0":"post-264468","1":"product","2":"type-product","3":"status-publish","4":"has-post-thumbnail","6":"product_cat-berlin","7":"product_cat-freelancer","8":"product_cat-germany","9":"desktop-align-left","10":"tablet-align-left","11":"mobile-align-left","13":"first","14":"instock","15":"shipping-taxable","16":"product-type-simple"},"_links":{"self":[{"href":"https:\/\/poccky.com\/index.php\/wp-json\/wp\/v2\/product\/264468","targetHints":{"allow":["GET"]}}],"collection":[{"href":"https:\/\/poccky.com\/index.php\/wp-json\/wp\/v2\/product"}],"about":[{"href":"https:\/\/poccky.com\/index.php\/wp-json\/wp\/v2\/types\/product"}],"replies":[{"embeddable":true,"href":"https:\/\/poccky.com\/index.php\/wp-json\/wp\/v2\/comments?post=264468"}],"wp:featuredmedia":[{"embeddable":true,"href":"https:\/\/poccky.com\/index.php\/wp-json\/wp\/v2\/media\/107323"}],"wp:attachment":[{"href":"https:\/\/poccky.com\/index.php\/wp-json\/wp\/v2\/media?parent=264468"}],"wp:term":[{"taxonomy":"product_brand","embeddable":true,"href":"https:\/\/poccky.com\/index.php\/wp-json\/wp\/v2\/product_brand?post=264468"},{"taxonomy":"product_cat","embeddable":true,"href":"https:\/\/poccky.com\/index.php\/wp-json\/wp\/v2\/product_cat?post=264468"},{"taxonomy":"product_tag","embeddable":true,"href":"https:\/\/poccky.com\/index.php\/wp-json\/wp\/v2\/product_tag?post=264468"}],"curies":[{"name":"wp","href":"https:\/\/api.w.org\/{rel}","templated":true}]}}