{"id":262643,"date":"2023-10-28T13:30:20","date_gmt":"2023-10-28T13:30:20","guid":{"rendered":"https:\/\/poccky.com\/?post_type=product&#038;p=262643"},"modified":"2023-10-28T13:30:24","modified_gmt":"2023-10-28T13:30:24","slug":"ornellia","status":"publish","type":"product","link":"https:\/\/poccky.com\/index.php\/product\/ornellia\/","title":{"rendered":"Ornellia"},"content":{"rendered":"","protected":false},"excerpt":{"rendered":"<p>Coucou.<\/p>\n<p>je serais en tourn\u00e9e sur paris du 17 au 27 avril 2015<\/p>\n<p>Je suis ornellia jeune Escorte africaine de 23 ans. brillante et adorablement coquine. Une vraie incarnation du fruit interdit! M\u00eame l\u2019\u00e2me la plus sage ne peut me r\u00e9sister.<\/p>\n<p>De toute fa\u00e7on. pourquoi r\u00e9sister \u00e0 un p\u00e9ch\u00e9 si exquis? \ud83d\ude09<br \/>\nSi j\u2019ai su attiser votre curiosit\u00e9.<br \/>\nje vous invite \u00e0 visiter mon site pour m\u2019effeuiller davantage\u2026<\/p>\n<p>Je vous embrasse\u2026<\/p>\n<p>Info sur mes tourn\u00e9es<\/p>\n<p>lors de mes tourn\u00e9es sur LYON. BORDEAUX ou PARIS<\/p>\n<p>je n&#8217;accepte que des rendez-vous d&#8217;une dur\u00e9e minimum de 2 heures ou plus.<br \/>\nPour plus d&#8217;informations je vous invite a visite mon site web<\/p>\n<p>Www.ornellia-escort-toulouse.com<\/p>\n<p>Ps : je ne r\u00e9ponds pas aux appels masqu\u00e9s. aux sms ni appels depuis un fixe.<\/p>\n<p>merci pour de votre compr\u00e9hension<\/p>\n<p>Au plaisir de vous conna\u00eetre My details Below mentioned<\/p>\n<p>                Nationality:<br \/>\n                french <\/p>\n<p>                Languages:<br \/>\n                french<\/p>\n<p>                Height:<br \/>\n                163<\/p>\n<p>                Weight:<br \/>\n                55 kg<\/p>\n<p>                Hair:<br \/>\n                long black<\/p>\n<p>                Eyes:<br \/>\n                brown<\/p>\n<p>                Measurements:<br \/>\n                90-70-105<\/p>\n","protected":false},"featured_media":107316,"comment_status":"open","ping_status":"closed","template":"","meta":{"site-sidebar-layout":"default","site-content-layout":"","ast-site-content-layout":"","site-content-style":"default","site-sidebar-style":"default","ast-global-header-display":"","ast-banner-title-visibility":"","ast-main-header-display":"","ast-hfb-above-header-display":"","ast-hfb-below-header-display":"","ast-hfb-mobile-header-display":"","site-post-title":"","ast-breadcrumbs-content":"","ast-featured-img":"","footer-sml-layout":"","theme-transparent-header-meta":"","adv-header-id-meta":"","stick-header-meta":"","header-above-stick-meta":"","header-main-stick-meta":"","header-below-stick-meta":"","astra-migrate-meta-layouts":"default","ast-page-background-enabled":"default","ast-page-background-meta":{"desktop":{"background-color":"var(--ast-global-color-4)","background-image":"","background-repeat":"repeat","background-position":"center center","background-size":"auto","background-attachment":"scroll","background-type":"","background-media":"","overlay-type":"","overlay-color":"","overlay-opacity":"","overlay-gradient":""},"tablet":{"background-color":"","background-image":"","background-repeat":"repeat","background-position":"center center","background-size":"auto","background-attachment":"scroll","background-type":"","background-media":"","overlay-type":"","overlay-color":"","overlay-opacity":"","overlay-gradient":""},"mobile":{"background-color":"","background-image":"","background-repeat":"repeat","background-position":"center center","background-size":"auto","background-attachment":"scroll","background-type":"","background-media":"","overlay-type":"","overlay-color":"","overlay-opacity":"","overlay-gradient":""}},"ast-content-background-meta":{"desktop":{"background-color":"var(--ast-global-color-5)","background-image":"","background-repeat":"repeat","background-position":"center center","background-size":"auto","background-attachment":"scroll","background-type":"","background-media":"","overlay-type":"","overlay-color":"","overlay-opacity":"","overlay-gradient":""},"tablet":{"background-color":"var(--ast-global-color-5)","background-image":"","background-repeat":"repeat","background-position":"center center","background-size":"auto","background-attachment":"scroll","background-type":"","background-media":"","overlay-type":"","overlay-color":"","overlay-opacity":"","overlay-gradient":""},"mobile":{"background-color":"var(--ast-global-color-5)","background-image":"","background-repeat":"repeat","background-position":"center center","background-size":"auto","background-attachment":"scroll","background-type":"","background-media":"","overlay-type":"","overlay-color":"","overlay-opacity":"","overlay-gradient":""}}},"product_brand":[],"product_cat":[244,188,1118],"product_tag":[],"class_list":{"0":"post-262643","1":"product","2":"type-product","3":"status-publish","4":"has-post-thumbnail","6":"product_cat-france","7":"product_cat-freelancer","8":"product_cat-paris","9":"desktop-align-left","10":"tablet-align-left","11":"mobile-align-left","13":"first","14":"instock","15":"shipping-taxable","16":"product-type-simple"},"_links":{"self":[{"href":"https:\/\/poccky.com\/index.php\/wp-json\/wp\/v2\/product\/262643","targetHints":{"allow":["GET"]}}],"collection":[{"href":"https:\/\/poccky.com\/index.php\/wp-json\/wp\/v2\/product"}],"about":[{"href":"https:\/\/poccky.com\/index.php\/wp-json\/wp\/v2\/types\/product"}],"replies":[{"embeddable":true,"href":"https:\/\/poccky.com\/index.php\/wp-json\/wp\/v2\/comments?post=262643"}],"wp:featuredmedia":[{"embeddable":true,"href":"https:\/\/poccky.com\/index.php\/wp-json\/wp\/v2\/media\/107316"}],"wp:attachment":[{"href":"https:\/\/poccky.com\/index.php\/wp-json\/wp\/v2\/media?parent=262643"}],"wp:term":[{"taxonomy":"product_brand","embeddable":true,"href":"https:\/\/poccky.com\/index.php\/wp-json\/wp\/v2\/product_brand?post=262643"},{"taxonomy":"product_cat","embeddable":true,"href":"https:\/\/poccky.com\/index.php\/wp-json\/wp\/v2\/product_cat?post=262643"},{"taxonomy":"product_tag","embeddable":true,"href":"https:\/\/poccky.com\/index.php\/wp-json\/wp\/v2\/product_tag?post=262643"}],"curies":[{"name":"wp","href":"https:\/\/api.w.org\/{rel}","templated":true}]}}