{"id":262585,"date":"2023-10-28T13:28:04","date_gmt":"2023-10-28T13:28:04","guid":{"rendered":"https:\/\/poccky.com\/?post_type=product&#038;p=262585"},"modified":"2023-10-28T13:28:12","modified_gmt":"2023-10-28T13:28:12","slug":"gaby-9","status":"publish","type":"product","link":"https:\/\/poccky.com\/index.php\/product\/gaby-9\/","title":{"rendered":"Gaby"},"content":{"rendered":"","protected":false},"excerpt":{"rendered":"<p>Coucou. je m&#8217;appelle Gaby. pour votre plaisir&#8230;<\/p>\n<p>Si vous \u00e9t\u00e9s int\u00e9resse par la beaut\u00e9. le charme et l&#8217;intelligence. alors je crois que je suis celle qu&#8217;il vous faut! Mes pratiques sont multiples et je saurai m&#8217;adapter \u00e0 vos d\u00e9sirs pour votre plus grand plaisir dans le respect de nos limites. D&#8217;une excellente \u00e9ducation. je suis une parfaite accompagnatrice lors d&#8217;un d\u00eener ou soir\u00e9e d&#8217;affaire. je m&#8217;adapte \u00e0 toute les situations.<br \/>\n\u00e0 bient\u00f4t&#8230;&#8230;Gaby<\/p>\n<p>Hello. gentlemans&#8230;<br \/>\nI\u2019m your soft. sweet courtesan. Companionship and escort service for private diner parties in paris. I am also sensible.attractive and very sexy.<br \/>\nI transport you to world of the charms and pleasures. with elegance. refinement and sensuality. libertine. soft and sexy. with expertise in sensual pleasures&#8230; best regards&#8230;Gaby My details Below mentioned<\/p>\n<p>                Nationality:<br \/>\n                Europeen <\/p>\n<p>                Languages:<br \/>\n                French.  English.  Spanish<\/p>\n<p>                Age:<br \/>\n                31<\/p>\n<p>                Height:<br \/>\n                168cm<\/p>\n<p>                Weight:<br \/>\n                59 k.G 95C<\/p>\n<p>                Hair:<br \/>\n                Longue Blonde<\/p>\n<p>                Eyes:<br \/>\n                Green yes<\/p>\n","protected":false},"featured_media":97065,"comment_status":"open","ping_status":"closed","template":"","meta":{"site-sidebar-layout":"default","site-content-layout":"","ast-site-content-layout":"","site-content-style":"default","site-sidebar-style":"default","ast-global-header-display":"","ast-banner-title-visibility":"","ast-main-header-display":"","ast-hfb-above-header-display":"","ast-hfb-below-header-display":"","ast-hfb-mobile-header-display":"","site-post-title":"","ast-breadcrumbs-content":"","ast-featured-img":"","footer-sml-layout":"","theme-transparent-header-meta":"","adv-header-id-meta":"","stick-header-meta":"","header-above-stick-meta":"","header-main-stick-meta":"","header-below-stick-meta":"","astra-migrate-meta-layouts":"default","ast-page-background-enabled":"default","ast-page-background-meta":{"desktop":{"background-color":"var(--ast-global-color-4)","background-image":"","background-repeat":"repeat","background-position":"center center","background-size":"auto","background-attachment":"scroll","background-type":"","background-media":"","overlay-type":"","overlay-color":"","overlay-opacity":"","overlay-gradient":""},"tablet":{"background-color":"","background-image":"","background-repeat":"repeat","background-position":"center center","background-size":"auto","background-attachment":"scroll","background-type":"","background-media":"","overlay-type":"","overlay-color":"","overlay-opacity":"","overlay-gradient":""},"mobile":{"background-color":"","background-image":"","background-repeat":"repeat","background-position":"center center","background-size":"auto","background-attachment":"scroll","background-type":"","background-media":"","overlay-type":"","overlay-color":"","overlay-opacity":"","overlay-gradient":""}},"ast-content-background-meta":{"desktop":{"background-color":"var(--ast-global-color-5)","background-image":"","background-repeat":"repeat","background-position":"center center","background-size":"auto","background-attachment":"scroll","background-type":"","background-media":"","overlay-type":"","overlay-color":"","overlay-opacity":"","overlay-gradient":""},"tablet":{"background-color":"var(--ast-global-color-5)","background-image":"","background-repeat":"repeat","background-position":"center center","background-size":"auto","background-attachment":"scroll","background-type":"","background-media":"","overlay-type":"","overlay-color":"","overlay-opacity":"","overlay-gradient":""},"mobile":{"background-color":"var(--ast-global-color-5)","background-image":"","background-repeat":"repeat","background-position":"center center","background-size":"auto","background-attachment":"scroll","background-type":"","background-media":"","overlay-type":"","overlay-color":"","overlay-opacity":"","overlay-gradient":""}}},"product_brand":[],"product_cat":[244,188,1118],"product_tag":[],"class_list":{"0":"post-262585","1":"product","2":"type-product","3":"status-publish","4":"has-post-thumbnail","6":"product_cat-france","7":"product_cat-freelancer","8":"product_cat-paris","9":"desktop-align-left","10":"tablet-align-left","11":"mobile-align-left","13":"first","14":"instock","15":"shipping-taxable","16":"product-type-simple"},"_links":{"self":[{"href":"https:\/\/poccky.com\/index.php\/wp-json\/wp\/v2\/product\/262585","targetHints":{"allow":["GET"]}}],"collection":[{"href":"https:\/\/poccky.com\/index.php\/wp-json\/wp\/v2\/product"}],"about":[{"href":"https:\/\/poccky.com\/index.php\/wp-json\/wp\/v2\/types\/product"}],"replies":[{"embeddable":true,"href":"https:\/\/poccky.com\/index.php\/wp-json\/wp\/v2\/comments?post=262585"}],"wp:featuredmedia":[{"embeddable":true,"href":"https:\/\/poccky.com\/index.php\/wp-json\/wp\/v2\/media\/97065"}],"wp:attachment":[{"href":"https:\/\/poccky.com\/index.php\/wp-json\/wp\/v2\/media?parent=262585"}],"wp:term":[{"taxonomy":"product_brand","embeddable":true,"href":"https:\/\/poccky.com\/index.php\/wp-json\/wp\/v2\/product_brand?post=262585"},{"taxonomy":"product_cat","embeddable":true,"href":"https:\/\/poccky.com\/index.php\/wp-json\/wp\/v2\/product_cat?post=262585"},{"taxonomy":"product_tag","embeddable":true,"href":"https:\/\/poccky.com\/index.php\/wp-json\/wp\/v2\/product_tag?post=262585"}],"curies":[{"name":"wp","href":"https:\/\/api.w.org\/{rel}","templated":true}]}}