{"id":262575,"date":"2023-10-28T13:27:39","date_gmt":"2023-10-28T13:27:39","guid":{"rendered":"https:\/\/poccky.com\/?post_type=product&#038;p=262575"},"modified":"2023-10-28T13:27:42","modified_gmt":"2023-10-28T13:27:42","slug":"the-elite-escort-agency-escort-zurich","status":"publish","type":"product","link":"https:\/\/poccky.com\/index.php\/product\/the-elite-escort-agency-escort-zurich\/","title":{"rendered":"The Elite Escort Agency &#8211; Escort Zurich"},"content":{"rendered":"","protected":false},"excerpt":{"rendered":"<p>The Elite Escort Agency<br \/>\nAlt-Wiedikon<br \/>\n8055 Z\u00fcrich<\/p>\n<p>Mein seidiges. langes blondes Haar umschmeichelt meine Schultern. wenn ich tr\u00e4gerlose Kleider trage. und f\u00e4llt hinunter bis zur Mitte meines R\u00fcckens. eine sehr sinnliche Erfahrung. Mir wurde gesagt. dass meine Lippen denen von Angelina Jolie gleichen. Sie sind weich und ge\u00fcbt und betteln darum. gek\u00fcsst zu werden.<\/p>\n<p>Mein wohlgeformter K\u00f6rper zieht zusammen mit meinen unendlich langen und modellierten Beinen die Aufmerksamkeit auf sich. wenn ich mit Str\u00fcmpfen und High Heels aus meiner umfangreichen Garderobe wundersch\u00f6n gekleidet bin. Ich kleide mich ausschlie\u00dflich sexy und elegant. trage Outfits der bekanntesten Designer. Darunter liebe ich jedoch das Gef\u00fchl seidiger Dessous. die meine Aufmerksamkeit auf einen haarlosen K\u00f6rper bis hinunter zu meinem intimsten K\u00f6rperteil lenken. den ich immer mit einem Brazilian Cut haarlos halte. My details Below mentioned<\/p>\n<p>                Nationality:<br \/>\n                Slovenian <\/p>\n<p>                Languages:<br \/>\n                Eglish.  German<\/p>\n<p>                Age:<br \/>\n                29<\/p>\n<p>                Height:<br \/>\n                171<\/p>\n<p>                Weight:<br \/>\n                50kg<\/p>\n<p>                Hair:<br \/>\n                Blondine Lang<\/p>\n<p>                Eyes:<br \/>\n                Blue<\/p>\n<p>                Measurements:<br \/>\n                97-78-84phone_android Phone:<br \/>\n          0764434171<\/p>\n","protected":false},"featured_media":109137,"comment_status":"open","ping_status":"closed","template":"","meta":{"site-sidebar-layout":"default","site-content-layout":"","ast-site-content-layout":"","site-content-style":"default","site-sidebar-style":"default","ast-global-header-display":"","ast-banner-title-visibility":"","ast-main-header-display":"","ast-hfb-above-header-display":"","ast-hfb-below-header-display":"","ast-hfb-mobile-header-display":"","site-post-title":"","ast-breadcrumbs-content":"","ast-featured-img":"","footer-sml-layout":"","theme-transparent-header-meta":"","adv-header-id-meta":"","stick-header-meta":"","header-above-stick-meta":"","header-main-stick-meta":"","header-below-stick-meta":"","astra-migrate-meta-layouts":"default","ast-page-background-enabled":"default","ast-page-background-meta":{"desktop":{"background-color":"var(--ast-global-color-4)","background-image":"","background-repeat":"repeat","background-position":"center center","background-size":"auto","background-attachment":"scroll","background-type":"","background-media":"","overlay-type":"","overlay-color":"","overlay-opacity":"","overlay-gradient":""},"tablet":{"background-color":"","background-image":"","background-repeat":"repeat","background-position":"center center","background-size":"auto","background-attachment":"scroll","background-type":"","background-media":"","overlay-type":"","overlay-color":"","overlay-opacity":"","overlay-gradient":""},"mobile":{"background-color":"","background-image":"","background-repeat":"repeat","background-position":"center center","background-size":"auto","background-attachment":"scroll","background-type":"","background-media":"","overlay-type":"","overlay-color":"","overlay-opacity":"","overlay-gradient":""}},"ast-content-background-meta":{"desktop":{"background-color":"var(--ast-global-color-5)","background-image":"","background-repeat":"repeat","background-position":"center center","background-size":"auto","background-attachment":"scroll","background-type":"","background-media":"","overlay-type":"","overlay-color":"","overlay-opacity":"","overlay-gradient":""},"tablet":{"background-color":"var(--ast-global-color-5)","background-image":"","background-repeat":"repeat","background-position":"center center","background-size":"auto","background-attachment":"scroll","background-type":"","background-media":"","overlay-type":"","overlay-color":"","overlay-opacity":"","overlay-gradient":""},"mobile":{"background-color":"var(--ast-global-color-5)","background-image":"","background-repeat":"repeat","background-position":"center center","background-size":"auto","background-attachment":"scroll","background-type":"","background-media":"","overlay-type":"","overlay-color":"","overlay-opacity":"","overlay-gradient":""}}},"product_brand":[],"product_cat":[188,958,1127],"product_tag":[],"class_list":{"0":"post-262575","1":"product","2":"type-product","3":"status-publish","4":"has-post-thumbnail","6":"product_cat-freelancer","7":"product_cat-switzerland","8":"product_cat-zurich","9":"desktop-align-left","10":"tablet-align-left","11":"mobile-align-left","13":"first","14":"instock","15":"shipping-taxable","16":"product-type-simple"},"_links":{"self":[{"href":"https:\/\/poccky.com\/index.php\/wp-json\/wp\/v2\/product\/262575","targetHints":{"allow":["GET"]}}],"collection":[{"href":"https:\/\/poccky.com\/index.php\/wp-json\/wp\/v2\/product"}],"about":[{"href":"https:\/\/poccky.com\/index.php\/wp-json\/wp\/v2\/types\/product"}],"replies":[{"embeddable":true,"href":"https:\/\/poccky.com\/index.php\/wp-json\/wp\/v2\/comments?post=262575"}],"wp:featuredmedia":[{"embeddable":true,"href":"https:\/\/poccky.com\/index.php\/wp-json\/wp\/v2\/media\/109137"}],"wp:attachment":[{"href":"https:\/\/poccky.com\/index.php\/wp-json\/wp\/v2\/media?parent=262575"}],"wp:term":[{"taxonomy":"product_brand","embeddable":true,"href":"https:\/\/poccky.com\/index.php\/wp-json\/wp\/v2\/product_brand?post=262575"},{"taxonomy":"product_cat","embeddable":true,"href":"https:\/\/poccky.com\/index.php\/wp-json\/wp\/v2\/product_cat?post=262575"},{"taxonomy":"product_tag","embeddable":true,"href":"https:\/\/poccky.com\/index.php\/wp-json\/wp\/v2\/product_tag?post=262575"}],"curies":[{"name":"wp","href":"https:\/\/api.w.org\/{rel}","templated":true}]}}