{"id":262538,"date":"2023-10-28T13:26:17","date_gmt":"2023-10-28T13:26:17","guid":{"rendered":"https:\/\/poccky.com\/?post_type=product&#038;p=262538"},"modified":"2023-10-28T13:26:24","modified_gmt":"2023-10-28T13:26:24","slug":"reine-noire","status":"publish","type":"product","link":"https:\/\/poccky.com\/index.php\/product\/reine-noire\/","title":{"rendered":"Reine Noire"},"content":{"rendered":"","protected":false},"excerpt":{"rendered":"<p>Bonjour. je suis Reine.<br \/>\nNouvelle dans la r\u00e9gion lyonnaise. j&#8217;ai 28 ans dans un corps de r\u00eave \u00e0 la peau douce. satin\u00e9e et parfum\u00e9.<br \/>\nVenez d\u00e9couvrir 1.73 m et 60 kg de charme. de sensualit\u00e9.de douceur et d&#8217;exotisme. Je parle couramment Fran\u00e7ais et Anglais.<br \/>\nMes photos sont r\u00e9elles et mon visage d\u2019ange des \u00eeles est en harmonie avec ma silhouette exotique.<br \/>\nCeux qui ont du bon go\u00fbt disent que je suis vraiment tr\u00e8s belle. sensuelle. coquine. et tr\u00e8s tr\u00e8s joueuse&#8230;<br \/>\nPour l&#8217;instant je vous re\u00e7ois dans un lieu sensuel. discret. propre et envo\u00fbtant.<br \/>\nUniquement pour les vrais &#8220;gentlemans&#8221; qui souhaitent passer un moment extraordinaire et inoubliable avec une charmante lady.<br \/>\nHoraires: Lundi &#8211; Dimanche 08:00H &#8211; 00:00H sur RDV.<br \/>\nConfirmation de RDV &#8211; 1 HEURE D&#8217;AVANCE<br \/>\nMes prestations sont tr\u00e8s exclusives. My details Below mentioned<\/p>\n<p>                Nationality:<br \/>\n                FRENCH <\/p>\n<p>                Languages:<br \/>\n                FRENCH. ENGLISH<\/p>\n<p>                Age:<br \/>\n                28<\/p>\n<p>                Height:<br \/>\n                173 cm<\/p>\n<p>                Weight:<br \/>\n                60 kg<\/p>\n<p>                Hair:<br \/>\n                LONG BLACK<\/p>\n<p>                Eyes:<br \/>\n                BROWN<\/p>\n<p>                Measurements:<br \/>\n                92-60-95<\/p>\n","protected":false},"featured_media":109135,"comment_status":"open","ping_status":"closed","template":"","meta":{"site-sidebar-layout":"default","site-content-layout":"","ast-site-content-layout":"","site-content-style":"default","site-sidebar-style":"default","ast-global-header-display":"","ast-banner-title-visibility":"","ast-main-header-display":"","ast-hfb-above-header-display":"","ast-hfb-below-header-display":"","ast-hfb-mobile-header-display":"","site-post-title":"","ast-breadcrumbs-content":"","ast-featured-img":"","footer-sml-layout":"","theme-transparent-header-meta":"","adv-header-id-meta":"","stick-header-meta":"","header-above-stick-meta":"","header-main-stick-meta":"","header-below-stick-meta":"","astra-migrate-meta-layouts":"default","ast-page-background-enabled":"default","ast-page-background-meta":{"desktop":{"background-color":"var(--ast-global-color-4)","background-image":"","background-repeat":"repeat","background-position":"center center","background-size":"auto","background-attachment":"scroll","background-type":"","background-media":"","overlay-type":"","overlay-color":"","overlay-opacity":"","overlay-gradient":""},"tablet":{"background-color":"","background-image":"","background-repeat":"repeat","background-position":"center center","background-size":"auto","background-attachment":"scroll","background-type":"","background-media":"","overlay-type":"","overlay-color":"","overlay-opacity":"","overlay-gradient":""},"mobile":{"background-color":"","background-image":"","background-repeat":"repeat","background-position":"center center","background-size":"auto","background-attachment":"scroll","background-type":"","background-media":"","overlay-type":"","overlay-color":"","overlay-opacity":"","overlay-gradient":""}},"ast-content-background-meta":{"desktop":{"background-color":"var(--ast-global-color-5)","background-image":"","background-repeat":"repeat","background-position":"center center","background-size":"auto","background-attachment":"scroll","background-type":"","background-media":"","overlay-type":"","overlay-color":"","overlay-opacity":"","overlay-gradient":""},"tablet":{"background-color":"var(--ast-global-color-5)","background-image":"","background-repeat":"repeat","background-position":"center center","background-size":"auto","background-attachment":"scroll","background-type":"","background-media":"","overlay-type":"","overlay-color":"","overlay-opacity":"","overlay-gradient":""},"mobile":{"background-color":"var(--ast-global-color-5)","background-image":"","background-repeat":"repeat","background-position":"center center","background-size":"auto","background-attachment":"scroll","background-type":"","background-media":"","overlay-type":"","overlay-color":"","overlay-opacity":"","overlay-gradient":""}}},"product_brand":[],"product_cat":[244,188,1118],"product_tag":[],"class_list":{"0":"post-262538","1":"product","2":"type-product","3":"status-publish","4":"has-post-thumbnail","6":"product_cat-france","7":"product_cat-freelancer","8":"product_cat-paris","9":"desktop-align-left","10":"tablet-align-left","11":"mobile-align-left","13":"first","14":"instock","15":"shipping-taxable","16":"product-type-simple"},"_links":{"self":[{"href":"https:\/\/poccky.com\/index.php\/wp-json\/wp\/v2\/product\/262538","targetHints":{"allow":["GET"]}}],"collection":[{"href":"https:\/\/poccky.com\/index.php\/wp-json\/wp\/v2\/product"}],"about":[{"href":"https:\/\/poccky.com\/index.php\/wp-json\/wp\/v2\/types\/product"}],"replies":[{"embeddable":true,"href":"https:\/\/poccky.com\/index.php\/wp-json\/wp\/v2\/comments?post=262538"}],"wp:featuredmedia":[{"embeddable":true,"href":"https:\/\/poccky.com\/index.php\/wp-json\/wp\/v2\/media\/109135"}],"wp:attachment":[{"href":"https:\/\/poccky.com\/index.php\/wp-json\/wp\/v2\/media?parent=262538"}],"wp:term":[{"taxonomy":"product_brand","embeddable":true,"href":"https:\/\/poccky.com\/index.php\/wp-json\/wp\/v2\/product_brand?post=262538"},{"taxonomy":"product_cat","embeddable":true,"href":"https:\/\/poccky.com\/index.php\/wp-json\/wp\/v2\/product_cat?post=262538"},{"taxonomy":"product_tag","embeddable":true,"href":"https:\/\/poccky.com\/index.php\/wp-json\/wp\/v2\/product_tag?post=262538"}],"curies":[{"name":"wp","href":"https:\/\/api.w.org\/{rel}","templated":true}]}}